{"id":60294,"date":"2024-07-17T18:18:44","date_gmt":"2024-07-17T11:18:44","guid":{"rendered":"https:\/\/mouldking.store\/shop\/mould-king-11013-double-helix-roller-coaster-with-motor-with-2174-pieces\/"},"modified":"2024-07-17T18:18:50","modified_gmt":"2024-07-17T11:18:50","slug":"mould-king-11013-double-helix-roller-coaster-with-motor-with-2174-pieces","status":"publish","type":"product","link":"https:\/\/mouldking.store\/fr\/shop\/mould-king-11013-double-helix-roller-coaster-with-motor-with-2174-pieces\/","title":{"rendered":"MOULD KING 11013 Double Helix Roller Coaster With Motor with 2174 Pieces"},"content":{"rendered":"<div>\u2705MouldKing 11013 Double Helix Roller Coaster With Motor<\/p>\n<p>\u2705 A Double Helix Roller Coaster is a type of roller coaster design characterized by its distinctive double helix structure, which features two intertwined spiral elements.&nbsp;<\/p>\n<p>\ud83d\udeabIMPORTANT !<\/p>\n<p>Product Name: Double Helix Roller Coaster With Motor<\/p>\n<p>Cat\u00e9gorie\u00a0: Cr\u00e9ateur<\/p>\n<p>This Kit Contains: MouldKing 11013&nbsp;<\/p>\n<p>2174 pcs Good Quality Bricks<\/p>\n<p>Size:&nbsp; 58.5 \u00d7 45.6 \u00d7 55.7 cm<\/p>\n<p>Instructions manuelles<\/p>\n<p>\ud83d\udcccNature du protagoniste<\/p>\n<p>Introducing our proud collection named \u201cDouble Helix Roller Coaster With Motor\u201d you should not miss.<\/p>\n<p>&nbsp;Double helix roller coasters are celebrated for their dynamic and thrilling ride experiences, blending speed, height, and intricate track designs to create memorable moments for amusement park visitors seeking adrenaline-pumping adventures.&nbsp;<\/p><\/div>","protected":false},"excerpt":{"rendered":"<p>Marque : MOLD KING<br \/>\nGenre: Unisexe<br \/>\nTranche d&#039;\u00e2ge : &gt; 14 ans<br \/>\nModel Number: 11013<br \/>\nClassement : Assemblage<br \/>\nForme de bloc en plastique\u00a0: briques autobloquantes<br \/>\nMat\u00e9riel: Plastique<br \/>\nType de plastique : ABS<br \/>\nBricks Blocks: 2174 +<br \/>\nPas de boite d&#039;origine<br \/>\nLe produit n&#039;inclut pas l&#039;autocollant et les pi\u00e8ces imprim\u00e9es. Toutes les pi\u00e8ces imprim\u00e9es seront remplac\u00e9es par des pi\u00e8ces standard et ne seront pas livr\u00e9es avec des accessoires tiers.<\/p>","protected":false},"featured_media":60293,"comment_status":"open","ping_status":"closed","template":"","meta":{"_acf_changed":false},"product_cat":[1365,1357,364],"product_tag":[12347,8452,11601,13535,11995,389],"class_list":["product","first","instock","shipping-taxable","purchasable","product-type-simple"],"acf":[],"_links":{"self":[{"href":"https:\/\/mouldking.store\/fr\/wp-json\/wp\/v2\/product\/60294","targetHints":{"allow":["GET"]}}],"collection":[{"href":"https:\/\/mouldking.store\/fr\/wp-json\/wp\/v2\/product"}],"about":[{"href":"https:\/\/mouldking.store\/fr\/wp-json\/wp\/v2\/types\/product"}],"replies":[{"embeddable":true,"href":"https:\/\/mouldking.store\/fr\/wp-json\/wp\/v2\/comments?post=60294"}],"wp:featuredmedia":[{"embeddable":true,"href":"https:\/\/mouldking.store\/fr\/wp-json\/wp\/v2\/media\/60293"}],"wp:attachment":[{"href":"https:\/\/mouldking.store\/fr\/wp-json\/wp\/v2\/media?parent=60294"}],"wp:term":[{"taxonomy":"product_cat","embeddable":true,"href":"https:\/\/mouldking.store\/fr\/wp-json\/wp\/v2\/product_cat?post=60294"},{"taxonomy":"product_tag","embeddable":true,"href":"https:\/\/mouldking.store\/fr\/wp-json\/wp\/v2\/product_tag?post=60294"}],"curies":[{"name":"wp","href":"https:\/\/api.w.org\/{rel}","templated":true}]}}