{"id":60391,"date":"2024-07-30T18:26:36","date_gmt":"2024-07-30T11:26:36","guid":{"rendered":"https:\/\/mouldking.store\/shop\/zhegao-612009-chunyun-cake-shop-with-1131-pieces\/"},"modified":"2024-07-30T18:26:41","modified_gmt":"2024-07-30T11:26:41","slug":"zhegao-612009-chunyun-cake-shop-with-1131-pieces","status":"publish","type":"product","link":"https:\/\/mouldking.store\/fr\/shop\/zhegao-612009-chunyun-cake-shop-with-1131-pieces\/","title":{"rendered":"ZHEGAO 612009 Chunyun Cake Shop with 1131 Pieces"},"content":{"rendered":"<div>\u2705ZHEGAO 612009 Chunyun Cake Shop<\/p>\n<p>\u2705 Chunyun Cake Shop is a charming and cozy bakery known for its delicious and beautifully crafted cakes.&nbsp; The shop has a welcoming atmosphere with soft lighting and comfortable seating, making it a perfect spot to relax and enjoy a sweet treat.&nbsp;<\/p>\n<p>\ud83d\udeabIMPORTANT !<\/p>\n<p>Product Name: Chunyun Cake Shop<\/p>\n<p>Category: Modular Buildings<\/p>\n<p>This Kit Contains: ZHEGAO 612009<\/p>\n<p>1131 pcs Good Quality Bricks<\/p>\n<p>Size: 19.4 \u00d7 18.8 \u00d7 15.8 cm<\/p>\n<p>Instructions manuelles<\/p>\n<p>\ud83d\udcccNature du protagoniste<\/p>\n<p>Introducing our proud collection named \u201c Chunyun Cake Shope\u201d you should not miss.<\/p>\n<p>&nbsp;The playset is vibrantly colored with intricate details to mimic a real cake shop. It includes miniature furniture, appliances, and decorative elements.&nbsp; The set comes with modular pieces that can be assembled to create the shop. This includes walls, counters, display shelves, and a kitchen area.&nbsp;<\/p><\/div>","protected":false},"excerpt":{"rendered":"<p>Marque : ZHEGAO<br \/>\nGenre: Unisexe<br \/>\nTranche d&#039;\u00e2ge : &gt; 6 ans<br \/>\nModel Number: 612009<br \/>\nClassement : Assemblage<br \/>\nForme de bloc en plastique\u00a0: briques autobloquantes<br \/>\nMat\u00e9riel: Plastique<br \/>\nType de plastique : ABS<br \/>\nBricks Blocks: 1131 +<br \/>\nPas de boite d&#039;origine<br \/>\nLe produit n&#039;inclut pas l&#039;autocollant et les pi\u00e8ces imprim\u00e9es. Toutes les pi\u00e8ces imprim\u00e9es seront remplac\u00e9es par des pi\u00e8ces standard et ne seront pas livr\u00e9es avec des accessoires tiers.<\/p>","protected":false},"featured_media":60390,"comment_status":"open","ping_status":"closed","template":"","meta":{"_acf_changed":false},"product_cat":[1365,1395,371,390],"product_tag":[11244,11198,11197,13540,11072,8452,12522,5679,392,1711],"class_list":["product","first","instock","shipping-taxable","purchasable","product-type-simple"],"acf":[],"_links":{"self":[{"href":"https:\/\/mouldking.store\/fr\/wp-json\/wp\/v2\/product\/60391","targetHints":{"allow":["GET"]}}],"collection":[{"href":"https:\/\/mouldking.store\/fr\/wp-json\/wp\/v2\/product"}],"about":[{"href":"https:\/\/mouldking.store\/fr\/wp-json\/wp\/v2\/types\/product"}],"replies":[{"embeddable":true,"href":"https:\/\/mouldking.store\/fr\/wp-json\/wp\/v2\/comments?post=60391"}],"wp:featuredmedia":[{"embeddable":true,"href":"https:\/\/mouldking.store\/fr\/wp-json\/wp\/v2\/media\/60390"}],"wp:attachment":[{"href":"https:\/\/mouldking.store\/fr\/wp-json\/wp\/v2\/media?parent=60391"}],"wp:term":[{"taxonomy":"product_cat","embeddable":true,"href":"https:\/\/mouldking.store\/fr\/wp-json\/wp\/v2\/product_cat?post=60391"},{"taxonomy":"product_tag","embeddable":true,"href":"https:\/\/mouldking.store\/fr\/wp-json\/wp\/v2\/product_tag?post=60391"}],"curies":[{"name":"wp","href":"https:\/\/api.w.org\/{rel}","templated":true}]}}