{"id":60400,"date":"2024-07-30T18:29:18","date_gmt":"2024-07-30T11:29:18","guid":{"rendered":"https:\/\/mouldking.store\/shop\/moc-factory-101613-battletech-flea-battlemech-with-995-pieces\/"},"modified":"2025-12-16T20:59:04","modified_gmt":"2025-12-16T13:59:04","slug":"moc-factory-101613-battletech-flea-battlemech-with-995-pieces","status":"publish","type":"product","link":"https:\/\/mouldking.store\/fr\/shop\/moc-factory-101613-battletech-flea-battlemech-with-995-pieces\/","title":{"rendered":"MOC Factory 101613 BattleTech Flea BattleMech with 995 Pieces"},"content":{"rendered":"<div>\u2705 MOC-101613 BattleTech Flea BattleMech<\/p>\n<p>\u2705 The Flea is a light BattleMech from the BattleTech universe. It&#8217;s known for its speed and agility, designed to be a fast scout and reconnaissance unit.&nbsp;<\/p>\n<p>\ud83d\udeabIMPORTANT !<\/p>\n<p>Product Name: BattleTech Flea BattleMech<\/p>\n<p>Cat\u00e9gorie : Film<\/p>\n<p>This Kit Contains: C10072<\/p>\n<p>&nbsp;995&nbsp; pcs Good Quality Bricks<\/p>\n<p>Size: 14 x 7 x 27 cm<\/p>\n<p>Poids\u00a0: 0,36\u00a0kg<\/p>\n<p>Instructions PDF<\/p>\n<p>\ud83d\udcccNature du protagoniste<\/p>\n<p>Introducing our proud collection named \u201cBattleTech Flea BattleMech\u201d you should not miss.<\/p>\n<p>The Flea is often used to harass enemy units, gather intelligence, or disrupt supply lines. Its small size and speed make it difficult to hit, but it\u2019s not very effective in direct combat.<\/p><\/div>","protected":false},"excerpt":{"rendered":"<p>Marque : MOC Factory<br \/>\nGenre: Unisexe<br \/>\nTranche d&#039;\u00e2ge : &gt; 6 ans<br \/>\nModel Number: 101613<br \/>\nClassement : Assemblage<br \/>\nForme de bloc en plastique\u00a0: briques autobloquantes<br \/>\nMat\u00e9riel: Plastique<br \/>\nType de plastique : ABS<br \/>\nBricks Blocks: 995 +<br \/>\nPas de boite d&#039;origine<br \/>\nLe produit n&#039;inclut pas l&#039;autocollant et les pi\u00e8ces imprim\u00e9es. Toutes les pi\u00e8ces imprim\u00e9es seront remplac\u00e9es par des pi\u00e8ces standard et ne seront pas livr\u00e9es avec des accessoires tiers.<\/p>","protected":false},"featured_media":60399,"comment_status":"open","ping_status":"closed","template":"","meta":{"_acf_changed":false},"product_cat":[1365,371,581,1408],"product_tag":[13322,12488,11072,8452,13542,434,590],"class_list":["product","first","instock","shipping-taxable","purchasable","product-type-simple"],"acf":[],"_links":{"self":[{"href":"https:\/\/mouldking.store\/fr\/wp-json\/wp\/v2\/product\/60400","targetHints":{"allow":["GET"]}}],"collection":[{"href":"https:\/\/mouldking.store\/fr\/wp-json\/wp\/v2\/product"}],"about":[{"href":"https:\/\/mouldking.store\/fr\/wp-json\/wp\/v2\/types\/product"}],"replies":[{"embeddable":true,"href":"https:\/\/mouldking.store\/fr\/wp-json\/wp\/v2\/comments?post=60400"}],"wp:featuredmedia":[{"embeddable":true,"href":"https:\/\/mouldking.store\/fr\/wp-json\/wp\/v2\/media\/60399"}],"wp:attachment":[{"href":"https:\/\/mouldking.store\/fr\/wp-json\/wp\/v2\/media?parent=60400"}],"wp:term":[{"taxonomy":"product_cat","embeddable":true,"href":"https:\/\/mouldking.store\/fr\/wp-json\/wp\/v2\/product_cat?post=60400"},{"taxonomy":"product_tag","embeddable":true,"href":"https:\/\/mouldking.store\/fr\/wp-json\/wp\/v2\/product_tag?post=60400"}],"curies":[{"name":"wp","href":"https:\/\/api.w.org\/{rel}","templated":true}]}}