{"id":60413,"date":"2024-07-30T18:30:06","date_gmt":"2024-07-30T11:30:06","guid":{"rendered":"https:\/\/mouldking.store\/shop\/moc-factory-142273-indiana-jones-mark-vii-tank-the-last-crusade-tank-with-2119-pieces\/"},"modified":"2025-12-16T20:59:04","modified_gmt":"2025-12-16T13:59:04","slug":"moc-factory-142273-indiana-jones-mark-vii-tank-the-last-crusade-tank-with-2119-pieces","status":"publish","type":"product","link":"https:\/\/mouldking.store\/fr\/shop\/moc-factory-142273-indiana-jones-mark-vii-tank-the-last-crusade-tank-with-2119-pieces\/","title":{"rendered":"MOC Factory 142273 Indiana Jones Mark VII Tank The Last Crusade Tank with 2119 Pieces"},"content":{"rendered":"<div>\u2705 MOC-142273 Indiana Jones Mark VII Tank The Last Crusade Tank<\/p>\n<p>\u2705 The Indiana Jones Mark VII Tank, featured in <em>Indiana Jones and the Last Crusade<\/em>, is a German Panzerkampfwagen VI, also known as the Tiger I tank.&nbsp;<\/p>\n<p>\ud83d\udeabIMPORTANT !<\/p>\n<p>Product Name: Indiana Jones Mark VII Tank The Last Crusade Tank<\/p>\n<p>Cat\u00e9gorie : Militaire<\/p>\n<p>This Kit Contains: C10077<\/p>\n<p>2119 pcs Good Quality Bricks<\/p>\n<p>Size: 40 x 24 x 14 cm<\/p>\n<p>Instructions PDF<\/p>\n<p>\ud83d\udcccNature du protagoniste<\/p>\n<p>Introducing our proud collection named \u201cIndiana Jones Mark VII Tank The Last Crusade Tank\u201d you should not miss.<\/p>\n<p>Heavy tank used by the German forces during World War II.&nbsp; Characterized by its distinctive, angular armor and large, powerful gun. The tank is prominently featured in the climactic scenes of the film where Indiana Jones, his father, and the Nazis engage in a thrilling chase. The tank is used by the Nazis to pursue Indiana Jones and his father as they attempt to escape and reach the Holy Grail.<\/p><\/div>","protected":false},"excerpt":{"rendered":"<p>Marque : MOC Factory<br \/>\nGenre: Unisexe<br \/>\nTranche d&#039;\u00e2ge : &gt; 6 ans<br \/>\nModel Number: 142273<br \/>\nClassement : Assemblage<br \/>\nForme de bloc en plastique\u00a0: briques autobloquantes<br \/>\nMat\u00e9riel: Plastique<br \/>\nType de plastique : ABS<br \/>\nBricks Blocks: 2119 +<br \/>\nPas de boite d&#039;origine<br \/>\nLe produit n&#039;inclut pas l&#039;autocollant et les pi\u00e8ces imprim\u00e9es. Toutes les pi\u00e8ces imprim\u00e9es seront remplac\u00e9es par des pi\u00e8ces standard et ne seront pas livr\u00e9es avec des accessoires tiers.<\/p>","protected":false},"featured_media":60412,"comment_status":"open","ping_status":"closed","template":"","meta":{"_acf_changed":false},"product_cat":[1350,1357,372,364],"product_tag":[13546,13545,3492,12571,374,485,389],"class_list":["product","first","instock","shipping-taxable","purchasable","product-type-simple"],"acf":[],"_links":{"self":[{"href":"https:\/\/mouldking.store\/fr\/wp-json\/wp\/v2\/product\/60413","targetHints":{"allow":["GET"]}}],"collection":[{"href":"https:\/\/mouldking.store\/fr\/wp-json\/wp\/v2\/product"}],"about":[{"href":"https:\/\/mouldking.store\/fr\/wp-json\/wp\/v2\/types\/product"}],"replies":[{"embeddable":true,"href":"https:\/\/mouldking.store\/fr\/wp-json\/wp\/v2\/comments?post=60413"}],"wp:featuredmedia":[{"embeddable":true,"href":"https:\/\/mouldking.store\/fr\/wp-json\/wp\/v2\/media\/60412"}],"wp:attachment":[{"href":"https:\/\/mouldking.store\/fr\/wp-json\/wp\/v2\/media?parent=60413"}],"wp:term":[{"taxonomy":"product_cat","embeddable":true,"href":"https:\/\/mouldking.store\/fr\/wp-json\/wp\/v2\/product_cat?post=60413"},{"taxonomy":"product_tag","embeddable":true,"href":"https:\/\/mouldking.store\/fr\/wp-json\/wp\/v2\/product_tag?post=60413"}],"curies":[{"name":"wp","href":"https:\/\/api.w.org\/{rel}","templated":true}]}}