{"id":60438,"date":"2024-07-30T18:34:05","date_gmt":"2024-07-30T11:34:05","guid":{"rendered":"https:\/\/mouldking.store\/shop\/moc-factory-153931-lion-king-church-with-1457-pieces\/"},"modified":"2025-12-16T20:59:02","modified_gmt":"2025-12-16T13:59:02","slug":"moc-factory-153931-lion-king-church-with-1457-pieces","status":"publish","type":"product","link":"https:\/\/mouldking.store\/fr\/shop\/moc-factory-153931-lion-king-church-with-1457-pieces\/","title":{"rendered":"MOC Factory 153931 Lion King Church with 1457 Pieces"},"content":{"rendered":"<div>\u2705 MOC-153931 Lion King Church<\/p>\n<p>\u2705 A church or space designed or decorated in a way that reflects themes or aesthetics from Disney\u2019s <em>The Lion King<\/em>. This might include African-inspired decor, references to the film&#8217;s story, or thematic elements from the musical.<\/p>\n<p>\ud83d\udeabIMPORTANT !<\/p>\n<p>Product Name: Lion King Church<\/p>\n<p>Cat\u00e9gorie : Construction Modulaire<\/p>\n<p>This Kit Contains: C10089<\/p>\n<p>1457 pcs Good Quality Bricks<\/p>\n<p>Size: 16 x 17 x 30 cm<\/p>\n<p>Weight: 0.9 kg<\/p>\n<p>Instructions PDF<\/p>\n<p>\ud83d\udcccNature du protagoniste<\/p>\n<p>Introducing our proud collection named \u201cLion King Church\u201d you should not miss.<\/p>\n<p>The term might be used metaphorically to describe a church or religious community that embraces themes of leadership, strength, or royalty, akin to the qualities of the lion in <em>The Lion King<\/em>.&nbsp;<\/div>","protected":false},"excerpt":{"rendered":"<p>Marque : MOC Factory<br \/>\nGenre: Unisexe<br \/>\nTranche d&#039;\u00e2ge : &gt; 6 ans<br \/>\nModel Number: 153931<br \/>\nClassement : Assemblage<br \/>\nForme de bloc en plastique\u00a0: briques autobloquantes<br \/>\nMat\u00e9riel: Plastique<br \/>\nType de plastique : ABS<br \/>\nBricks Blocks: 1457 +<br \/>\nPas de boite d&#039;origine<br \/>\nLe produit n&#039;inclut pas l&#039;autocollant et les pi\u00e8ces imprim\u00e9es. Toutes les pi\u00e8ces imprim\u00e9es seront remplac\u00e9es par des pi\u00e8ces standard et ne seront pas livr\u00e9es avec des accessoires tiers.<\/p>","protected":false},"featured_media":60437,"comment_status":"open","ping_status":"closed","template":"","meta":{"_acf_changed":false},"product_cat":[1365,1395,390,581,1408],"product_tag":[727,4977,8452,11099,5679,392,434,13548],"class_list":["product","first","instock","shipping-taxable","purchasable","product-type-simple"],"acf":[],"_links":{"self":[{"href":"https:\/\/mouldking.store\/fr\/wp-json\/wp\/v2\/product\/60438","targetHints":{"allow":["GET"]}}],"collection":[{"href":"https:\/\/mouldking.store\/fr\/wp-json\/wp\/v2\/product"}],"about":[{"href":"https:\/\/mouldking.store\/fr\/wp-json\/wp\/v2\/types\/product"}],"replies":[{"embeddable":true,"href":"https:\/\/mouldking.store\/fr\/wp-json\/wp\/v2\/comments?post=60438"}],"wp:featuredmedia":[{"embeddable":true,"href":"https:\/\/mouldking.store\/fr\/wp-json\/wp\/v2\/media\/60437"}],"wp:attachment":[{"href":"https:\/\/mouldking.store\/fr\/wp-json\/wp\/v2\/media?parent=60438"}],"wp:term":[{"taxonomy":"product_cat","embeddable":true,"href":"https:\/\/mouldking.store\/fr\/wp-json\/wp\/v2\/product_cat?post=60438"},{"taxonomy":"product_tag","embeddable":true,"href":"https:\/\/mouldking.store\/fr\/wp-json\/wp\/v2\/product_tag?post=60438"}],"curies":[{"name":"wp","href":"https:\/\/api.w.org\/{rel}","templated":true}]}}