{"id":60441,"date":"2024-07-30T18:34:07","date_gmt":"2024-07-30T11:34:07","guid":{"rendered":"https:\/\/mouldking.store\/shop\/moc-factory-89113-one-piece-kaido-with-1840-pieces\/"},"modified":"2025-12-16T20:59:02","modified_gmt":"2025-12-16T13:59:02","slug":"moc-factory-89113-one-piece-kaido-with-1840-pieces","status":"publish","type":"product","link":"https:\/\/mouldking.store\/fr\/shop\/moc-factory-89113-one-piece-kaido-with-1840-pieces\/","title":{"rendered":"MOC Factory 89113 One Piece Kaido with 1840 Pieces"},"content":{"rendered":"<div>\u2705 MOC-89113 One Piece Kaido<\/p>\n<p>\u2705 Kaido is one of the main antagonists in the manga and anime series <em>Une pi\u00e8ce<\/em>, created by Eiichiro Oda.&nbsp; aido is a large, muscular man with a distinctive, fearsome appearance. He has long, wild hair, a beard, and wears traditional Japanese clothing, often with a long, tattered cape.&nbsp; When in his dragon form, Kaido becomes an enormous, serpentine dragon with a fearsome, blue-scaled body and the ability to control lightning and fire.<\/p>\n<p>\ud83d\udeabIMPORTANT !<\/p>\n<p>Product Name: One Piece Kaido<\/p>\n<p>Cat\u00e9gorie : Film<\/p>\n<p>This Kit Contains: C10151Y01-CB<\/p>\n<p>1840&nbsp; pcs Good Quality Bricks<\/p>\n<p>Size: 43.6 x 34.1 x 47.5 cm<\/p>\n<p>Weight: 1.77 kg<\/p>\n<p>Instructions PDF<\/p>\n<p>\ud83d\udcccNature du protagoniste<\/p>\n<p>Introducing our proud collection named \u201cOne Piece Kaido\u201d you should not miss.<\/p>\n<p>Known as one of the most powerful characters in the <em>Une pi\u00e8ce<\/em> world, Kaido is notorious for his immense physical strength, durability, and regenerative abilities. He is virtually impervious to most forms of damage and is known for his resilience.&nbsp; Kaido aims to create the ultimate army and engage in a world war to overturn the current world order. He dreams of a chaotic world where he can establish his dominance. &nbsp; He is often depicted as ruthless and unpredictable, with a penchant for causing destruction and chaos. Despite his fearsome nature, Kaido has a certain flamboyance and a love for drinking.&nbsp;<\/div>","protected":false},"excerpt":{"rendered":"<p>Marque : MOC Factory<br \/>\nGenre: Unisexe<br \/>\nTranche d&#039;\u00e2ge : &gt; 6 ans<br \/>\nNum\u00e9ro de mod\u00e8le: 89113<br \/>\nClassement : Assemblage<br \/>\nForme de bloc en plastique\u00a0: briques autobloquantes<br \/>\nMat\u00e9riel: Plastique<br \/>\nType de plastique : ABS<br \/>\nBricks Blocks: 1840 +<br \/>\nPas de boite d&#039;origine<br \/>\nLe produit n&#039;inclut pas l&#039;autocollant et les pi\u00e8ces imprim\u00e9es. Toutes les pi\u00e8ces imprim\u00e9es seront remplac\u00e9es par des pi\u00e8ces standard et ne seront pas livr\u00e9es avec des accessoires tiers.<\/p>","protected":false},"featured_media":60440,"comment_status":"open","ping_status":"closed","template":"","meta":{"_acf_changed":false},"product_cat":[1365,371,581,1408,1819],"product_tag":[13508,11110,11072,8452,13549,434,1824],"class_list":["product","first","instock","shipping-taxable","purchasable","product-type-simple"],"acf":[],"_links":{"self":[{"href":"https:\/\/mouldking.store\/fr\/wp-json\/wp\/v2\/product\/60441","targetHints":{"allow":["GET"]}}],"collection":[{"href":"https:\/\/mouldking.store\/fr\/wp-json\/wp\/v2\/product"}],"about":[{"href":"https:\/\/mouldking.store\/fr\/wp-json\/wp\/v2\/types\/product"}],"replies":[{"embeddable":true,"href":"https:\/\/mouldking.store\/fr\/wp-json\/wp\/v2\/comments?post=60441"}],"wp:featuredmedia":[{"embeddable":true,"href":"https:\/\/mouldking.store\/fr\/wp-json\/wp\/v2\/media\/60440"}],"wp:attachment":[{"href":"https:\/\/mouldking.store\/fr\/wp-json\/wp\/v2\/media?parent=60441"}],"wp:term":[{"taxonomy":"product_cat","embeddable":true,"href":"https:\/\/mouldking.store\/fr\/wp-json\/wp\/v2\/product_cat?post=60441"},{"taxonomy":"product_tag","embeddable":true,"href":"https:\/\/mouldking.store\/fr\/wp-json\/wp\/v2\/product_tag?post=60441"}],"curies":[{"name":"wp","href":"https:\/\/api.w.org\/{rel}","templated":true}]}}