{"id":60454,"date":"2024-07-30T18:34:56","date_gmt":"2024-07-30T11:34:56","guid":{"rendered":"https:\/\/mouldking.store\/shop\/moc-factory-89111-lord-of-the-rings-sauron-with-879-pieces\/"},"modified":"2025-12-16T20:59:02","modified_gmt":"2025-12-16T13:59:02","slug":"moc-factory-89111-lord-of-the-rings-sauron-with-879-pieces","status":"publish","type":"product","link":"https:\/\/mouldking.store\/fr\/shop\/moc-factory-89111-lord-of-the-rings-sauron-with-879-pieces\/","title":{"rendered":"MOC Factory 89111 Lord of the Rings Sauron with 879 Pieces"},"content":{"rendered":"<div>\u2705 MOC-89111 Lord of the Rings Sauron<\/p>\n<p>\u2705 Sauron is the primary antagonist in J.R.R. Tolkien&#8217;s <em>Le Seigneur des Anneaux<\/em> and also features prominently in <em>The Silmarillion<\/em> and other Middle-earth works.&nbsp; Sauron\u2019s physical form is not consistently described, as he often appears in different guises. His most recognizable form in the Third Age is that of a dark and imposing figure, sometimes described as a shadowy presence or a fiery eye. &nbsp; In <em>Le Seigneur des Anneaux<\/em>, Sauron is symbolized by the Eye of Sauron, a fiery, all-seeing eye atop the Dark Tower of Barad-d\u00fbr. This eye is a manifestation of his malevolent power and desire to control all.&nbsp;<\/p>\n<p>\ud83d\udeabIMPORTANT !<\/p>\n<p>Product Name: Lord of the Rings Sauron<\/p>\n<p>Cat\u00e9gorie : Film<\/p>\n<p>This Kit Contains: C10151Y03-CB<\/p>\n<p>879 pcs Good Quality Bricks<\/p>\n<p>Size: 20.5 x 14 x 43 cm<\/p>\n<p>Instructions PDF<\/p>\n<p>\ud83d\udcccNature du protagoniste<\/p>\n<p>Introducing our proud collection named \u201cLord of the Rings Sauron\u201d you should not miss.<\/p>\n<p>Sauron\u2019s defeat comes when the One Ring is destroyed in the fires of Mount Doom by Frodo Baggins and Samwise Gamgee, rendering Sauron powerless and causing the collapse of his dark empire. &nbsp; Sauron\u2019s character embodies the theme of absolute power and corruption, making him one of the most memorable villains in fantasy literature. His influence pervades much of the history and events of Middle-earth.&nbsp;<\/p><\/div>","protected":false},"excerpt":{"rendered":"<p>Marque : MOC Factory<br \/>\nGenre: Unisexe<br \/>\nTranche d&#039;\u00e2ge : &gt; 6 ans<br \/>\nModel Number: 89111<br \/>\nClassement : Assemblage<br \/>\nForme de bloc en plastique\u00a0: briques autobloquantes<br \/>\nMat\u00e9riel: Plastique<br \/>\nType de plastique : ABS<br \/>\nBricks Blocks: 879 +<br \/>\nPas de boite d&#039;origine<br \/>\nLe produit n&#039;inclut pas l&#039;autocollant et les pi\u00e8ces imprim\u00e9es. Toutes les pi\u00e8ces imprim\u00e9es seront remplac\u00e9es par des pi\u00e8ces standard et ne seront pas livr\u00e9es avec des accessoires tiers.<\/p>","protected":false},"featured_media":60453,"comment_status":"open","ping_status":"closed","template":"","meta":{"_acf_changed":false},"product_cat":[1365,371,581,1408],"product_tag":[11072,8452,13327,434,3519,13194,6169],"class_list":["product","first","instock","shipping-taxable","purchasable","product-type-simple"],"acf":[],"_links":{"self":[{"href":"https:\/\/mouldking.store\/fr\/wp-json\/wp\/v2\/product\/60454","targetHints":{"allow":["GET"]}}],"collection":[{"href":"https:\/\/mouldking.store\/fr\/wp-json\/wp\/v2\/product"}],"about":[{"href":"https:\/\/mouldking.store\/fr\/wp-json\/wp\/v2\/types\/product"}],"replies":[{"embeddable":true,"href":"https:\/\/mouldking.store\/fr\/wp-json\/wp\/v2\/comments?post=60454"}],"wp:featuredmedia":[{"embeddable":true,"href":"https:\/\/mouldking.store\/fr\/wp-json\/wp\/v2\/media\/60453"}],"wp:attachment":[{"href":"https:\/\/mouldking.store\/fr\/wp-json\/wp\/v2\/media?parent=60454"}],"wp:term":[{"taxonomy":"product_cat","embeddable":true,"href":"https:\/\/mouldking.store\/fr\/wp-json\/wp\/v2\/product_cat?post=60454"},{"taxonomy":"product_tag","embeddable":true,"href":"https:\/\/mouldking.store\/fr\/wp-json\/wp\/v2\/product_tag?post=60454"}],"curies":[{"name":"wp","href":"https:\/\/api.w.org\/{rel}","templated":true}]}}