{"id":60597,"date":"2024-08-22T18:34:22","date_gmt":"2024-08-22T11:34:22","guid":{"rendered":"https:\/\/mouldking.store\/shop\/moc-factory-89105-the-legend-of-zelda-tears-of-the-kingdom-red-bokoblin-with-419-pieces\/"},"modified":"2025-12-16T20:59:02","modified_gmt":"2025-12-16T13:59:02","slug":"moc-factory-89105-the-legend-of-zelda-tears-of-the-kingdom-red-bokoblin-with-419-pieces","status":"publish","type":"product","link":"https:\/\/mouldking.store\/fr\/shop\/moc-factory-89105-the-legend-of-zelda-tears-of-the-kingdom-red-bokoblin-with-419-pieces\/","title":{"rendered":"MOC Factory 89105 The Legend of Zelda Tears of the Kingdom Red Bokoblin with 419 Pieces"},"content":{"rendered":"<div>\u2705 MOC-89105 The Legend of Zelda Tears of the Kingdom Red Bokoblin<\/p>\n<p>\u2705 In <em>The Legend of Zelda: Tears of the Kingdom<\/em>, Red Bokoblins are a type of enemy encountered in the game. They are typically one of the more common types of Bokoblins you&#8217;ll face, known for their relatively low health and basic attack patterns compared to their more powerful variants.&nbsp;<\/p>\n<p>\ud83d\udeabIMPORTANT !<\/p>\n<p>Product Name: The Legend of Zelda Tears of the Kingdom Red Bokoblin<\/p>\n<p>Cat\u00e9gorie : Film<\/p>\n<p>This Kit Contains: C9950<\/p>\n<p>419 briques de bonne qualit\u00e9.<\/p>\n<p>Size: 30.8 x 13.7 x 27.1 cm<\/p>\n<p>Instructions PDF<\/p>\n<p>\ud83d\udcccNature du protagoniste<\/p>\n<p>Introducing our proud collection named \u201cThe Legend of Zelda Tears of the Kingdom Red Bokoblin\u201d you should not miss.<\/p>\n<p>Red Bokoblins usually wield simple weapons like clubs or basic swords and are often found in groups. Despite their lower difficulty, they can still pose a challenge, especially if you&#8217;re not prepared. They often appear in early-game areas, providing players with an opportunity to practice combat mechanics and resource management.&nbsp;<\/p><\/div>","protected":false},"excerpt":{"rendered":"<p>Marque : MOC Factory<br \/>\nGenre: Unisexe<br \/>\nTranche d&#039;\u00e2ge : &gt; 6 ans<br \/>\nModel Number: 89105<br \/>\nClassement : Assemblage<br \/>\nForme de bloc en plastique\u00a0: briques autobloquantes<br \/>\nMat\u00e9riel: Plastique<br \/>\nType de plastique : ABS<br \/>\nBlocs de briques : 419 +<br \/>\nPas de boite d&#039;origine<br \/>\nLe produit n&#039;inclut pas l&#039;autocollant et les pi\u00e8ces imprim\u00e9es. Toutes les pi\u00e8ces imprim\u00e9es seront remplac\u00e9es par des pi\u00e8ces standard et ne seront pas livr\u00e9es avec des accessoires tiers.<\/p>","protected":false},"featured_media":60596,"comment_status":"open","ping_status":"closed","template":"","meta":{"_acf_changed":false},"product_cat":[1365,371,581,1408],"product_tag":[11072,8452,11216,11082,11083,434,12204,5773],"class_list":["product","first","instock","shipping-taxable","purchasable","product-type-simple"],"acf":[],"_links":{"self":[{"href":"https:\/\/mouldking.store\/fr\/wp-json\/wp\/v2\/product\/60597","targetHints":{"allow":["GET"]}}],"collection":[{"href":"https:\/\/mouldking.store\/fr\/wp-json\/wp\/v2\/product"}],"about":[{"href":"https:\/\/mouldking.store\/fr\/wp-json\/wp\/v2\/types\/product"}],"replies":[{"embeddable":true,"href":"https:\/\/mouldking.store\/fr\/wp-json\/wp\/v2\/comments?post=60597"}],"wp:featuredmedia":[{"embeddable":true,"href":"https:\/\/mouldking.store\/fr\/wp-json\/wp\/v2\/media\/60596"}],"wp:attachment":[{"href":"https:\/\/mouldking.store\/fr\/wp-json\/wp\/v2\/media?parent=60597"}],"wp:term":[{"taxonomy":"product_cat","embeddable":true,"href":"https:\/\/mouldking.store\/fr\/wp-json\/wp\/v2\/product_cat?post=60597"},{"taxonomy":"product_tag","embeddable":true,"href":"https:\/\/mouldking.store\/fr\/wp-json\/wp\/v2\/product_tag?post=60597"}],"curies":[{"name":"wp","href":"https:\/\/api.w.org\/{rel}","templated":true}]}}