{"id":60689,"date":"2024-08-22T18:45:27","date_gmt":"2024-08-22T11:45:27","guid":{"rendered":"https:\/\/mouldking.store\/shop\/mould-king-15084-bulldozer-with-motor-with-1508-pieces\/"},"modified":"2024-08-22T18:45:34","modified_gmt":"2024-08-22T11:45:34","slug":"mould-king-15084-bulldozer-with-motor-with-1508-pieces","status":"publish","type":"product","link":"https:\/\/mouldking.store\/fr\/shop\/mould-king-15084-bulldozer-with-motor-with-1508-pieces\/","title":{"rendered":"MOULD KING 15084 Bulldozer avec moteur avec 1508 pi\u00e8ces"},"content":{"rendered":"<div>\u2705MouldKing 15084 Bulldozer With Motor<\/p>\n<p>\u2705 A bulldozer is a heavy construction machine commonly used for earthmoving tasks. It&#8217;s equipped with a large, heavy blade at the front, which can be used to push, scrape, and move large amounts of material like soil, rubble, or sand. Bulldozers are essential in construction, mining, and demolition work due to their power and versatility.&nbsp;<\/p>\n<p>\ud83d\udeabIMPORTANT !<\/p>\n<p>Product Name: Bulldozer With Motor<\/p>\n<p>Cat\u00e9gorie : Technique<\/p>\n<p>This Kit Contains: MouldKing 15084<\/p>\n<p>1508 pcs Good Quality Bricks<\/p>\n<p>Size: 45.6 \u00d7 19.3 cm<\/p>\n<p>Instructions manuelles<\/p>\n<p>\ud83d\udcccNature du protagoniste<\/p>\n<p>Introducing our proud collection named \u201cBulldozer With Motor\u201d you should not miss.<\/p>\n<p>&nbsp;They come in various sizes and configurations, with tracked versions being most common for their stability and traction on rough terrain. Some bulldozers also have additional attachments, such as ripper blades for breaking up hard ground or leveling blades for fine grading.&nbsp;<\/p><\/div>","protected":false},"excerpt":{"rendered":"<p>Marque : MOLD KING<br \/>\nGenre: Unisexe<br \/>\nTranche d&#039;\u00e2ge : &gt; 14 ans<br \/>\nModel Number: 15084<br \/>\nClassement : Assemblage<br \/>\nForme de bloc en plastique\u00a0: briques autobloquantes<br \/>\nMat\u00e9riel: Plastique<br \/>\nType de plastique : ABS<br \/>\nBricks Blocks: 1508 +<br \/>\nPas de boite d&#039;origine<br \/>\nLe produit n&#039;inclut pas l&#039;autocollant et les pi\u00e8ces imprim\u00e9es. Toutes les pi\u00e8ces imprim\u00e9es seront remplac\u00e9es par des pi\u00e8ces standard et ne seront pas livr\u00e9es avec des accessoires tiers.<\/p>","protected":false},"featured_media":60688,"comment_status":"open","ping_status":"closed","template":"","meta":{"_acf_changed":false},"product_cat":[1357,371,372,390,581,6016,415,364],"product_tag":[2211,366,389,11080],"class_list":["product","first","instock","shipping-taxable","purchasable","product-type-simple"],"acf":[],"_links":{"self":[{"href":"https:\/\/mouldking.store\/fr\/wp-json\/wp\/v2\/product\/60689","targetHints":{"allow":["GET"]}}],"collection":[{"href":"https:\/\/mouldking.store\/fr\/wp-json\/wp\/v2\/product"}],"about":[{"href":"https:\/\/mouldking.store\/fr\/wp-json\/wp\/v2\/types\/product"}],"replies":[{"embeddable":true,"href":"https:\/\/mouldking.store\/fr\/wp-json\/wp\/v2\/comments?post=60689"}],"wp:featuredmedia":[{"embeddable":true,"href":"https:\/\/mouldking.store\/fr\/wp-json\/wp\/v2\/media\/60688"}],"wp:attachment":[{"href":"https:\/\/mouldking.store\/fr\/wp-json\/wp\/v2\/media?parent=60689"}],"wp:term":[{"taxonomy":"product_cat","embeddable":true,"href":"https:\/\/mouldking.store\/fr\/wp-json\/wp\/v2\/product_cat?post=60689"},{"taxonomy":"product_tag","embeddable":true,"href":"https:\/\/mouldking.store\/fr\/wp-json\/wp\/v2\/product_tag?post=60689"}],"curies":[{"name":"wp","href":"https:\/\/api.w.org\/{rel}","templated":true}]}}