{"id":60705,"date":"2024-08-22T18:45:56","date_gmt":"2024-08-22T11:45:56","guid":{"rendered":"https:\/\/mouldking.store\/shop\/mould-king-16057-dome-botanical-garden-with-3383-pieces\/"},"modified":"2024-08-22T18:46:03","modified_gmt":"2024-08-22T11:46:03","slug":"mould-king-16057-dome-botanical-garden-with-3383-pieces","status":"publish","type":"product","link":"https:\/\/mouldking.store\/fr\/shop\/mould-king-16057-dome-botanical-garden-with-3383-pieces\/","title":{"rendered":"MOULD KING 16057 Dome Botanical Garden with 3383 Pieces"},"content":{"rendered":"<div>\u2705MouldKing 16057 Dome Botanical Garden<\/p>\n<p>\u2705 A Dome Botanical Garden is a type of greenhouse or garden space designed with a dome-shaped structure. These gardens often aim to replicate various climates and ecosystems, allowing for the cultivation of a diverse range of plants year-round.&nbsp;<\/p>\n<p>\ud83d\udeabIMPORTANT !<\/p>\n<p>Product Name: Dome Botanical Garden<\/p>\n<p>Cat\u00e9gorie : Construction Modulaire<\/p>\n<p>This Kit Contains: MouldKing 16057<\/p>\n<p>3383 pcs Good Quality Bricks<\/p>\n<p>Size: 24.3 \u00d7 25.5 \u00d7 38.5 cm<\/p>\n<p>Instructions manuelles<\/p>\n<p>\ud83d\udcccNature du protagoniste<\/p>\n<p>Introducing our proud collection named \u201cDome Botanical Garden\u201d you should not miss.<\/p>\n<p>&nbsp;The dome&#8217;s design helps maintain a stable environment for plants, controlling temperature, humidity, and light.&nbsp; These gardens can showcase different biomes, such as tropical rainforests, arid deserts, and temperate woodlands. &nbsp; Many dome botanical gardens focus on plant conservation, research, and education, offering visitors insights into botany and ecology.&nbsp;<\/p><\/div>","protected":false},"excerpt":{"rendered":"<p>Marque : MOLD KING<br \/>\nGenre: Unisexe<br \/>\nTranche d&#039;\u00e2ge : &gt; 14 ans<br \/>\nModel Number: 16057<br \/>\nClassement : Assemblage<br \/>\nForme de bloc en plastique\u00a0: briques autobloquantes<br \/>\nMat\u00e9riel: Plastique<br \/>\nType de plastique : ABS<br \/>\nBricks Blocks: 3383 +<br \/>\nPas de boite d&#039;origine<br \/>\nLe produit n&#039;inclut pas l&#039;autocollant et les pi\u00e8ces imprim\u00e9es. Toutes les pi\u00e8ces imprim\u00e9es seront remplac\u00e9es par des pi\u00e8ces standard et ne seront pas livr\u00e9es avec des accessoires tiers.<\/p>","protected":false},"featured_media":60704,"comment_status":"open","ping_status":"closed","template":"","meta":{"_acf_changed":false},"product_cat":[1395,1502,371,372,390,581,6016,415,364],"product_tag":[7571,785,11244,4883,12128,7572,5679,392,366],"class_list":["product","first","instock","shipping-taxable","purchasable","product-type-simple"],"acf":[],"_links":{"self":[{"href":"https:\/\/mouldking.store\/fr\/wp-json\/wp\/v2\/product\/60705","targetHints":{"allow":["GET"]}}],"collection":[{"href":"https:\/\/mouldking.store\/fr\/wp-json\/wp\/v2\/product"}],"about":[{"href":"https:\/\/mouldking.store\/fr\/wp-json\/wp\/v2\/types\/product"}],"replies":[{"embeddable":true,"href":"https:\/\/mouldking.store\/fr\/wp-json\/wp\/v2\/comments?post=60705"}],"wp:featuredmedia":[{"embeddable":true,"href":"https:\/\/mouldking.store\/fr\/wp-json\/wp\/v2\/media\/60704"}],"wp:attachment":[{"href":"https:\/\/mouldking.store\/fr\/wp-json\/wp\/v2\/media?parent=60705"}],"wp:term":[{"taxonomy":"product_cat","embeddable":true,"href":"https:\/\/mouldking.store\/fr\/wp-json\/wp\/v2\/product_cat?post=60705"},{"taxonomy":"product_tag","embeddable":true,"href":"https:\/\/mouldking.store\/fr\/wp-json\/wp\/v2\/product_tag?post=60705"}],"curies":[{"name":"wp","href":"https:\/\/api.w.org\/{rel}","templated":true}]}}