{"id":60713,"date":"2024-08-22T18:46:43","date_gmt":"2024-08-22T11:46:43","guid":{"rendered":"https:\/\/mouldking.store\/shop\/mould-king-13197-the-flying-dutchman-with-4364-pieces\/"},"modified":"2024-08-22T18:46:49","modified_gmt":"2024-08-22T11:46:49","slug":"mould-king-13197-the-flying-dutchman-with-4364-pieces","status":"publish","type":"product","link":"https:\/\/mouldking.store\/fr\/shop\/mould-king-13197-the-flying-dutchman-with-4364-pieces\/","title":{"rendered":"MOULD KING 13197 The Flying Dutchman with 4364 Pieces"},"content":{"rendered":"<div>\u2705MouldKing 13197 The Flying Dutchman<\/p>\n<p>\u2705 The Flying Dutchman is a legendary ghost ship that has become a famous part of maritime folklore. According to the legend, the ship is cursed to sail the oceans forever, never able to make port.&nbsp;<\/p>\n<p>\ud83d\udeabIMPORTANT !<\/p>\n<p>Product Name: The Flying Dutchman<\/p>\n<p>Cat\u00e9gorie : Film<\/p>\n<p>This Kit Contains: MouldKing 13197<\/p>\n<p>4364 pcs Good Quality Bricks<\/p>\n<p>Size: 31 \u00d7 58.6 \u00d7 84 cm<\/p>\n<p>Instructions manuelles<\/p>\n<p>\ud83d\udcccNature du protagoniste<\/p>\n<p>Introducing our proud collection named \u201cThe Flying Dutchman\u201d you should not miss.<\/p>\n<p>&nbsp;The tale of the Flying Dutchman has inspired numerous adaptations in literature, film, and other media, including its appearance in the &#8220;Pirates of the Caribbean&#8221; film series.&nbsp;<\/p><\/div>","protected":false},"excerpt":{"rendered":"<p>Marque : MOLD KING<br \/>\nGenre: Unisexe<br \/>\nTranche d&#039;\u00e2ge : &gt; 14 ans<br \/>\nModel Number: 13197<br \/>\nClassement : Assemblage<br \/>\nForme de bloc en plastique\u00a0: briques autobloquantes<br \/>\nMat\u00e9riel: Plastique<br \/>\nType de plastique : ABS<br \/>\nBricks Blocks: 4364 +<br \/>\nPas de boite d&#039;origine<br \/>\nLe produit n&#039;inclut pas l&#039;autocollant et les pi\u00e8ces imprim\u00e9es. Toutes les pi\u00e8ces imprim\u00e9es seront remplac\u00e9es par des pi\u00e8ces standard et ne seront pas livr\u00e9es avec des accessoires tiers.<\/p>","protected":false},"featured_media":60712,"comment_status":"open","ping_status":"closed","template":"","meta":{"_acf_changed":false},"product_cat":[1365,581,1408],"product_tag":[8452,12303,12302,12725,13571,12732,434,8704],"class_list":["product","first","instock","shipping-taxable","purchasable","product-type-simple"],"acf":[],"_links":{"self":[{"href":"https:\/\/mouldking.store\/fr\/wp-json\/wp\/v2\/product\/60713","targetHints":{"allow":["GET"]}}],"collection":[{"href":"https:\/\/mouldking.store\/fr\/wp-json\/wp\/v2\/product"}],"about":[{"href":"https:\/\/mouldking.store\/fr\/wp-json\/wp\/v2\/types\/product"}],"replies":[{"embeddable":true,"href":"https:\/\/mouldking.store\/fr\/wp-json\/wp\/v2\/comments?post=60713"}],"wp:featuredmedia":[{"embeddable":true,"href":"https:\/\/mouldking.store\/fr\/wp-json\/wp\/v2\/media\/60712"}],"wp:attachment":[{"href":"https:\/\/mouldking.store\/fr\/wp-json\/wp\/v2\/media?parent=60713"}],"wp:term":[{"taxonomy":"product_cat","embeddable":true,"href":"https:\/\/mouldking.store\/fr\/wp-json\/wp\/v2\/product_cat?post=60713"},{"taxonomy":"product_tag","embeddable":true,"href":"https:\/\/mouldking.store\/fr\/wp-json\/wp\/v2\/product_tag?post=60713"}],"curies":[{"name":"wp","href":"https:\/\/api.w.org\/{rel}","templated":true}]}}