{"id":60729,"date":"2024-08-22T18:47:07","date_gmt":"2024-08-22T11:47:07","guid":{"rendered":"https:\/\/mouldking.store\/shop\/mould-king-13190-lykan-hypersport-with-motor-with-4070-pieces\/"},"modified":"2024-08-22T18:47:13","modified_gmt":"2024-08-22T11:47:13","slug":"mould-king-13190-lykan-hypersport-with-motor-with-4070-pieces","status":"publish","type":"product","link":"https:\/\/mouldking.store\/fr\/shop\/mould-king-13190-lykan-hypersport-with-motor-with-4070-pieces\/","title":{"rendered":"MOULD KING 13190 Lykan Hypersport With Motor with 4070 Pieces"},"content":{"rendered":"<div>\u2705MouldKing 13190 Lykan Hypersport With Motor<\/p>\n<p>\u2705 The Lykan Hypersport is an exclusive hypercar manufactured by W Motors, a Lebanese automotive company. It gained international fame for its luxurious features and striking design.&nbsp;<\/p>\n<p>\ud83d\udeabIMPORTANT !<\/p>\n<p>Product Name: Lykan Hypersport With Motor<\/p>\n<p>Cat\u00e9gorie : Technique<\/p>\n<p>This Kit Contains: MouldKing 13190<\/p>\n<p>4070 pcs Good Quality Bricks<\/p>\n<p>Size: 52.3 \u00d7 24.4 \u00d7 13.5 cm<\/p>\n<p>Instructions manuelles<\/p>\n<p>\ud83d\udcccNature du protagoniste<\/p>\n<p>Introducing our proud collection named \u201cLykan Hypersport With Motor\u201d you should not miss.<\/p>\n<p>&nbsp;It is equipped with a 3.8-liter twin-turbocharged flat-six engine, producing around 780 horsepower. This allows it to accelerate from 0 to 60 mph in approximately 2.8 seconds, with a top speed of around 245 mph (394 km\/h).&nbsp; It gained additional fame from its appearance in the &#8220;Fast &amp; Furious 7&#8221; movie, where it was showcased in an action sequence.&nbsp;<\/p><\/div>","protected":false},"excerpt":{"rendered":"<p>Marque : MOLD KING<br \/>\nGenre: Unisexe<br \/>\nTranche d&#039;\u00e2ge : &gt; 14 ans<br \/>\nModel Number: 13190<br \/>\nClassement : Assemblage<br \/>\nForme de bloc en plastique\u00a0: briques autobloquantes<br \/>\nMat\u00e9riel: Plastique<br \/>\nType de plastique : ABS<br \/>\nBricks Blocks: 4070 +<br \/>\nPas de boite d&#039;origine<br \/>\nLe produit n&#039;inclut pas l&#039;autocollant et les pi\u00e8ces imprim\u00e9es. Toutes les pi\u00e8ces imprim\u00e9es seront remplac\u00e9es par des pi\u00e8ces standard et ne seront pas livr\u00e9es avec des accessoires tiers.<\/p>","protected":false},"featured_media":60728,"comment_status":"open","ping_status":"closed","template":"","meta":{"_acf_changed":false},"product_cat":[1360,1357,364,1875],"product_tag":[457,13572,13565,13566,389,11080],"class_list":["product","first","instock","shipping-taxable","purchasable","product-type-simple"],"acf":[],"_links":{"self":[{"href":"https:\/\/mouldking.store\/fr\/wp-json\/wp\/v2\/product\/60729","targetHints":{"allow":["GET"]}}],"collection":[{"href":"https:\/\/mouldking.store\/fr\/wp-json\/wp\/v2\/product"}],"about":[{"href":"https:\/\/mouldking.store\/fr\/wp-json\/wp\/v2\/types\/product"}],"replies":[{"embeddable":true,"href":"https:\/\/mouldking.store\/fr\/wp-json\/wp\/v2\/comments?post=60729"}],"wp:featuredmedia":[{"embeddable":true,"href":"https:\/\/mouldking.store\/fr\/wp-json\/wp\/v2\/media\/60728"}],"wp:attachment":[{"href":"https:\/\/mouldking.store\/fr\/wp-json\/wp\/v2\/media?parent=60729"}],"wp:term":[{"taxonomy":"product_cat","embeddable":true,"href":"https:\/\/mouldking.store\/fr\/wp-json\/wp\/v2\/product_cat?post=60729"},{"taxonomy":"product_tag","embeddable":true,"href":"https:\/\/mouldking.store\/fr\/wp-json\/wp\/v2\/product_tag?post=60729"}],"curies":[{"name":"wp","href":"https:\/\/api.w.org\/{rel}","templated":true}]}}