{"id":60802,"date":"2024-08-28T18:15:22","date_gmt":"2024-08-28T11:15:22","guid":{"rendered":"https:\/\/mouldking.store\/shop\/mould-king-10114-duesenberg-with-1308-pieces\/"},"modified":"2024-08-28T18:15:28","modified_gmt":"2024-08-28T11:15:28","slug":"mould-king-10114-duesenberg-with-1308-pieces","status":"publish","type":"product","link":"https:\/\/mouldking.store\/fr\/shop\/mould-king-10114-duesenberg-with-1308-pieces\/","title":{"rendered":"MOULD KING 10114 Duesenberg with 1308 Pieces"},"content":{"rendered":"<div>\u2705MouldKing 10114 Duesenberg<\/p>\n<p>\u2705 Duesenberg was an American luxury automobile brand renowned for its high-performance and opulent vehicles in the early 20th century. The cars were produced by the Duesenberg Motors Company, founded by brothers Fred and August Duesenberg in 1920. They quickly became a symbol of wealth, elegance, and innovation, known for their advanced engineering and stylish design.&nbsp;<\/p>\n<p>\ud83d\udeabIMPORTANT !<\/p>\n<p>Product Name: Duesenberg<\/p>\n<p>Cat\u00e9gorie : Technique<\/p>\n<p>This Kit Contains: MouldKing 10114<\/p>\n<p>1308 pcs Good Quality Bricks<\/p>\n<p>Size: 33.1 \u00d7 11.6 \u00d7 10 cm<\/p>\n<p>Instructions manuelles<\/p>\n<p>\ud83d\udcccNature du protagoniste<\/p>\n<p>Introducing our proud collection named \u201cDuesenberg\u201d you should not miss.<\/p>\n<p>&nbsp;Duesenberg Motors Company was established in Indianapolis, Indiana, in 1920. The brand quickly gained a reputation for building some of the fastest and most luxurious cars of its time.&nbsp; Introduced in 1921, it was the company&#8217;s first mass-produced car and one of the first cars in America to have a straight-eight engine and hydraulic brakes.&nbsp; Launched in 1928, the Model J became an instant classic and is widely regarded as one of the greatest cars ever made. It was powered by a massive 6.9-liter straight-eight engine that produced 265 horsepower, making it one of the most powerful cars of its era.&nbsp;<\/p><\/div>","protected":false},"excerpt":{"rendered":"<p>Marque : MOLD KING<br \/>\nGenre: Unisexe<br \/>\nTranche d&#039;\u00e2ge : &gt; 14 ans<br \/>\nModel Number: 10114<br \/>\nClassement : Assemblage<br \/>\nForme de bloc en plastique\u00a0: briques autobloquantes<br \/>\nMat\u00e9riel: Plastique<br \/>\nType de plastique : ABS<br \/>\nBricks Blocks: 1308 +<br \/>\nPas de boite d&#039;origine<br \/>\nLe produit n&#039;inclut pas l&#039;autocollant et les pi\u00e8ces imprim\u00e9es. Toutes les pi\u00e8ces imprim\u00e9es seront remplac\u00e9es par des pi\u00e8ces standard et ne seront pas livr\u00e9es avec des accessoires tiers.<\/p>","protected":false},"featured_media":60801,"comment_status":"open","ping_status":"closed","template":"","meta":{"_acf_changed":false},"product_cat":[1360,1357,371,372,390,581,6016,415,364,1875],"product_tag":[457,13578,366,389,11080],"class_list":["product","first","instock","shipping-taxable","purchasable","product-type-simple"],"acf":[],"_links":{"self":[{"href":"https:\/\/mouldking.store\/fr\/wp-json\/wp\/v2\/product\/60802","targetHints":{"allow":["GET"]}}],"collection":[{"href":"https:\/\/mouldking.store\/fr\/wp-json\/wp\/v2\/product"}],"about":[{"href":"https:\/\/mouldking.store\/fr\/wp-json\/wp\/v2\/types\/product"}],"replies":[{"embeddable":true,"href":"https:\/\/mouldking.store\/fr\/wp-json\/wp\/v2\/comments?post=60802"}],"wp:featuredmedia":[{"embeddable":true,"href":"https:\/\/mouldking.store\/fr\/wp-json\/wp\/v2\/media\/60801"}],"wp:attachment":[{"href":"https:\/\/mouldking.store\/fr\/wp-json\/wp\/v2\/media?parent=60802"}],"wp:term":[{"taxonomy":"product_cat","embeddable":true,"href":"https:\/\/mouldking.store\/fr\/wp-json\/wp\/v2\/product_cat?post=60802"},{"taxonomy":"product_tag","embeddable":true,"href":"https:\/\/mouldking.store\/fr\/wp-json\/wp\/v2\/product_tag?post=60802"}],"curies":[{"name":"wp","href":"https:\/\/api.w.org\/{rel}","templated":true}]}}