{"id":60863,"date":"2024-08-28T18:19:26","date_gmt":"2024-08-28T11:19:26","guid":{"rendered":"https:\/\/mouldking.store\/shop\/mould-king-13199-black-pearl-with-3180-pieces\/"},"modified":"2024-08-28T18:19:33","modified_gmt":"2024-08-28T11:19:33","slug":"mould-king-13199-black-pearl-with-3180-pieces","status":"publish","type":"product","link":"https:\/\/mouldking.store\/fr\/shop\/mould-king-13199-black-pearl-with-3180-pieces\/","title":{"rendered":"MOULD KING 13199 Black Pearl with 3180 Pieces"},"content":{"rendered":"<div>\u2705MouldKing 13199 Black Pearl<\/p>\n<p>\u2705 The <strong>Perle noire<\/strong> is a fictional pirate ship from the &#8220;Pirates of the Caribbean&#8221; film series produced by Disney. It is one of the most iconic and central elements of the franchise.&nbsp;<\/p>\n<p>\ud83d\udeabIMPORTANT !<\/p>\n<p>Product Name: Black Pearl&nbsp;<\/p>\n<p>Cat\u00e9gorie : Film<\/p>\n<p>This Kit Contains: MouldKing 13199<\/p>\n<p>3180 pcs Good Quality Bricks<\/p>\n<p>Instructions manuelles<\/p>\n<p>\ud83d\udcccNature du protagoniste<\/p>\n<p>Introducing our proud collection named \u201cBlack Pearl \u201d you should not miss.<\/p>\n<p>The Black Pearl is designed to resemble a classic 18th-century pirate ship, with dark, menacing colors and a distinctive, ornate design. &nbsp; The ship is characterized by its black hull and sails, which contribute to its fearsome reputation. The sails often feature a skull and crossbones, emphasizing its pirate affiliation.&nbsp;<\/p><\/div>","protected":false},"excerpt":{"rendered":"<p>Marque : MOLD KING<br \/>\nGenre: Unisexe<br \/>\nTranche d&#039;\u00e2ge : &gt; 14 ans<br \/>\nModel Number: 13199<br \/>\nClassement : Assemblage<br \/>\nForme de bloc en plastique\u00a0: briques autobloquantes<br \/>\nMat\u00e9riel: Plastique<br \/>\nType de plastique : ABS<br \/>\nBricks Blocks: 3180 +<br \/>\nPas de boite d&#039;origine<br \/>\nLe produit n&#039;inclut pas l&#039;autocollant et les pi\u00e8ces imprim\u00e9es. Toutes les pi\u00e8ces imprim\u00e9es seront remplac\u00e9es par des pi\u00e8ces standard et ne seront pas livr\u00e9es avec des accessoires tiers.<\/p>","protected":false},"featured_media":60862,"comment_status":"open","ping_status":"closed","template":"","meta":{"_acf_changed":false},"product_cat":[1365,371,372,390,581,6016,415,364,1408],"product_tag":[6240,12062,11072,8452,12732,366,434],"class_list":["product","first","instock","shipping-taxable","purchasable","product-type-simple"],"acf":[],"_links":{"self":[{"href":"https:\/\/mouldking.store\/fr\/wp-json\/wp\/v2\/product\/60863","targetHints":{"allow":["GET"]}}],"collection":[{"href":"https:\/\/mouldking.store\/fr\/wp-json\/wp\/v2\/product"}],"about":[{"href":"https:\/\/mouldking.store\/fr\/wp-json\/wp\/v2\/types\/product"}],"replies":[{"embeddable":true,"href":"https:\/\/mouldking.store\/fr\/wp-json\/wp\/v2\/comments?post=60863"}],"wp:featuredmedia":[{"embeddable":true,"href":"https:\/\/mouldking.store\/fr\/wp-json\/wp\/v2\/media\/60862"}],"wp:attachment":[{"href":"https:\/\/mouldking.store\/fr\/wp-json\/wp\/v2\/media?parent=60863"}],"wp:term":[{"taxonomy":"product_cat","embeddable":true,"href":"https:\/\/mouldking.store\/fr\/wp-json\/wp\/v2\/product_cat?post=60863"},{"taxonomy":"product_tag","embeddable":true,"href":"https:\/\/mouldking.store\/fr\/wp-json\/wp\/v2\/product_tag?post=60863"}],"curies":[{"name":"wp","href":"https:\/\/api.w.org\/{rel}","templated":true}]}}