{"id":60887,"date":"2024-08-28T18:20:51","date_gmt":"2024-08-28T11:20:51","guid":{"rendered":"https:\/\/mouldking.store\/shop\/mould-king-17070-liebherr-r-9800-excavator-with-motor-with-4767-pieces\/"},"modified":"2024-08-28T18:20:57","modified_gmt":"2024-08-28T11:20:57","slug":"mould-king-17070-liebherr-r-9800-excavator-with-motor-with-4767-pieces","status":"publish","type":"product","link":"https:\/\/mouldking.store\/fr\/shop\/mould-king-17070-liebherr-r-9800-excavator-with-motor-with-4767-pieces\/","title":{"rendered":"MOULD KING 17070 Liebherr R 9800 Excavator With Motor with 4767 Pieces"},"content":{"rendered":"<div>\u2705MouldKing 17070 Liebherr R 9800 Excavator With Motor<\/p>\n<p>\u2705 The Liebherr R 9800 is one of the world&#8217;s largest and most powerful hydraulic mining excavators. Manufactured by Liebherr, a leading company in heavy machinery, the R 9800 is designed primarily for large-scale mining operations.&nbsp;<\/p>\n<p>\ud83d\udeabIMPORTANT !<\/p>\n<p>Product Name: Liebherr R 9800 Excavator With Motor<\/p>\n<p>Cat\u00e9gorie : Technique<\/p>\n<p>This Kit Contains: MouldKing 17070<\/p>\n<p>4767 pcs Good Quality Bricks<\/p>\n<p>Size: 65.7 \u00d7 30.4 \u00d7 40 cm<\/p>\n<p>Instructions manuelles<\/p>\n<p>\ud83d\udcccNature du protagoniste<\/p>\n<p>Introducing our proud collection named \u201cLiebherr R 9800 Excavator With Motor\u201d you should not miss.<\/p>\n<p>&nbsp;The R 9800 is known for its robust construction, advanced hydraulic systems, and efficient power management, providing both high productivity and low fuel consumption.&nbsp; It is also equipped with modern safety features and technologies to enhance operator comfort and safety, including spacious cabins with advanced controls, air conditioning, and excellent visibility.&nbsp;<\/p><\/div>","protected":false},"excerpt":{"rendered":"<p>Marque : MOLD KING<br \/>\nGenre: Unisexe<br \/>\nTranche d&#039;\u00e2ge : &gt; 14 ans<br \/>\nModel Number: 17070<br \/>\nClassement : Assemblage<br \/>\nForme de bloc en plastique\u00a0: briques autobloquantes<br \/>\nMat\u00e9riel: Plastique<br \/>\nType de plastique : ABS<br \/>\nBricks Blocks: 4767 +<br \/>\nPas de boite d&#039;origine<br \/>\nLe produit n&#039;inclut pas l&#039;autocollant et les pi\u00e8ces imprim\u00e9es. Toutes les pi\u00e8ces imprim\u00e9es seront remplac\u00e9es par des pi\u00e8ces standard et ne seront pas livr\u00e9es avec des accessoires tiers.<\/p>","protected":false},"featured_media":60886,"comment_status":"open","ping_status":"closed","template":"","meta":{"_acf_changed":false},"product_cat":[1357,371,372,390,581,6016,415,364],"product_tag":[755,8243,11648,12847,366,389,11080],"class_list":["product","first","instock","shipping-taxable","purchasable","product-type-simple"],"acf":[],"_links":{"self":[{"href":"https:\/\/mouldking.store\/fr\/wp-json\/wp\/v2\/product\/60887","targetHints":{"allow":["GET"]}}],"collection":[{"href":"https:\/\/mouldking.store\/fr\/wp-json\/wp\/v2\/product"}],"about":[{"href":"https:\/\/mouldking.store\/fr\/wp-json\/wp\/v2\/types\/product"}],"replies":[{"embeddable":true,"href":"https:\/\/mouldking.store\/fr\/wp-json\/wp\/v2\/comments?post=60887"}],"wp:featuredmedia":[{"embeddable":true,"href":"https:\/\/mouldking.store\/fr\/wp-json\/wp\/v2\/media\/60886"}],"wp:attachment":[{"href":"https:\/\/mouldking.store\/fr\/wp-json\/wp\/v2\/media?parent=60887"}],"wp:term":[{"taxonomy":"product_cat","embeddable":true,"href":"https:\/\/mouldking.store\/fr\/wp-json\/wp\/v2\/product_cat?post=60887"},{"taxonomy":"product_tag","embeddable":true,"href":"https:\/\/mouldking.store\/fr\/wp-json\/wp\/v2\/product_tag?post=60887"}],"curies":[{"name":"wp","href":"https:\/\/api.w.org\/{rel}","templated":true}]}}