{"id":60919,"date":"2024-08-29T18:30:10","date_gmt":"2024-08-29T11:30:10","guid":{"rendered":"https:\/\/mouldking.store\/shop\/ly-76099-iron-man-mk50-with-1568-pieces\/"},"modified":"2024-08-29T18:30:17","modified_gmt":"2024-08-29T11:30:17","slug":"ly-76099-iron-man-mk50-with-1568-pieces","status":"publish","type":"product","link":"https:\/\/mouldking.store\/fr\/shop\/ly-76099-iron-man-mk50-with-1568-pieces\/","title":{"rendered":"LY 76099 Iron Man MK50 avec 1568 pi\u00e8ces"},"content":{"rendered":"<div>\u2705LY 76099 Iron Man MK50<\/p>\n<p>\u2705 The <strong>Iron Man Mark 50 (MK50)<\/strong> suit is one of Tony Stark&#8217;s most advanced suits, featured in the Marvel Cinematic Universe (MCU) film <em>Avengers: Infinity War<\/em> (2018). Known as the &#8220;Bleeding Edge Armor,&#8221; the MK50 represents a significant leap in Iron Man suit technology due to its use of nanotechnology. This advanced suit provides Tony Stark with unprecedented versatility, adaptability, and firepower during combat situations against powerful adversaries like Thanos and his forces.&nbsp;<\/p>\n<p>\ud83d\udeabIMPORTANT !<\/p>\n<p>Product Name: Iron Man MK50<\/p>\n<p>Cat\u00e9gorie : Film<\/p>\n<p>This Kit Contains: LY 76099<\/p>\n<p>1568 pcs Good Quality Bricks<\/p>\n<p>Size: 18.5 \u00d7 26.5 \u00d7 35 cm<\/p>\n<p>Instructions manuelles<\/p>\n<p>\ud83d\udcccNature du protagoniste<\/p>\n<p>Introducing our proud collection named \u201cIron Man MK50\u201d you should not miss.<\/p>\n<p>Unlike its predecessors, the MK50 suit is stored entirely within a new arc reactor mounted on Tony Stark&#8217;s chest, composed of billions of nanoparticles. When activated, these nanoparticles flow over Stark&#8217;s body, forming a complete, highly durable, and flexible suit in seconds. This design allows for instant deployment and repair, as well as on-the-fly generation of weapons, tools, and enhancements directly from the suit&#8217;s surface. The MK50 can create various weaponry, such as repulsor cannons, energy blades, shields, rocket thrusters for high-speed flight, and even specialized equipment like the foot clamps and wings used to combat Thanos.&nbsp;<\/p><\/div>","protected":false},"excerpt":{"rendered":"<p>Brand: LY<br \/>\nGenre: Unisexe<br \/>\nTranche d&#039;\u00e2ge : &gt; 14 ans<br \/>\nModel Number: 76099<br \/>\nClassement : Assemblage<br \/>\nForme de bloc en plastique\u00a0: briques autobloquantes<br \/>\nMat\u00e9riel: Plastique<br \/>\nType de plastique : ABS<br \/>\nBricks Blocks: 1568 +<br \/>\nPas de boite d&#039;origine<br \/>\nLe produit n&#039;inclut pas l&#039;autocollant et les pi\u00e8ces imprim\u00e9es. Toutes les pi\u00e8ces imprim\u00e9es seront remplac\u00e9es par des pi\u00e8ces standard et ne seront pas livr\u00e9es avec des accessoires tiers.<\/p>","protected":false},"featured_media":60918,"comment_status":"open","ping_status":"closed","template":"","meta":{"_acf_changed":false},"product_cat":[1365,1848,371,581,1408],"product_tag":[11072,8452,1856,1496,13593,434],"class_list":["product","first","instock","shipping-taxable","purchasable","product-type-simple"],"acf":[],"_links":{"self":[{"href":"https:\/\/mouldking.store\/fr\/wp-json\/wp\/v2\/product\/60919","targetHints":{"allow":["GET"]}}],"collection":[{"href":"https:\/\/mouldking.store\/fr\/wp-json\/wp\/v2\/product"}],"about":[{"href":"https:\/\/mouldking.store\/fr\/wp-json\/wp\/v2\/types\/product"}],"replies":[{"embeddable":true,"href":"https:\/\/mouldking.store\/fr\/wp-json\/wp\/v2\/comments?post=60919"}],"wp:featuredmedia":[{"embeddable":true,"href":"https:\/\/mouldking.store\/fr\/wp-json\/wp\/v2\/media\/60918"}],"wp:attachment":[{"href":"https:\/\/mouldking.store\/fr\/wp-json\/wp\/v2\/media?parent=60919"}],"wp:term":[{"taxonomy":"product_cat","embeddable":true,"href":"https:\/\/mouldking.store\/fr\/wp-json\/wp\/v2\/product_cat?post=60919"},{"taxonomy":"product_tag","embeddable":true,"href":"https:\/\/mouldking.store\/fr\/wp-json\/wp\/v2\/product_tag?post=60919"}],"curies":[{"name":"wp","href":"https:\/\/api.w.org\/{rel}","templated":true}]}}