{"id":60953,"date":"2024-08-29T18:31:50","date_gmt":"2024-08-29T11:31:50","guid":{"rendered":"https:\/\/mouldking.store\/shop\/wange-5921-city-postcards-new-york-with-1101-pieces\/"},"modified":"2024-08-29T18:31:56","modified_gmt":"2024-08-29T11:31:56","slug":"wange-5921-city-postcards-new-york-with-1101-pieces","status":"publish","type":"product","link":"https:\/\/mouldking.store\/fr\/shop\/wange-5921-city-postcards-new-york-with-1101-pieces\/","title":{"rendered":"WANGE 5921 City Postcards New York with 1101 Pieces"},"content":{"rendered":"<div>\u2705WANGE 5921 City Postcards New York<\/p>\n<p>\u2705 City postcards from New York often capture the vibrant and iconic elements that define the city&#8217;s unique character. New York City, known as &#8220;The Big Apple,&#8221; offers countless postcard-perfect scenes that depict its bustling urban life, architectural marvels, cultural landmarks, and scenic views.<\/p>\n<p>\ud83d\udeabIMPORTANT !<\/p>\n<p>Product Name: City Postcards New York<\/p>\n<p>Cat\u00e9gorie\u00a0: Cr\u00e9ateur<\/p>\n<p>This Kit Contains: WANGE 5921<\/p>\n<p>1101 pcs Good Quality Bricks<\/p>\n<p>Size: 38.4 x 8.5 x 28.8cm<\/p>\n<p>Instructions manuelles<\/p>\n<p>\ud83d\udcccNature du protagoniste<\/p>\n<p>Introducing our proud collection named \u201cCity Postcards New York\u201d you should not miss.<\/p>\n<p>&nbsp;Postcards featuring the iconic New York City skyline are among the most popular. They often include famous skyscrapers like the <strong>Empire State Building<\/strong>, <strong>Chrysler Building<\/strong>, and the <strong>One World Trade Center<\/strong>. A panoramic view of Manhattan, especially taken from vantage points like <strong>Brooklyn Bridge Park<\/strong> or <strong>Liberty State Park<\/strong>, is a classic choice that captures the sheer scale and density of the city\u2019s skyline.&nbsp;<\/div>","protected":false},"excerpt":{"rendered":"<p>Marque : WANGE<br \/>\nGenre: Unisexe<br \/>\nTranche d&#039;\u00e2ge : &gt; 6 ans<br \/>\nModel Number: 5921<br \/>\nClassement : Assemblage<br \/>\nForme de bloc en plastique\u00a0: briques autobloquantes<br \/>\nMat\u00e9riel: Plastique<br \/>\nType de plastique : ABS<br \/>\nBricks Blocks: 1101 +<br \/>\nPas de boite d&#039;origine<br \/>\nLe produit n&#039;inclut pas l&#039;autocollant et les pi\u00e8ces imprim\u00e9es. Toutes les pi\u00e8ces imprim\u00e9es seront remplac\u00e9es par des pi\u00e8ces standard et ne seront pas livr\u00e9es avec des accessoires tiers.<\/p>","protected":false},"featured_media":60952,"comment_status":"open","ping_status":"closed","template":"","meta":{"_acf_changed":false},"product_cat":[1365,1502,371],"product_tag":[4883,11072,8452,12471,13597],"class_list":["product","first","instock","shipping-taxable","purchasable","product-type-simple"],"acf":[],"_links":{"self":[{"href":"https:\/\/mouldking.store\/fr\/wp-json\/wp\/v2\/product\/60953","targetHints":{"allow":["GET"]}}],"collection":[{"href":"https:\/\/mouldking.store\/fr\/wp-json\/wp\/v2\/product"}],"about":[{"href":"https:\/\/mouldking.store\/fr\/wp-json\/wp\/v2\/types\/product"}],"replies":[{"embeddable":true,"href":"https:\/\/mouldking.store\/fr\/wp-json\/wp\/v2\/comments?post=60953"}],"wp:featuredmedia":[{"embeddable":true,"href":"https:\/\/mouldking.store\/fr\/wp-json\/wp\/v2\/media\/60952"}],"wp:attachment":[{"href":"https:\/\/mouldking.store\/fr\/wp-json\/wp\/v2\/media?parent=60953"}],"wp:term":[{"taxonomy":"product_cat","embeddable":true,"href":"https:\/\/mouldking.store\/fr\/wp-json\/wp\/v2\/product_cat?post=60953"},{"taxonomy":"product_tag","embeddable":true,"href":"https:\/\/mouldking.store\/fr\/wp-json\/wp\/v2\/product_tag?post=60953"}],"curies":[{"name":"wp","href":"https:\/\/api.w.org\/{rel}","templated":true}]}}