{"id":60967,"date":"2024-08-29T18:32:05","date_gmt":"2024-08-29T11:32:05","guid":{"rendered":"https:\/\/mouldking.store\/shop\/quanguan-100285-pz-kpfw38t-ausf-f-light-tank-with-730-pieces\/"},"modified":"2024-08-29T18:32:12","modified_gmt":"2024-08-29T11:32:12","slug":"quanguan-100285-pz-kpfw38t-ausf-f-light-tank-with-730-pieces","status":"publish","type":"product","link":"https:\/\/mouldking.store\/fr\/shop\/quanguan-100285-pz-kpfw38t-ausf-f-light-tank-with-730-pieces\/","title":{"rendered":"QUANGUAN 100285 PZ KPFW38(T) Ausf.F Light Tank with 730 Pieces"},"content":{"rendered":"<div>\u2705Quan Guan 100285 PZ KPFW38(T) Ausf.F Light Tank<\/p>\n<p>\u2705 The <strong>Pz.Kpfw. 38(t) Ausf. F<\/strong>, also known as the <strong>Panzerkampfwagen 38(t)<\/strong>, was a light tank of Czechoslovak origin that the Germans used extensively during World War II. Originally designed and built by Czechoslovakia as the <strong>LT vz. 38<\/strong>, this tank was incorporated into the Wehrmacht&#8217;s arsenal after Germany&#8217;s occupation of Czechoslovakia in 1939. The &#8220;t&#8221; in its designation stands for &#8220;tschechisch,&#8221; the German word for &#8220;Czech.&#8221; The Ausf. F (Ausf\u00fchrung F) was one of the later production models of the Panzer 38(t), with various improvements over earlier versions.<\/p>\n<p>\ud83d\udeabIMPORTANT !<\/p>\n<p>Product Name: PZ KPFW38(T) Ausf.F Light Tank<\/p>\n<p>Cat\u00e9gorie : Militaire<\/p>\n<p>This Kit Contains: Quan Guan 100285<\/p>\n<p>730 pcs Good Quality Bricks<\/p>\n<p>Size: 16.6 \u00d7 8.15 \u00d7 8.5 cm<\/p>\n<p>Instructions manuelles<\/p>\n<p>\ud83d\udcccNature du protagoniste<\/p>\n<p>Introducing our proud collection named \u201cPZ KPFW38(T) Ausf.F Light Tank\u201d you should not miss.<\/p>\n<p>The <strong>Pz.Kpfw. 38(t) Ausf. F<\/strong> remains a significant example of early World War II tank design, showing the importance of mobility and reliability in early tank warfare and the rapid evolution of armored vehicles as the war continued.&nbsp;<\/div>","protected":false},"excerpt":{"rendered":"<p>Marque : QUANGUAN<br \/>\nGenre: Unisexe<br \/>\nTranche d&#039;\u00e2ge : &gt; 6 ans<br \/>\nModel Number: 100285<br \/>\nClassement : Assemblage<br \/>\nForme de bloc en plastique\u00a0: briques autobloquantes<br \/>\nMat\u00e9riel: Plastique<br \/>\nType de plastique : ABS<br \/>\nBricks Blocks: 730 +<br \/>\nPas de boite d&#039;origine<br \/>\nLe produit n&#039;inclut pas l&#039;autocollant et les pi\u00e8ces imprim\u00e9es. Toutes les pi\u00e8ces imprim\u00e9es seront remplac\u00e9es par des pi\u00e8ces standard et ne seront pas livr\u00e9es avec des accessoires tiers.<\/p>","protected":false},"featured_media":60966,"comment_status":"open","ping_status":"closed","template":"","meta":{"_acf_changed":false},"product_cat":[1384,1350,1357,372,364],"product_tag":[11221,13602,10294,13603,13601,10465,10466,374,485,389,2803],"class_list":["product","first","instock","shipping-taxable","purchasable","product-type-simple"],"acf":[],"_links":{"self":[{"href":"https:\/\/mouldking.store\/fr\/wp-json\/wp\/v2\/product\/60967","targetHints":{"allow":["GET"]}}],"collection":[{"href":"https:\/\/mouldking.store\/fr\/wp-json\/wp\/v2\/product"}],"about":[{"href":"https:\/\/mouldking.store\/fr\/wp-json\/wp\/v2\/types\/product"}],"replies":[{"embeddable":true,"href":"https:\/\/mouldking.store\/fr\/wp-json\/wp\/v2\/comments?post=60967"}],"wp:featuredmedia":[{"embeddable":true,"href":"https:\/\/mouldking.store\/fr\/wp-json\/wp\/v2\/media\/60966"}],"wp:attachment":[{"href":"https:\/\/mouldking.store\/fr\/wp-json\/wp\/v2\/media?parent=60967"}],"wp:term":[{"taxonomy":"product_cat","embeddable":true,"href":"https:\/\/mouldking.store\/fr\/wp-json\/wp\/v2\/product_cat?post=60967"},{"taxonomy":"product_tag","embeddable":true,"href":"https:\/\/mouldking.store\/fr\/wp-json\/wp\/v2\/product_tag?post=60967"}],"curies":[{"name":"wp","href":"https:\/\/api.w.org\/{rel}","templated":true}]}}