{"id":60989,"date":"2024-08-29T18:33:24","date_gmt":"2024-08-29T11:33:24","guid":{"rendered":"https:\/\/mouldking.store\/shop\/create-with-passion-212229-thunder-gods-hammer-with-832-pieces\/"},"modified":"2024-08-29T18:33:38","modified_gmt":"2024-08-29T11:33:38","slug":"create-with-passion-212229-thunder-gods-hammer-with-832-pieces","status":"publish","type":"product","link":"https:\/\/mouldking.store\/fr\/shop\/create-with-passion-212229-thunder-gods-hammer-with-832-pieces\/","title":{"rendered":"CREATE WITH PASSION 212229 Thunder God&#8217;s Hammer with 832 Pieces"},"content":{"rendered":"<div>\u2705CREATE WITH PASSION 212229 Thunder God&#8217;s Hammer<\/p>\n<p>\u2705The <strong>Thunder God&#8217;s Hammer<\/strong> is a concept that can refer to a variety of things, ranging from mythology to modern culture. Most notably, it is associated with <strong>Mj\u00f6lnir<\/strong>, the legendary hammer wielded by <strong>Thor<\/strong>, the Norse god of thunder, storms, and strength. Mj\u00f6lnir is one of the most iconic weapons in mythology and popular culture, symbolizing power, protection, and the divine authority of the gods.<\/div>\n<div>\ud83d\udeabIMPORTANT !<\/p>\n<p>Product Name: Thunder God&#8217;s Hammer<\/p>\n<p>Cat\u00e9gorie\u00a0: Cr\u00e9ateur<\/p>\n<p>This Kit Contains: CREATE WITH PASSION 212229 <\/p>\n<p>832 pcs Good Quality Bricks<\/p>\n<p>Size: 10 x 46 x 33cm<\/p>\n<p>Instructions manuelles<\/p>\n<p>\ud83d\udcccNature du protagoniste<\/p>\n<p>Introducing our proud collection named \u201cThunder God&#8217;s Hammer\u201d you should not miss.<\/p>\n<p><strong>Thunder God&#8217;s Hammer<\/strong>, particularly in the form of Mj\u00f6lnir, is a rich symbol deeply rooted in mythology, culture, and modern storytelling, representing both divine authority and the timeless battle between order and chaos.&nbsp;<\/div>","protected":false},"excerpt":{"rendered":"<p>Brand: CREATE WITH PASSION<br \/>\nGenre: Unisexe<br \/>\nTranche d&#039;\u00e2ge : &gt; 6 ans<br \/>\nModel Number: 212229<br \/>\nClassement : Assemblage<br \/>\nForme de bloc en plastique\u00a0: briques autobloquantes<br \/>\nMat\u00e9riel: Plastique<br \/>\nType de plastique : ABS<br \/>\nBricks Blocks: 832 +<br \/>\nPas de boite d&#039;origine<br \/>\nLe produit n&#039;inclut pas l&#039;autocollant et les pi\u00e8ces imprim\u00e9es. Toutes les pi\u00e8ces imprim\u00e9es seront remplac\u00e9es par des pi\u00e8ces standard et ne seront pas livr\u00e9es avec des accessoires tiers.<\/p>","protected":false},"featured_media":60988,"comment_status":"open","ping_status":"closed","template":"","meta":{"_acf_changed":false},"product_cat":[1365,11927,371],"product_tag":[11072,8452,9016,12444,12213],"class_list":["product","first","instock","shipping-taxable","purchasable","product-type-simple"],"acf":[],"_links":{"self":[{"href":"https:\/\/mouldking.store\/fr\/wp-json\/wp\/v2\/product\/60989","targetHints":{"allow":["GET"]}}],"collection":[{"href":"https:\/\/mouldking.store\/fr\/wp-json\/wp\/v2\/product"}],"about":[{"href":"https:\/\/mouldking.store\/fr\/wp-json\/wp\/v2\/types\/product"}],"replies":[{"embeddable":true,"href":"https:\/\/mouldking.store\/fr\/wp-json\/wp\/v2\/comments?post=60989"}],"wp:featuredmedia":[{"embeddable":true,"href":"https:\/\/mouldking.store\/fr\/wp-json\/wp\/v2\/media\/60988"}],"wp:attachment":[{"href":"https:\/\/mouldking.store\/fr\/wp-json\/wp\/v2\/media?parent=60989"}],"wp:term":[{"taxonomy":"product_cat","embeddable":true,"href":"https:\/\/mouldking.store\/fr\/wp-json\/wp\/v2\/product_cat?post=60989"},{"taxonomy":"product_tag","embeddable":true,"href":"https:\/\/mouldking.store\/fr\/wp-json\/wp\/v2\/product_tag?post=60989"}],"curies":[{"name":"wp","href":"https:\/\/api.w.org\/{rel}","templated":true}]}}