{"id":61129,"date":"2024-10-03T17:28:32","date_gmt":"2024-10-03T10:28:32","guid":{"rendered":"https:\/\/mouldking.store\/shop\/create-with-passion-212225-odins-ax-with-1322-pieces\/"},"modified":"2024-10-03T17:28:39","modified_gmt":"2024-10-03T10:28:39","slug":"create-with-passion-212225-odins-ax-with-1322-pieces","status":"publish","type":"product","link":"https:\/\/mouldking.store\/fr\/shop\/create-with-passion-212225-odins-ax-with-1322-pieces\/","title":{"rendered":"CREATE WITH PASSION 212225 Odin&#8217;s Ax with 1322 Pieces"},"content":{"rendered":"<div>\u2705CREATE WITH PASSION 212225 Odin&#8217;s Ax<\/p>\n<p>\u2705In Norse mythology, Odin is known as the All-Father and is associated with wisdom, war, and death. While Odin is more famously associated with his spear, Gungnir, or his two ravens, Hugin and Munin, the concept of &#8220;Odin&#8217;s Ax&#8221; might symbolize a powerful and mythical weapon. Axes were significant in Norse culture, commonly used in battle and as ceremonial items.<\/p>\n<p>\ud83d\udeabIMPORTANT !<\/p>\n<p>Product Name: Odin&#8217;s Ax<\/p>\n<p>Cat\u00e9gorie : Film<\/p>\n<p>This Kit Contains: CREATE WITH PASSION 212225<\/p>\n<p>1322 pcs Good Quality Bricks<\/p>\n<p>Size: 42.5 x 20 x 36cm<\/p>\n<p>Instructions manuelles<\/p>\n<p>\ud83d\udcccNature du protagoniste<\/p>\n<p>Introducing our proud collection named \u201cOdin&#8217;s Ax\u201d you should not miss.<\/p>\n<p>&nbsp;In the context of Norse mythology, &#8220;Odin&#8217;s Ax&#8221; could be imagined as a powerful symbolic weapon attributed to Odin, the chief god in the Norse pantheon. While Odin is more commonly associated with his spear, Gungnir, the concept of an ax bearing his name would fit well within the lore of Viking weaponry and symbolism.&nbsp;<\/p><\/div>","protected":false},"excerpt":{"rendered":"<p>Brand: CREATE WITH PASSION<br \/>\nGenre: Unisexe<br \/>\nTranche d&#039;\u00e2ge : &gt; 14 ans<br \/>\nModel Number: 212225<br \/>\nClassement : Assemblage<br \/>\nForme de bloc en plastique\u00a0: briques autobloquantes<br \/>\nMat\u00e9riel: Plastique<br \/>\nType de plastique : ABS<br \/>\nBricks Blocks: 1322 +<br \/>\nPas de boite d&#039;origine<br \/>\nLe produit n&#039;inclut pas l&#039;autocollant et les pi\u00e8ces imprim\u00e9es. Toutes les pi\u00e8ces imprim\u00e9es seront remplac\u00e9es par des pi\u00e8ces standard et ne seront pas livr\u00e9es avec des accessoires tiers.<\/p>","protected":false},"featured_media":61128,"comment_status":"open","ping_status":"closed","template":"","meta":{"_acf_changed":false},"product_cat":[1365,371,581,1408],"product_tag":[11072,8452,434,13607,13606],"class_list":["product","first","instock","shipping-taxable","purchasable","product-type-simple"],"acf":[],"_links":{"self":[{"href":"https:\/\/mouldking.store\/fr\/wp-json\/wp\/v2\/product\/61129","targetHints":{"allow":["GET"]}}],"collection":[{"href":"https:\/\/mouldking.store\/fr\/wp-json\/wp\/v2\/product"}],"about":[{"href":"https:\/\/mouldking.store\/fr\/wp-json\/wp\/v2\/types\/product"}],"replies":[{"embeddable":true,"href":"https:\/\/mouldking.store\/fr\/wp-json\/wp\/v2\/comments?post=61129"}],"wp:featuredmedia":[{"embeddable":true,"href":"https:\/\/mouldking.store\/fr\/wp-json\/wp\/v2\/media\/61128"}],"wp:attachment":[{"href":"https:\/\/mouldking.store\/fr\/wp-json\/wp\/v2\/media?parent=61129"}],"wp:term":[{"taxonomy":"product_cat","embeddable":true,"href":"https:\/\/mouldking.store\/fr\/wp-json\/wp\/v2\/product_cat?post=61129"},{"taxonomy":"product_tag","embeddable":true,"href":"https:\/\/mouldking.store\/fr\/wp-json\/wp\/v2\/product_tag?post=61129"}],"curies":[{"name":"wp","href":"https:\/\/api.w.org\/{rel}","templated":true}]}}