{"id":61137,"date":"2024-10-03T17:29:01","date_gmt":"2024-10-03T10:29:01","guid":{"rendered":"https:\/\/mouldking.store\/shop\/moc-factory-89097-indiana-jones-tuk-tuk-with-404-pieces\/"},"modified":"2025-12-16T20:59:01","modified_gmt":"2025-12-16T13:59:01","slug":"moc-factory-89097-indiana-jones-tuk-tuk-with-404-pieces","status":"publish","type":"product","link":"https:\/\/mouldking.store\/fr\/shop\/moc-factory-89097-indiana-jones-tuk-tuk-with-404-pieces\/","title":{"rendered":"MOC Factory 89097 Indiana Jones &#8211; Tuk Tuk with 404 Pieces"},"content":{"rendered":"<div>\u2705 MOC-89097 Indiana Jones &#8211; Tuk Tuk<\/p>\n<p>\u2705 The Tuk Tuk chase scene in <em>&#8220;Indiana Jones and the Dial of Destiny&#8221;<\/em> is one of the standout action sequences in the film. Set in the bustling streets of Tangier, Morocco, Indiana Jones (played by Harrison Ford), his goddaughter Helena Shaw (played by Phoebe Waller-Bridge), and her sidekick Teddy are pursued by multiple groups of antagonists in a high-speed chase.&nbsp;<\/p>\n<p>\ud83d\udeabIMPORTANT !<\/p>\n<p>Product Name: Indiana Jones &#8211; Tuk Tuk<\/p>\n<p>Cat\u00e9gorie : Film<\/p>\n<p>This Kit Contains: F-C9912<\/p>\n<p>404 pcs Good Quality Bricks<\/p>\n<p>Poids\u00a0: 0,58\u00a0kg<\/p>\n<p>Instructions PDF<\/p>\n<p>\ud83d\udcccNature du protagoniste<\/p>\n<p>Introducing our proud collection named \u201cIndiana Jones &#8211; Tuk Tuk\u201d you should not miss.<\/p>\n<p>The Tuk Tuk used in the movie is a typical auto-rickshaw found in many parts of Asia and Africa, particularly in crowded cities where their compact size allows them to navigate traffic more easily. In the film, it\u2019s a perfect vehicle for a fast-paced chase in a crowded, maze-like environment like Tangier.&nbsp;<\/p><\/div>","protected":false},"excerpt":{"rendered":"<p>Marque : MOC Factory<br \/>\nGenre: Unisexe<br \/>\nTranche d&#039;\u00e2ge : &gt; 6 ans<br \/>\nModel Number: 89097<br \/>\nClassement : Assemblage<br \/>\nForme de bloc en plastique\u00a0: briques autobloquantes<br \/>\nMat\u00e9riel: Plastique<br \/>\nType de plastique : ABS<br \/>\nBlocs de briques : 404 +<br \/>\nPas de boite d&#039;origine<br \/>\nLe produit n&#039;inclut pas l&#039;autocollant et les pi\u00e8ces imprim\u00e9es. Toutes les pi\u00e8ces imprim\u00e9es seront remplac\u00e9es par des pi\u00e8ces standard et ne seront pas livr\u00e9es avec des accessoires tiers.<\/p>","protected":false},"featured_media":61136,"comment_status":"open","ping_status":"closed","template":"","meta":{"_acf_changed":false},"product_cat":[1365,371,581,1408],"product_tag":[11072,8452,13545,3492,434,13608],"class_list":["product","first","instock","shipping-taxable","purchasable","product-type-simple"],"acf":[],"_links":{"self":[{"href":"https:\/\/mouldking.store\/fr\/wp-json\/wp\/v2\/product\/61137","targetHints":{"allow":["GET"]}}],"collection":[{"href":"https:\/\/mouldking.store\/fr\/wp-json\/wp\/v2\/product"}],"about":[{"href":"https:\/\/mouldking.store\/fr\/wp-json\/wp\/v2\/types\/product"}],"replies":[{"embeddable":true,"href":"https:\/\/mouldking.store\/fr\/wp-json\/wp\/v2\/comments?post=61137"}],"wp:featuredmedia":[{"embeddable":true,"href":"https:\/\/mouldking.store\/fr\/wp-json\/wp\/v2\/media\/61136"}],"wp:attachment":[{"href":"https:\/\/mouldking.store\/fr\/wp-json\/wp\/v2\/media?parent=61137"}],"wp:term":[{"taxonomy":"product_cat","embeddable":true,"href":"https:\/\/mouldking.store\/fr\/wp-json\/wp\/v2\/product_cat?post=61137"},{"taxonomy":"product_tag","embeddable":true,"href":"https:\/\/mouldking.store\/fr\/wp-json\/wp\/v2\/product_tag?post=61137"}],"curies":[{"name":"wp","href":"https:\/\/api.w.org\/{rel}","templated":true}]}}