{"id":61145,"date":"2024-10-03T17:29:16","date_gmt":"2024-10-03T10:29:16","guid":{"rendered":"https:\/\/mouldking.store\/shop\/moc-factory-89096-brooks-fruit-with-494-pieces\/"},"modified":"2025-12-16T20:59:01","modified_gmt":"2025-12-16T13:59:01","slug":"moc-factory-89096-brooks-fruit-with-494-pieces","status":"publish","type":"product","link":"https:\/\/mouldking.store\/fr\/shop\/moc-factory-89096-brooks-fruit-with-494-pieces\/","title":{"rendered":"MOC Factory 89096 Brooks Fruit with 494 Pieces"},"content":{"rendered":"<div>\u2705 MOC-89096 Brooks Fruit<\/p>\n<p>\u2705 In <em>Blox Fruits<\/em>, a popular Roblox game inspired by the anime <em>Une pi\u00e8ce<\/em>, the &#8220;Brooks Fruit&#8221; refers to the <strong>Revive Fruit<\/strong>. This fruit is based on the abilities of the character Brook from <em>Une pi\u00e8ce<\/em>, who has the power of the Revive-Revive Fruit (Yomi Yomi no Mi). In the game, the Revive Fruit is a <strong>Paramecia-type<\/strong> fruit, and it gives the player unique abilities related to resurrection and soul manipulation.&nbsp;<\/p>\n<p>\ud83d\udeabIMPORTANT !<\/p>\n<p>Product Name: Brooks Fruit<\/p>\n<p>Cat\u00e9gorie : Film<\/p>\n<p>This Kit Contains: F-C9914<\/p>\n<p>494 pcs Good Quality Bricks<\/p>\n<p>Poids\u00a0: 0,58\u00a0kg<\/p>\n<p>Instructions PDF<\/p>\n<p>\ud83d\udcccNature du protagoniste<\/p>\n<p>Introducing our proud collection named \u201cBrooks Fruit\u201d you should not miss.<\/p>\n<p>The user can launch a spectral form to attack enemies. This ability allows the player to target enemies from a distance with a spiritual form that deals damage.&nbsp; When the player is knocked down to 0 HP, they can come back to life with a portion of their health restored. This unique ability makes the Revive Fruit special, as it gives the user a second chance in battle.&nbsp;<\/p><\/div>","protected":false},"excerpt":{"rendered":"<p>Marque : MOC Factory<br \/>\nGenre: Unisexe<br \/>\nTranche d&#039;\u00e2ge : &gt; 6 ans<br \/>\nModel Number: 89096<br \/>\nClassement : Assemblage<br \/>\nForme de bloc en plastique\u00a0: briques autobloquantes<br \/>\nMat\u00e9riel: Plastique<br \/>\nType de plastique : ABS<br \/>\nBricks Blocks: 494 +<br \/>\nPas de boite d&#039;origine<br \/>\nLe produit n&#039;inclut pas l&#039;autocollant et les pi\u00e8ces imprim\u00e9es. Toutes les pi\u00e8ces imprim\u00e9es seront remplac\u00e9es par des pi\u00e8ces standard et ne seront pas livr\u00e9es avec des accessoires tiers.<\/p>","protected":false},"featured_media":61144,"comment_status":"open","ping_status":"closed","template":"","meta":{"_acf_changed":false},"product_cat":[1365,371,581,1408,1819],"product_tag":[13609,11072,8452,12337,434,1824],"class_list":["product","first","instock","shipping-taxable","purchasable","product-type-simple"],"acf":[],"_links":{"self":[{"href":"https:\/\/mouldking.store\/fr\/wp-json\/wp\/v2\/product\/61145","targetHints":{"allow":["GET"]}}],"collection":[{"href":"https:\/\/mouldking.store\/fr\/wp-json\/wp\/v2\/product"}],"about":[{"href":"https:\/\/mouldking.store\/fr\/wp-json\/wp\/v2\/types\/product"}],"replies":[{"embeddable":true,"href":"https:\/\/mouldking.store\/fr\/wp-json\/wp\/v2\/comments?post=61145"}],"wp:featuredmedia":[{"embeddable":true,"href":"https:\/\/mouldking.store\/fr\/wp-json\/wp\/v2\/media\/61144"}],"wp:attachment":[{"href":"https:\/\/mouldking.store\/fr\/wp-json\/wp\/v2\/media?parent=61145"}],"wp:term":[{"taxonomy":"product_cat","embeddable":true,"href":"https:\/\/mouldking.store\/fr\/wp-json\/wp\/v2\/product_cat?post=61145"},{"taxonomy":"product_tag","embeddable":true,"href":"https:\/\/mouldking.store\/fr\/wp-json\/wp\/v2\/product_tag?post=61145"}],"curies":[{"name":"wp","href":"https:\/\/api.w.org\/{rel}","templated":true}]}}