{"id":61153,"date":"2024-10-03T17:43:35","date_gmt":"2024-10-03T10:43:35","guid":{"rendered":"https:\/\/mouldking.store\/shop\/moc-factory-89095-childs-play-chucky-with-494-pieces\/"},"modified":"2025-12-16T20:59:01","modified_gmt":"2025-12-16T13:59:01","slug":"moc-factory-89095-childs-play-chucky-with-494-pieces","status":"publish","type":"product","link":"https:\/\/mouldking.store\/fr\/shop\/moc-factory-89095-childs-play-chucky-with-494-pieces\/","title":{"rendered":"MOC Factory 89095 Child&#8217;s Play &#8211; Chucky with 494 Pieces"},"content":{"rendered":"<div>\u2705 MOC-89095 Child&#8217;s Play &#8211; Chucky<\/p>\n<p>\u2705<strong>Chucky<\/strong> is the notorious killer doll from the <em>&#8220;Child&#8217;s Play&#8221;<\/em> horror movie franchise. First introduced in the 1988 film <em>&#8220;Child&#8217;s Play,&#8221;<\/em> Chucky quickly became a horror icon due to his terrifying blend of humor, relentless evil, and his ability to create chaos. The character has been featured in numerous sequels, a reboot, and a TV series.&nbsp;<\/p>\n<p>\ud83d\udeabIMPORTANT !<\/p>\n<p>Product Name: Child&#8217;s Play &#8211; Chucky<\/p>\n<p>Cat\u00e9gorie : Film<\/p>\n<p>This Kit Contains: F-C9922<\/p>\n<p>494&nbsp; pcs Good Quality Bricks<\/p>\n<p>Size: Weight: 0.45 kg<\/p>\n<p>Instructions PDF<\/p>\n<p>\ud83d\udcccNature du protagoniste<\/p>\n<p>Introducing our proud collection named \u201cChild&#8217;s Play &#8211; Chucky\u201d you should not miss.<\/p>\n<p>Chucky has become a staple of horror pop culture, often referenced and parodied in various media. The character&#8217;s mix of dark humor and horror has made him both a frightening and oddly charismatic figure in the genre.&nbsp;<\/p><\/div>","protected":false},"excerpt":{"rendered":"<p>Marque : MOC Factory<br \/>\nGenre: Unisexe<br \/>\nTranche d&#039;\u00e2ge : &gt; 6 ans<br \/>\nModel Number: 89095<br \/>\nClassement : Assemblage<br \/>\nForme de bloc en plastique\u00a0: briques autobloquantes<br \/>\nMat\u00e9riel: Plastique<br \/>\nType de plastique : ABS<br \/>\nBricks Blocks: 494 +<br \/>\nPas de boite d&#039;origine<br \/>\nLe produit n&#039;inclut pas l&#039;autocollant et les pi\u00e8ces imprim\u00e9es. Toutes les pi\u00e8ces imprim\u00e9es seront remplac\u00e9es par des pi\u00e8ces standard et ne seront pas livr\u00e9es avec des accessoires tiers.<\/p>","protected":false},"featured_media":61152,"comment_status":"open","ping_status":"closed","template":"","meta":{"_acf_changed":false},"product_cat":[1365,371,581,1408],"product_tag":[13610,12373,11072,8452,13334,434],"class_list":["product","first","instock","shipping-taxable","purchasable","product-type-simple"],"acf":[],"_links":{"self":[{"href":"https:\/\/mouldking.store\/fr\/wp-json\/wp\/v2\/product\/61153","targetHints":{"allow":["GET"]}}],"collection":[{"href":"https:\/\/mouldking.store\/fr\/wp-json\/wp\/v2\/product"}],"about":[{"href":"https:\/\/mouldking.store\/fr\/wp-json\/wp\/v2\/types\/product"}],"replies":[{"embeddable":true,"href":"https:\/\/mouldking.store\/fr\/wp-json\/wp\/v2\/comments?post=61153"}],"wp:featuredmedia":[{"embeddable":true,"href":"https:\/\/mouldking.store\/fr\/wp-json\/wp\/v2\/media\/61152"}],"wp:attachment":[{"href":"https:\/\/mouldking.store\/fr\/wp-json\/wp\/v2\/media?parent=61153"}],"wp:term":[{"taxonomy":"product_cat","embeddable":true,"href":"https:\/\/mouldking.store\/fr\/wp-json\/wp\/v2\/product_cat?post=61153"},{"taxonomy":"product_tag","embeddable":true,"href":"https:\/\/mouldking.store\/fr\/wp-json\/wp\/v2\/product_tag?post=61153"}],"curies":[{"name":"wp","href":"https:\/\/api.w.org\/{rel}","templated":true}]}}