{"id":61203,"date":"2024-10-03T17:45:08","date_gmt":"2024-10-03T10:45:08","guid":{"rendered":"https:\/\/mouldking.store\/shop\/moc-factory-89090-hazbin-hotel-alastor-with-522-pieces\/"},"modified":"2025-12-16T20:59:01","modified_gmt":"2025-12-16T13:59:01","slug":"moc-factory-89090-hazbin-hotel-alastor-with-522-pieces","status":"publish","type":"product","link":"https:\/\/mouldking.store\/fr\/shop\/moc-factory-89090-hazbin-hotel-alastor-with-522-pieces\/","title":{"rendered":"MOC Factory 89090 Hazbin Hotel Alastor with 522 Pieces"},"content":{"rendered":"<div>\u2705 MOC-89090 Hazbin Hotel Alastor<\/p>\n<p>\u2705<strong>Alastor<\/strong> is one of the central characters in the animated web series <em>Hazbin Hotel,<\/em> created by Vivienne Medrano. Known for his charismatic and sinister personality, Alastor is a powerful demon with a classic 1920s radio star aesthetic.<\/p>\n<p>\ud83d\udeabIMPORTANT !<\/p>\n<p>Product Name: Hazbin Hotel Alastor<\/p>\n<p>Cat\u00e9gorie : Film<\/p>\n<p>This Kit Contains: C10059Y02<\/p>\n<p>522 pcs Good Quality Bricks<\/p>\n<p>Size: 21.6 x 12.3 x 35.8 cm<\/p>\n<p>Weight: 0.4 kg<\/p>\n<p>Instructions PDF<\/p>\n<p>\ud83d\udcccNature du protagoniste<\/p>\n<p>Introducing our proud collection named \u201cHazbin Hotel Alastor\u201d you should not miss.<\/p>\n<p>Alastor&#8217;s design and personality make him one of the most memorable characters in <em>Hazbin Hotel<\/em>, combining vintage aesthetics with a disturbing edge to create a truly unique antagonist.&nbsp;<\/div>","protected":false},"excerpt":{"rendered":"<p>Marque : MOC Factory<br \/>\nGenre: Unisexe<br \/>\nTranche d&#039;\u00e2ge : &gt; 6 ans<br \/>\nModel Number: 89090<br \/>\nClassement : Assemblage<br \/>\nForme de bloc en plastique\u00a0: briques autobloquantes<br \/>\nMat\u00e9riel: Plastique<br \/>\nType de plastique : ABS<br \/>\nBricks Blocks: 522 +<br \/>\nPas de boite d&#039;origine<br \/>\nLe produit n&#039;inclut pas l&#039;autocollant et les pi\u00e8ces imprim\u00e9es. Toutes les pi\u00e8ces imprim\u00e9es seront remplac\u00e9es par des pi\u00e8ces standard et ne seront pas livr\u00e9es avec des accessoires tiers.<\/p>","protected":false},"featured_media":61202,"comment_status":"open","ping_status":"closed","template":"","meta":{"_acf_changed":false},"product_cat":[1365,371,581,1408],"product_tag":[13620,11072,8452,13619,10633,434],"class_list":["product","first","instock","shipping-taxable","purchasable","product-type-simple"],"acf":[],"_links":{"self":[{"href":"https:\/\/mouldking.store\/fr\/wp-json\/wp\/v2\/product\/61203","targetHints":{"allow":["GET"]}}],"collection":[{"href":"https:\/\/mouldking.store\/fr\/wp-json\/wp\/v2\/product"}],"about":[{"href":"https:\/\/mouldking.store\/fr\/wp-json\/wp\/v2\/types\/product"}],"replies":[{"embeddable":true,"href":"https:\/\/mouldking.store\/fr\/wp-json\/wp\/v2\/comments?post=61203"}],"wp:featuredmedia":[{"embeddable":true,"href":"https:\/\/mouldking.store\/fr\/wp-json\/wp\/v2\/media\/61202"}],"wp:attachment":[{"href":"https:\/\/mouldking.store\/fr\/wp-json\/wp\/v2\/media?parent=61203"}],"wp:term":[{"taxonomy":"product_cat","embeddable":true,"href":"https:\/\/mouldking.store\/fr\/wp-json\/wp\/v2\/product_cat?post=61203"},{"taxonomy":"product_tag","embeddable":true,"href":"https:\/\/mouldking.store\/fr\/wp-json\/wp\/v2\/product_tag?post=61203"}],"curies":[{"name":"wp","href":"https:\/\/api.w.org\/{rel}","templated":true}]}}