{"id":61225,"date":"2024-10-04T17:52:32","date_gmt":"2024-10-04T10:52:32","guid":{"rendered":"https:\/\/mouldking.store\/shop\/meilian-jx105-christmas-tree-with-454-pieces\/"},"modified":"2024-10-04T17:52:38","modified_gmt":"2024-10-04T10:52:38","slug":"meilian-jx105-christmas-tree-with-454-pieces","status":"publish","type":"product","link":"https:\/\/mouldking.store\/fr\/shop\/meilian-jx105-christmas-tree-with-454-pieces\/","title":{"rendered":"MEILIAN JX105 CHRISTMAS TREE with 454 Pieces"},"content":{"rendered":"<div>\u2705Meilian JX105 CHRISTMAS TREE<\/p>\n<p>\u2705 A Christmas tree is one of the most iconic symbols of the holiday season. It\u2019s traditionally an evergreen tree, like a fir or spruce, decorated with ornaments, lights, and a variety of festive adornments.&nbsp;<\/p>\n<p>\ud83d\udeabIMPORTANT !<\/p>\n<p>Product Name: CHRISTMAS TREE<\/p>\n<p>Cat\u00e9gorie\u00a0: Cr\u00e9ateur<\/p>\n<p>This Kit Contains: Meilian JX105<\/p>\n<p>454 pcs Good Quality Bricks<\/p>\n<p>Size: 12.7 x 23cm<\/p>\n<p>Instructions manuelles<\/p>\n<p>\ud83d\udcccNature du protagoniste<\/p>\n<p>Introducing our proud collection named \u201cCHRISTMAS TREE\u201d you should not miss.<\/p>\n<p>&nbsp;The tree itself would stand tall and lush, with deep green branches. At the top, a star or angel often sits as a crowning symbol, shining brightly above the rest of the decorations. The tree is adorned with strands of twinkling fairy lights, either in warm white or multicolored, weaving through the branches and illuminating the space with a cozy glow.&nbsp;<\/p><\/div>","protected":false},"excerpt":{"rendered":"<p>Brand: MEILIAN<br \/>\nGenre: Unisexe<br \/>\nTranche d&#039;\u00e2ge : &gt; 6 ans<br \/>\nModel Number: JX105<br \/>\nClassement : Assemblage<br \/>\nForme de bloc en plastique\u00a0: briques autobloquantes<br \/>\nMat\u00e9riel: Plastique<br \/>\nType de plastique : ABS<br \/>\nBricks Blocks: 454 +<br \/>\nPas de boite d&#039;origine<br \/>\nLe produit n&#039;inclut pas l&#039;autocollant et les pi\u00e8ces imprim\u00e9es. Toutes les pi\u00e8ces imprim\u00e9es seront remplac\u00e9es par des pi\u00e8ces standard et ne seront pas livr\u00e9es avec des accessoires tiers.<\/p>","protected":false},"featured_media":61224,"comment_status":"open","ping_status":"closed","template":"","meta":{"_acf_changed":false},"product_cat":[1365,371],"product_tag":[1066,3381,11072,8452,5983],"class_list":["product","first","instock","shipping-taxable","purchasable","product-type-simple"],"acf":[],"_links":{"self":[{"href":"https:\/\/mouldking.store\/fr\/wp-json\/wp\/v2\/product\/61225","targetHints":{"allow":["GET"]}}],"collection":[{"href":"https:\/\/mouldking.store\/fr\/wp-json\/wp\/v2\/product"}],"about":[{"href":"https:\/\/mouldking.store\/fr\/wp-json\/wp\/v2\/types\/product"}],"replies":[{"embeddable":true,"href":"https:\/\/mouldking.store\/fr\/wp-json\/wp\/v2\/comments?post=61225"}],"wp:featuredmedia":[{"embeddable":true,"href":"https:\/\/mouldking.store\/fr\/wp-json\/wp\/v2\/media\/61224"}],"wp:attachment":[{"href":"https:\/\/mouldking.store\/fr\/wp-json\/wp\/v2\/media?parent=61225"}],"wp:term":[{"taxonomy":"product_cat","embeddable":true,"href":"https:\/\/mouldking.store\/fr\/wp-json\/wp\/v2\/product_cat?post=61225"},{"taxonomy":"product_tag","embeddable":true,"href":"https:\/\/mouldking.store\/fr\/wp-json\/wp\/v2\/product_tag?post=61225"}],"curies":[{"name":"wp","href":"https:\/\/api.w.org\/{rel}","templated":true}]}}