{"id":61233,"date":"2024-10-04T17:52:57","date_gmt":"2024-10-04T10:52:57","guid":{"rendered":"https:\/\/mouldking.store\/shop\/dumeca-d1003-christmas-gift-with-538-pieces\/"},"modified":"2024-10-04T17:53:02","modified_gmt":"2024-10-04T10:53:02","slug":"dumeca-d1003-christmas-gift-with-538-pieces","status":"publish","type":"product","link":"https:\/\/mouldking.store\/fr\/shop\/dumeca-d1003-christmas-gift-with-538-pieces\/","title":{"rendered":"Dumeca D1003 Christmas Gift with 538 Pieces"},"content":{"rendered":"<div>\u2705Dumeca D1003 Christmas Gift<\/p>\n<p>\ud83d\udeabIMPORTANT !<\/p>\n<p>Product Name: Christmas Gift<\/p>\n<p>Cat\u00e9gorie\u00a0: Cr\u00e9ateur<\/p>\n<p>This Kit Contains: Dumeca D1003<\/p>\n<p>538 pcs Good Quality Bricks<\/p>\n<p>Instructions manuelles<\/p>\n<p>\ud83d\udcccNature du protagoniste<\/p>\n<p>Introducing our proud collection named \u201cChristmas Gift\u201d you should not miss.<\/p>\n<p>&nbsp;A Christmas gift is a thoughtful token exchanged during the holiday season, symbolizing love, appreciation, and the spirit of giving. Wrapped in festive paper, the gift is often adorned with ribbons, bows, or tags with the recipient&#8217;s name, creating an exciting anticipation for the person receiving it.&nbsp;<\/p><\/div>","protected":false},"excerpt":{"rendered":"<p>Brand: Dumeca<br \/>\nGenre: Unisexe<br \/>\nTranche d&#039;\u00e2ge : &gt; 6 ans<br \/>\nModel Number: D1003<br \/>\nClassement : Assemblage<br \/>\nForme de bloc en plastique\u00a0: briques autobloquantes<br \/>\nMat\u00e9riel: Plastique<br \/>\nType de plastique : ABS<br \/>\nBricks Blocks: 538 +<br \/>\nPas de boite d&#039;origine<br \/>\nLe produit n&#039;inclut pas l&#039;autocollant et les pi\u00e8ces imprim\u00e9es. Toutes les pi\u00e8ces imprim\u00e9es seront remplac\u00e9es par des pi\u00e8ces standard et ne seront pas livr\u00e9es avec des accessoires tiers.<\/p>","protected":false},"featured_media":61232,"comment_status":"open","ping_status":"closed","template":"","meta":{"_acf_changed":false},"product_cat":[1365,371],"product_tag":[1066,13621,11072,8452,4948],"class_list":["product","first","instock","shipping-taxable","purchasable","product-type-simple"],"acf":[],"_links":{"self":[{"href":"https:\/\/mouldking.store\/fr\/wp-json\/wp\/v2\/product\/61233","targetHints":{"allow":["GET"]}}],"collection":[{"href":"https:\/\/mouldking.store\/fr\/wp-json\/wp\/v2\/product"}],"about":[{"href":"https:\/\/mouldking.store\/fr\/wp-json\/wp\/v2\/types\/product"}],"replies":[{"embeddable":true,"href":"https:\/\/mouldking.store\/fr\/wp-json\/wp\/v2\/comments?post=61233"}],"wp:featuredmedia":[{"embeddable":true,"href":"https:\/\/mouldking.store\/fr\/wp-json\/wp\/v2\/media\/61232"}],"wp:attachment":[{"href":"https:\/\/mouldking.store\/fr\/wp-json\/wp\/v2\/media?parent=61233"}],"wp:term":[{"taxonomy":"product_cat","embeddable":true,"href":"https:\/\/mouldking.store\/fr\/wp-json\/wp\/v2\/product_cat?post=61233"},{"taxonomy":"product_tag","embeddable":true,"href":"https:\/\/mouldking.store\/fr\/wp-json\/wp\/v2\/product_tag?post=61233"}],"curies":[{"name":"wp","href":"https:\/\/api.w.org\/{rel}","templated":true}]}}