{"id":61246,"date":"2024-10-04T17:53:47","date_gmt":"2024-10-04T10:53:47","guid":{"rendered":"https:\/\/mouldking.store\/shop\/mould-king-11014-roller-coaster-with-motor-with-3646-pieces\/"},"modified":"2024-10-04T17:53:53","modified_gmt":"2024-10-04T10:53:53","slug":"mould-king-11014-roller-coaster-with-motor-with-3646-pieces","status":"publish","type":"product","link":"https:\/\/mouldking.store\/fr\/shop\/mould-king-11014-roller-coaster-with-motor-with-3646-pieces\/","title":{"rendered":"MOULD KING 11014 Roller Coaster With Motor with 3646 Pieces"},"content":{"rendered":"<div>\u2705MouldKing 11014 Roller Coaster With Motor<\/p>\n<p>\u2705 A <strong>roller coaster<\/strong> is an exhilarating amusement park ride designed to thrill passengers with high speeds, sharp turns, steep drops, and loops. It typically runs on a track system that climbs, twists, and dives, creating an intense and dynamic experience.&nbsp;<\/p>\n<p>\ud83d\udeabIMPORTANT !<\/p>\n<p>Product Name: Roller Coaster With Motor<\/p>\n<p>Cat\u00e9gorie : Technique<\/p>\n<p>This Kit Contains: MouldKing 11014&nbsp;<\/p>\n<p>3646 pcs Good Quality Bricks<\/p>\n<p>Size: 100.6 \u00d7 44.8 \u00d7 56.5 cm<\/p>\n<p>Instructions manuelles<\/p>\n<p>\ud83d\udcccNature du protagoniste<\/p>\n<p>Introducing our proud collection named \u201cRoller Coaster With Motor\u201d you should not miss.<\/p>\n<p>&nbsp; At the start, the coaster is pulled slowly up a steep incline by a chain lift, giving riders an increasingly breathtaking view of the park below. At the top, there\u2019s a brief moment of suspense before the coaster plunges down a steep drop, racing along the track at high speeds. Along the way, riders are sent through sharp banked turns, high-speed loops, zero-gravity moments, and perhaps even upside-down inversions, causing screams of excitement.&nbsp;<\/p><\/div>","protected":false},"excerpt":{"rendered":"<p>Marque : MOLD KING<br \/>\nGenre: Unisexe<br \/>\nTranche d&#039;\u00e2ge : &gt; 14 ans<br \/>\nModel Number: 11014<br \/>\nClassement : Assemblage<br \/>\nForme de bloc en plastique\u00a0: briques autobloquantes<br \/>\nMat\u00e9riel: Plastique<br \/>\nType de plastique : ABS<br \/>\nBricks Blocks: 3646 +<br \/>\nPas de boite d&#039;origine<br \/>\nLe produit n&#039;inclut pas l&#039;autocollant et les pi\u00e8ces imprim\u00e9es. Toutes les pi\u00e8ces imprim\u00e9es seront remplac\u00e9es par des pi\u00e8ces standard et ne seront pas livr\u00e9es avec des accessoires tiers.<\/p>","protected":false},"featured_media":61245,"comment_status":"open","ping_status":"closed","template":"","meta":{"_acf_changed":false},"product_cat":[1357,364],"product_tag":[12347,11995,13622,389,11080],"class_list":["product","first","instock","shipping-taxable","purchasable","product-type-simple"],"acf":[],"_links":{"self":[{"href":"https:\/\/mouldking.store\/fr\/wp-json\/wp\/v2\/product\/61246","targetHints":{"allow":["GET"]}}],"collection":[{"href":"https:\/\/mouldking.store\/fr\/wp-json\/wp\/v2\/product"}],"about":[{"href":"https:\/\/mouldking.store\/fr\/wp-json\/wp\/v2\/types\/product"}],"replies":[{"embeddable":true,"href":"https:\/\/mouldking.store\/fr\/wp-json\/wp\/v2\/comments?post=61246"}],"wp:featuredmedia":[{"embeddable":true,"href":"https:\/\/mouldking.store\/fr\/wp-json\/wp\/v2\/media\/61245"}],"wp:attachment":[{"href":"https:\/\/mouldking.store\/fr\/wp-json\/wp\/v2\/media?parent=61246"}],"wp:term":[{"taxonomy":"product_cat","embeddable":true,"href":"https:\/\/mouldking.store\/fr\/wp-json\/wp\/v2\/product_cat?post=61246"},{"taxonomy":"product_tag","embeddable":true,"href":"https:\/\/mouldking.store\/fr\/wp-json\/wp\/v2\/product_tag?post=61246"}],"curies":[{"name":"wp","href":"https:\/\/api.w.org\/{rel}","templated":true}]}}