{"id":61266,"date":"2024-10-09T18:33:18","date_gmt":"2024-10-09T11:33:18","guid":{"rendered":"https:\/\/mouldking.store\/shop\/mould-king-12012s-christmas-train-with-1457-pieces\/"},"modified":"2024-10-09T18:33:25","modified_gmt":"2024-10-09T11:33:25","slug":"mould-king-12012s-christmas-train-with-1457-pieces","status":"publish","type":"product","link":"https:\/\/mouldking.store\/fr\/shop\/mould-king-12012s-christmas-train-with-1457-pieces\/","title":{"rendered":"MOULD KING 12012S Christmas Train with 1457 Pieces"},"content":{"rendered":"<div>\u2705MouldKing 12012S Christmas Train<\/p>\n<p>\u2705 A Christmas train set is a festive, decorative model train that often runs on a circular or oval track, typically placed around a Christmas tree or as part of a holiday display. The train itself usually has a vintage or old-fashioned design, reminiscent of classic steam locomotives, with multiple carriages such as a coal car, passenger car, and sometimes even a caboose.&nbsp;<\/p>\n<p>\ud83d\udeabIMPORTANT !<\/p>\n<p>Product Name: Christmas Train<\/p>\n<p>Cat\u00e9gorie : Technique<\/p>\n<p>This Kit Contains: MouldKing 12012S<\/p>\n<p>1457&nbsp; pcs Good Quality Bricks<\/p>\n<p>Instructions manuelles<\/p>\n<p>\ud83d\udcccNature du protagoniste<\/p>\n<p>Introducing our proud collection named \u201cChristmas Train\u201d you should not miss.<\/p>\n<p>&nbsp;The train is often decked out in holiday colors, like red, green, gold, and white, with seasonal motifs like snowflakes, wreaths, and Santa Claus. Some Christmas trains feature small details like twinkling lights, festive music, or even a tiny Santa waving from one of the cars. Some sets come with moving parts or figurines, such as reindeer or elves, which add to the charm. A Christmas train set is more than just a toy; it adds a magical, nostalgic touch to holiday decor, evoking memories of classic Christmases.&nbsp;<\/p><\/div>","protected":false},"excerpt":{"rendered":"<p>Marque : MOLD KING<br \/>\nGenre: Unisexe<br \/>\nTranche d&#039;\u00e2ge : &gt; 6 ans<br \/>\nModel Number: 12012S<br \/>\nClassement : Assemblage<br \/>\nForme de bloc en plastique\u00a0: briques autobloquantes<br \/>\nMat\u00e9riel: Plastique<br \/>\nType de plastique : ABS<br \/>\nBricks Blocks: 1457 +<br \/>\nPas de boite d&#039;origine<br \/>\nLe produit n&#039;inclut pas l&#039;autocollant et les pi\u00e8ces imprim\u00e9es. Toutes les pi\u00e8ces imprim\u00e9es seront remplac\u00e9es par des pi\u00e8ces standard et ne seront pas livr\u00e9es avec des accessoires tiers.<\/p>","protected":false},"featured_media":61265,"comment_status":"open","ping_status":"closed","template":"","meta":{"_acf_changed":false},"product_cat":[1365,1357,371,372,390,581,6016,415,364],"product_tag":[1066,1067,8452,366,389,11080,300],"class_list":["product","first","instock","shipping-taxable","purchasable","product-type-simple"],"acf":[],"_links":{"self":[{"href":"https:\/\/mouldking.store\/fr\/wp-json\/wp\/v2\/product\/61266","targetHints":{"allow":["GET"]}}],"collection":[{"href":"https:\/\/mouldking.store\/fr\/wp-json\/wp\/v2\/product"}],"about":[{"href":"https:\/\/mouldking.store\/fr\/wp-json\/wp\/v2\/types\/product"}],"replies":[{"embeddable":true,"href":"https:\/\/mouldking.store\/fr\/wp-json\/wp\/v2\/comments?post=61266"}],"wp:featuredmedia":[{"embeddable":true,"href":"https:\/\/mouldking.store\/fr\/wp-json\/wp\/v2\/media\/61265"}],"wp:attachment":[{"href":"https:\/\/mouldking.store\/fr\/wp-json\/wp\/v2\/media?parent=61266"}],"wp:term":[{"taxonomy":"product_cat","embeddable":true,"href":"https:\/\/mouldking.store\/fr\/wp-json\/wp\/v2\/product_cat?post=61266"},{"taxonomy":"product_tag","embeddable":true,"href":"https:\/\/mouldking.store\/fr\/wp-json\/wp\/v2\/product_tag?post=61266"}],"curies":[{"name":"wp","href":"https:\/\/api.w.org\/{rel}","templated":true}]}}