{"id":61274,"date":"2024-10-09T18:33:59","date_gmt":"2024-10-09T11:33:59","guid":{"rendered":"https:\/\/mouldking.store\/shop\/mould-king-10162-christmas-carnival-band-with-1045-pieces\/"},"modified":"2024-10-09T18:34:06","modified_gmt":"2024-10-09T11:34:06","slug":"mould-king-10162-christmas-carnival-band-with-1045-pieces","status":"publish","type":"product","link":"https:\/\/mouldking.store\/fr\/shop\/mould-king-10162-christmas-carnival-band-with-1045-pieces\/","title":{"rendered":"MOULD KING 10162 Christmas Carnival Band with 1045 Pieces"},"content":{"rendered":"<div>\u2705MouldKing 10162 Christmas Carnival Band<\/p>\n<p>\u2705 A Christmas Carnival Band is a lively, festive ensemble that plays joyful holiday music, often seen in holiday parades, events, or winter carnivals. The band typically includes a variety of instruments like trumpets, trombones, tubas, drums, and sometimes even accordions or bagpipes, depending on the style and regional influences. Members are usually dressed in bright, colorful, and often themed costumes to match the Christmas spirit\u2014think Santa suits, elf outfits, reindeer antlers, or Victorian-style clothing.&nbsp;<\/p>\n<p>\ud83d\udeabIMPORTANT !<\/p>\n<p>Product Name: Christmas Carnival Band<\/p>\n<p>Cat\u00e9gorie\u00a0: Cr\u00e9ateur<\/p>\n<p>This Kit Contains: MouldKing 10162&nbsp;<\/p>\n<p>1045 pcs Good Quality Bricks<\/p>\n<p>Size: 29 \u00d7 11.6 \u00d7 18.1 cm<\/p>\n<p>Instructions manuelles<\/p>\n<p>\ud83d\udcccNature du protagoniste<\/p>\n<p>Introducing our proud collection named \u201cChristmas Carnival Band\u201d you should not miss.<\/p>\n<p>&nbsp;Their music focuses on classic Christmas carols, like &#8220;Jingle Bells,&#8221; &#8220;Deck the Halls,&#8221; and &#8220;We Wish You a Merry Christmas,&#8221; but may also include more contemporary holiday tunes. The sound is cheerful and upbeat, designed to engage crowds and add to the festive atmosphere. Depending on the carnival or event, the band may march through streets, playing music, or be stationed in a central performance area, accompanied by dancers, mascots, or even costumed characters like Santa or Frosty the Snowman.&nbsp;<\/p><\/div>","protected":false},"excerpt":{"rendered":"<p>Marque : MOLD KING<br \/>\nGenre: Unisexe<br \/>\nTranche d&#039;\u00e2ge : &gt; 14 ans<br \/>\nModel Number: 10162<br \/>\nClassement : Assemblage<br \/>\nForme de bloc en plastique\u00a0: briques autobloquantes<br \/>\nMat\u00e9riel: Plastique<br \/>\nType de plastique : ABS<br \/>\nBricks Blocks: 1045 +<br \/>\nPas de boite d&#039;origine<br \/>\nLe produit n&#039;inclut pas l&#039;autocollant et les pi\u00e8ces imprim\u00e9es. Toutes les pi\u00e8ces imprim\u00e9es seront remplac\u00e9es par des pi\u00e8ces standard et ne seront pas livr\u00e9es avec des accessoires tiers.<\/p>","protected":false},"featured_media":61273,"comment_status":"open","ping_status":"closed","template":"","meta":{"_acf_changed":false},"product_cat":[1365,371],"product_tag":[12507,12335,1066,11072,8452],"class_list":["product","first","instock","shipping-taxable","purchasable","product-type-simple"],"acf":[],"_links":{"self":[{"href":"https:\/\/mouldking.store\/fr\/wp-json\/wp\/v2\/product\/61274","targetHints":{"allow":["GET"]}}],"collection":[{"href":"https:\/\/mouldking.store\/fr\/wp-json\/wp\/v2\/product"}],"about":[{"href":"https:\/\/mouldking.store\/fr\/wp-json\/wp\/v2\/types\/product"}],"replies":[{"embeddable":true,"href":"https:\/\/mouldking.store\/fr\/wp-json\/wp\/v2\/comments?post=61274"}],"wp:featuredmedia":[{"embeddable":true,"href":"https:\/\/mouldking.store\/fr\/wp-json\/wp\/v2\/media\/61273"}],"wp:attachment":[{"href":"https:\/\/mouldking.store\/fr\/wp-json\/wp\/v2\/media?parent=61274"}],"wp:term":[{"taxonomy":"product_cat","embeddable":true,"href":"https:\/\/mouldking.store\/fr\/wp-json\/wp\/v2\/product_cat?post=61274"},{"taxonomy":"product_tag","embeddable":true,"href":"https:\/\/mouldking.store\/fr\/wp-json\/wp\/v2\/product_tag?post=61274"}],"curies":[{"name":"wp","href":"https:\/\/api.w.org\/{rel}","templated":true}]}}