{"id":61282,"date":"2024-10-09T18:34:07","date_gmt":"2024-10-09T11:34:07","guid":{"rendered":"https:\/\/mouldking.store\/shop\/mould-king-10161-snow-white-carriage-with-1214-pieces\/"},"modified":"2024-10-09T18:34:14","modified_gmt":"2024-10-09T11:34:14","slug":"mould-king-10161-snow-white-carriage-with-1214-pieces","status":"publish","type":"product","link":"https:\/\/mouldking.store\/fr\/shop\/mould-king-10161-snow-white-carriage-with-1214-pieces\/","title":{"rendered":"MOULD KING 10161 Snow White Carriage with 1214 Pieces"},"content":{"rendered":"<div>\u2705MouldKing 10161 Snow White Carriage<\/p>\n<p>\u2705 A <strong>Snow White Carriage<\/strong> is often depicted as a beautiful, fairy-tale-inspired carriage, usually resembling the one from the classic story of Snow White. This type of carriage embodies elegance, charm, and magical fantasy, making it popular in parades, wedding themes, and holiday displays.&nbsp;<\/p>\n<p>\ud83d\udeabIMPORTANT !<\/p>\n<p>Product Name: Snow White Carriage<\/p>\n<p>Cat\u00e9gorie\u00a0: Cr\u00e9ateur<\/p>\n<p>This Kit Contains: MouldKing 10161&nbsp;<\/p>\n<p>1214 pcs Good Quality Bricks<\/p>\n<p>Size: 37.8 \u00d7 15.4 \u00d7 19.5 cm<\/p>\n<p>Instructions manuelles<\/p>\n<p>\ud83d\udcccNature du protagoniste<\/p>\n<p>Introducing our proud collection named \u201cSnow White Carriage\u201d you should not miss.<\/p>\n<p>In a Christmas or winter setting, the Snow White Carriage might be surrounded by snow, icicles, or twinkling fairy lights, enhancing its magical aura. Sometimes it&#8217;s pulled by white horses, decorated with wreaths, ribbons, or bells. The carriage could also have characters like Snow White or Santa as part of its display, contributing to a storybook holiday atmosphere.&nbsp;<\/p><\/div>","protected":false},"excerpt":{"rendered":"<p>Marque : MOLD KING<br \/>\nGenre: Unisexe<br \/>\nTranche d&#039;\u00e2ge : &gt; 14 ans<br \/>\nModel Number: 10161<br \/>\nClassement : Assemblage<br \/>\nForme de bloc en plastique\u00a0: briques autobloquantes<br \/>\nMat\u00e9riel: Plastique<br \/>\nType de plastique : ABS<br \/>\nBricks Blocks: 1214 +<br \/>\nPas de boite d&#039;origine<br \/>\nLe produit n&#039;inclut pas l&#039;autocollant et les pi\u00e8ces imprim\u00e9es. Toutes les pi\u00e8ces imprim\u00e9es seront remplac\u00e9es par des pi\u00e8ces standard et ne seront pas livr\u00e9es avec des accessoires tiers.<\/p>","protected":false},"featured_media":61281,"comment_status":"open","ping_status":"closed","template":"","meta":{"_acf_changed":false},"product_cat":[1365,371,372,390,581,6016,415,364],"product_tag":[991,1066,11072,8452,366,13623,13624],"class_list":["product","first","instock","shipping-taxable","purchasable","product-type-simple"],"acf":[],"_links":{"self":[{"href":"https:\/\/mouldking.store\/fr\/wp-json\/wp\/v2\/product\/61282","targetHints":{"allow":["GET"]}}],"collection":[{"href":"https:\/\/mouldking.store\/fr\/wp-json\/wp\/v2\/product"}],"about":[{"href":"https:\/\/mouldking.store\/fr\/wp-json\/wp\/v2\/types\/product"}],"replies":[{"embeddable":true,"href":"https:\/\/mouldking.store\/fr\/wp-json\/wp\/v2\/comments?post=61282"}],"wp:featuredmedia":[{"embeddable":true,"href":"https:\/\/mouldking.store\/fr\/wp-json\/wp\/v2\/media\/61281"}],"wp:attachment":[{"href":"https:\/\/mouldking.store\/fr\/wp-json\/wp\/v2\/media?parent=61282"}],"wp:term":[{"taxonomy":"product_cat","embeddable":true,"href":"https:\/\/mouldking.store\/fr\/wp-json\/wp\/v2\/product_cat?post=61282"},{"taxonomy":"product_tag","embeddable":true,"href":"https:\/\/mouldking.store\/fr\/wp-json\/wp\/v2\/product_tag?post=61282"}],"curies":[{"name":"wp","href":"https:\/\/api.w.org\/{rel}","templated":true}]}}