{"id":61305,"date":"2024-10-09T18:35:35","date_gmt":"2024-10-09T11:35:35","guid":{"rendered":"https:\/\/mouldking.store\/shop\/mould-king-18018s-blue-lightning-buggy-with-motor-with-532-pieces\/"},"modified":"2024-10-09T18:35:42","modified_gmt":"2024-10-09T11:35:42","slug":"mould-king-18018s-blue-lightning-buggy-with-motor-with-532-pieces","status":"publish","type":"product","link":"https:\/\/mouldking.store\/fr\/shop\/mould-king-18018s-blue-lightning-buggy-with-motor-with-532-pieces\/","title":{"rendered":"MOULD KING 18018S Blue Lightning Buggy With Motor with 532 Pieces"},"content":{"rendered":"<div>\u2705MouldKing 18018S Blue Lightning Buggy With Motor<\/p>\n<p>\u2705 The primary color of the buggy is a striking blue, often enhanced with metallic or neon accents to give it a flashy, eye-catching appearance.<\/p>\n<p>\ud83d\udeabIMPORTANT !<\/p>\n<p>Product Name: Blue Lightning Buggy With Motor<\/p>\n<p>Cat\u00e9gorie : Technique<\/p>\n<p>This Kit Contains: MouldKing 18018S<\/p>\n<p>532 pcs Good Quality Bricks<\/p>\n<p>Size:&nbsp; 36 \u00d7 23.1 \u00d7 22.5 cm<\/p>\n<p>Instructions manuelles<\/p>\n<p>\ud83d\udcccNature du protagoniste<\/p>\n<p>Introducing our proud collection named \u201cBlue Lightning Buggy With Motor\u201d you should not miss.<\/p>\n<p>&nbsp;The <strong>Blue Lightning Buggy<\/strong> represents fun, speed, and adventure, making it an exciting addition to any toy collection. Whether used for racing, collecting, or imaginative play, it captures the thrill of off-road exploration and high-speed competition.&nbsp;<\/div>","protected":false},"excerpt":{"rendered":"<p>Marque : MOLD KING<br \/>\nGenre: Unisexe<br \/>\nTranche d&#039;\u00e2ge : &gt; 8 ans<br \/>\nModel Number: 18018S<br \/>\nClassement : Assemblage<br \/>\nForme de bloc en plastique\u00a0: briques autobloquantes<br \/>\nMat\u00e9riel: Plastique<br \/>\nType de plastique : ABS<br \/>\nBricks Blocks: 532 +<br \/>\nPas de boite d&#039;origine<br \/>\nLe produit n&#039;inclut pas l&#039;autocollant et les pi\u00e8ces imprim\u00e9es. Toutes les pi\u00e8ces imprim\u00e9es seront remplac\u00e9es par des pi\u00e8ces standard et ne seront pas livr\u00e9es avec des accessoires tiers.<\/p>","protected":false},"featured_media":61304,"comment_status":"open","ping_status":"closed","template":"","meta":{"_acf_changed":false},"product_cat":[1357,371,372,390,581,6016,415,364],"product_tag":[456,11787,13627,366,389,11080],"class_list":["product","first","instock","shipping-taxable","purchasable","product-type-simple"],"acf":[],"_links":{"self":[{"href":"https:\/\/mouldking.store\/fr\/wp-json\/wp\/v2\/product\/61305","targetHints":{"allow":["GET"]}}],"collection":[{"href":"https:\/\/mouldking.store\/fr\/wp-json\/wp\/v2\/product"}],"about":[{"href":"https:\/\/mouldking.store\/fr\/wp-json\/wp\/v2\/types\/product"}],"replies":[{"embeddable":true,"href":"https:\/\/mouldking.store\/fr\/wp-json\/wp\/v2\/comments?post=61305"}],"wp:featuredmedia":[{"embeddable":true,"href":"https:\/\/mouldking.store\/fr\/wp-json\/wp\/v2\/media\/61304"}],"wp:attachment":[{"href":"https:\/\/mouldking.store\/fr\/wp-json\/wp\/v2\/media?parent=61305"}],"wp:term":[{"taxonomy":"product_cat","embeddable":true,"href":"https:\/\/mouldking.store\/fr\/wp-json\/wp\/v2\/product_cat?post=61305"},{"taxonomy":"product_tag","embeddable":true,"href":"https:\/\/mouldking.store\/fr\/wp-json\/wp\/v2\/product_tag?post=61305"}],"curies":[{"name":"wp","href":"https:\/\/api.w.org\/{rel}","templated":true}]}}