{"id":61313,"date":"2024-10-09T18:36:03","date_gmt":"2024-10-09T11:36:03","guid":{"rendered":"https:\/\/mouldking.store\/shop\/mould-king-12027s-emd-sd40-2-diesel-locomotive-with-motor-with-1257-pieces\/"},"modified":"2024-10-09T18:36:10","modified_gmt":"2024-10-09T11:36:10","slug":"mould-king-12027s-emd-sd40-2-diesel-locomotive-with-motor-with-1257-pieces","status":"publish","type":"product","link":"https:\/\/mouldking.store\/fr\/shop\/mould-king-12027s-emd-sd40-2-diesel-locomotive-with-motor-with-1257-pieces\/","title":{"rendered":"Locomotive diesel MOULD KING 12027S EMD SD40-2 avec moteur de 1\u00a0257 pi\u00e8ces"},"content":{"rendered":"<div>\u2705MouldKing 12027S EMD SD40-2 Diesel Locomotive With Motor<\/p>\n<p>\u2705 The <strong>EMD SD40-2<\/strong> is a diesel-electric locomotive built by the Electro-Motive Division (EMD) of General Motors, known for its durability, reliability, and versatility.<\/p>\n<p>\ud83d\udeabIMPORTANT !<\/p>\n<p>Product Name:&nbsp; EMD SD40-2 Diesel Locomotive With Motor<\/p>\n<p>Cat\u00e9gorie : Technique<\/p>\n<p>This Kit Contains: MouldKing 12027S<\/p>\n<p>1257 pcs Good Quality Bricks<\/p>\n<p>Size: 60.7 \u00d7 6.6 \u00d7 10.6 cm<\/p>\n<p>Instructions manuelles<\/p>\n<p>\ud83d\udcccNature du protagoniste<\/p>\n<p>Introducing our proud collection named \u201cEMD SD40-2 Diesel Locomotive With Motor\u201d you should not miss.<\/p>\n<p>The <strong>EMD SD40-2<\/strong> diesel locomotive is a legendary machine in the world of rail transport, known for its power, versatility, and robust design. Its impact on the freight and rail industry continues to be felt, making it a symbol of American railroading history. Whether in service or as part of a collection, the SD40-2 remains an iconic and respected locomotive.&nbsp;<\/div>","protected":false},"excerpt":{"rendered":"<p>Marque : MOLD KING<br \/>\nGenre: Unisexe<br \/>\nTranche d&#039;\u00e2ge : &gt; 14 ans<br \/>\nModel Number: 12027S<br \/>\nClassement : Assemblage<br \/>\nForme de bloc en plastique\u00a0: briques autobloquantes<br \/>\nMat\u00e9riel: Plastique<br \/>\nType de plastique : ABS<br \/>\nBricks Blocks: 1257 +<br \/>\nPas de boite d&#039;origine<br \/>\nLe produit n&#039;inclut pas l&#039;autocollant et les pi\u00e8ces imprim\u00e9es. Toutes les pi\u00e8ces imprim\u00e9es seront remplac\u00e9es par des pi\u00e8ces standard et ne seront pas livr\u00e9es avec des accessoires tiers.<\/p>","protected":false},"featured_media":61312,"comment_status":"open","ping_status":"closed","template":"","meta":{"_acf_changed":false},"product_cat":[1357,371,372,390,581,6016,415,364],"product_tag":[12996,11524,12995,2635,366,12997,389,11080],"class_list":["product","first","instock","shipping-taxable","purchasable","product-type-simple"],"acf":[],"_links":{"self":[{"href":"https:\/\/mouldking.store\/fr\/wp-json\/wp\/v2\/product\/61313","targetHints":{"allow":["GET"]}}],"collection":[{"href":"https:\/\/mouldking.store\/fr\/wp-json\/wp\/v2\/product"}],"about":[{"href":"https:\/\/mouldking.store\/fr\/wp-json\/wp\/v2\/types\/product"}],"replies":[{"embeddable":true,"href":"https:\/\/mouldking.store\/fr\/wp-json\/wp\/v2\/comments?post=61313"}],"wp:featuredmedia":[{"embeddable":true,"href":"https:\/\/mouldking.store\/fr\/wp-json\/wp\/v2\/media\/61312"}],"wp:attachment":[{"href":"https:\/\/mouldking.store\/fr\/wp-json\/wp\/v2\/media?parent=61313"}],"wp:term":[{"taxonomy":"product_cat","embeddable":true,"href":"https:\/\/mouldking.store\/fr\/wp-json\/wp\/v2\/product_cat?post=61313"},{"taxonomy":"product_tag","embeddable":true,"href":"https:\/\/mouldking.store\/fr\/wp-json\/wp\/v2\/product_tag?post=61313"}],"curies":[{"name":"wp","href":"https:\/\/api.w.org\/{rel}","templated":true}]}}