{"id":61324,"date":"2024-10-09T18:36:44","date_gmt":"2024-10-09T11:36:44","guid":{"rendered":"https:\/\/mouldking.store\/shop\/mould-king-10116-myoora-lamborghini-with-1607-pieces\/"},"modified":"2024-10-09T18:36:51","modified_gmt":"2024-10-09T11:36:51","slug":"mould-king-10116-myoora-lamborghini-with-1607-pieces","status":"publish","type":"product","link":"https:\/\/mouldking.store\/fr\/shop\/mould-king-10116-myoora-lamborghini-with-1607-pieces\/","title":{"rendered":"MOULD KING 10116 MYOORA Lamborghini avec 1607 pi\u00e8ces"},"content":{"rendered":"<div>\u2705MouldKing 10116 MYOORA Lamborghini<\/p>\n<p>\u2705 The <strong>MyOora Lamborghini<\/strong> is a model that is part of the MyOora series, which offers customizable and programmable cars that are designed for enthusiasts, collectors, and hobbyists.<\/p>\n<p>\ud83d\udeabIMPORTANT !<\/p>\n<p>Product Name: MYOORA Lamborghini<\/p>\n<p>Cat\u00e9gorie : Technique<\/p>\n<p>This Kit Contains: MouldKing 10116<\/p>\n<p>1607 pcs Good Quality Bricks<\/p>\n<p>Size:&nbsp; 32.6 \u00d7 14.8 \u00d7 9.6 cm<\/p>\n<p>Instructions manuelles<\/p>\n<p>\ud83d\udcccNature du protagoniste<\/p>\n<p>Introducing our proud collection named \u201cMYOORA Lamborghini\u201d you should not miss.<\/p>\n<p>The <strong>MyOora Lamborghini<\/strong> represents a fusion of automotive design and interactive technology, catering to those who admire the luxury and performance of Lamborghini vehicles. With its customizable features and engaging performance, it appeals to both collectors and hobbyists looking for a unique automotive experience.&nbsp;<\/div>","protected":false},"excerpt":{"rendered":"<p>Marque : MOLD KING<br \/>\nGenre: Unisexe<br \/>\nTranche d&#039;\u00e2ge : &gt; 14 ans<br \/>\nModel Number: 10116<br \/>\nClassement : Assemblage<br \/>\nForme de bloc en plastique\u00a0: briques autobloquantes<br \/>\nMat\u00e9riel: Plastique<br \/>\nType de plastique : ABS<br \/>\nBricks Blocks: 1607 +<br \/>\nPas de boite d&#039;origine<br \/>\nLe produit n&#039;inclut pas l&#039;autocollant et les pi\u00e8ces imprim\u00e9es. Toutes les pi\u00e8ces imprim\u00e9es seront remplac\u00e9es par des pi\u00e8ces standard et ne seront pas livr\u00e9es avec des accessoires tiers.<\/p>","protected":false},"featured_media":61323,"comment_status":"open","ping_status":"closed","template":"","meta":{"_acf_changed":false},"product_cat":[1360,1357,371,372,390,581,6016,415,364,1875],"product_tag":[457,596,366,13629,389,11080],"class_list":["product","first","instock","shipping-taxable","purchasable","product-type-simple"],"acf":[],"_links":{"self":[{"href":"https:\/\/mouldking.store\/fr\/wp-json\/wp\/v2\/product\/61324","targetHints":{"allow":["GET"]}}],"collection":[{"href":"https:\/\/mouldking.store\/fr\/wp-json\/wp\/v2\/product"}],"about":[{"href":"https:\/\/mouldking.store\/fr\/wp-json\/wp\/v2\/types\/product"}],"replies":[{"embeddable":true,"href":"https:\/\/mouldking.store\/fr\/wp-json\/wp\/v2\/comments?post=61324"}],"wp:featuredmedia":[{"embeddable":true,"href":"https:\/\/mouldking.store\/fr\/wp-json\/wp\/v2\/media\/61323"}],"wp:attachment":[{"href":"https:\/\/mouldking.store\/fr\/wp-json\/wp\/v2\/media?parent=61324"}],"wp:term":[{"taxonomy":"product_cat","embeddable":true,"href":"https:\/\/mouldking.store\/fr\/wp-json\/wp\/v2\/product_cat?post=61324"},{"taxonomy":"product_tag","embeddable":true,"href":"https:\/\/mouldking.store\/fr\/wp-json\/wp\/v2\/product_tag?post=61324"}],"curies":[{"name":"wp","href":"https:\/\/api.w.org\/{rel}","templated":true}]}}