{"id":61414,"date":"2024-10-17T18:15:49","date_gmt":"2024-10-17T11:15:49","guid":{"rendered":"https:\/\/mouldking.store\/shop\/quanguan-100277-m4a3-sherman-medium-tank-105mm-with-1175-pieces\/"},"modified":"2024-10-17T18:16:00","modified_gmt":"2024-10-17T11:16:00","slug":"quanguan-100277-m4a3-sherman-medium-tank-105mm-with-1175-pieces","status":"publish","type":"product","link":"https:\/\/mouldking.store\/fr\/shop\/quanguan-100277-m4a3-sherman-medium-tank-105mm-with-1175-pieces\/","title":{"rendered":"QUANGUAN 100277 Char moyen M4A3 Sherman 105 mm avec 1\u00a0175 pi\u00e8ces"},"content":{"rendered":"<div>\u2705Quan Guan 100277 M4A3 Sherman Medium Tank 105MM<\/p>\n<p>\u2705 The M4A3 Sherman was a variant of the M4 Sherman medium tank, widely used during World War II by the United States and its allies. The M4A3 was notable for its versatility and effectiveness in a variety of combat roles.&nbsp;<\/p>\n<p>\ud83d\udeabIMPORTANT !<\/p>\n<p>Product Name: M4A3 Sherman Medium Tank 105MM<\/p>\n<p>Cat\u00e9gorie : Militaire<\/p>\n<p>This Kit Contains: Quan Guan 100277<\/p>\n<p>1175 pcs Good Quality Bricks<\/p>\n<p>Size: 21.4 \u00d7 9.7 \u00d7 12.2 cm<\/p>\n<p>Instructions manuelles<\/p>\n<p>\ud83d\udcccNature du protagoniste<\/p>\n<p>Introducing our proud collection named \u201cM4A3 Sherman Medium Tank 105MM\u201d you should not miss.<\/p>\n<p>&nbsp;The M4A3 was initially armed with a 75mm gun, but the 105mm howitzer version offered improved firepower, making it effective against fortified positions and enemy infantry.&nbsp; The 105mm howitzer was more suited for support roles, providing artillery-like capabilities on the battlefield.&nbsp; The M4A3 Sherman 105mm variant played a significant role in the Allied victory during World War II and is a symbol of American tank design and engineering. It remains a popular subject for military history enthusiasts and modelers alike.&nbsp;<\/p><\/div>","protected":false},"excerpt":{"rendered":"<p>Marque : QUANGUAN<br \/>\nGenre: Unisexe<br \/>\nTranche d&#039;\u00e2ge : &gt; 6 ans<br \/>\nModel Number: 100277<br \/>\nClassement : Assemblage<br \/>\nForme de bloc en plastique\u00a0: briques autobloquantes<br \/>\nMat\u00e9riel: Plastique<br \/>\nType de plastique : ABS<br \/>\nBricks Blocks: 1175 +<br \/>\nPas de boite d&#039;origine<br \/>\nLe produit n&#039;inclut pas l&#039;autocollant et les pi\u00e8ces imprim\u00e9es. Toutes les pi\u00e8ces imprim\u00e9es seront remplac\u00e9es par des pi\u00e8ces standard et ne seront pas livr\u00e9es avec des accessoires tiers.<\/p>","protected":false},"featured_media":61413,"comment_status":"open","ping_status":"closed","template":"","meta":{"_acf_changed":false},"product_cat":[1350,1357,372,364],"product_tag":[11966,3813,374,11461,485,389],"class_list":["product","first","instock","shipping-taxable","purchasable","product-type-simple"],"acf":[],"_links":{"self":[{"href":"https:\/\/mouldking.store\/fr\/wp-json\/wp\/v2\/product\/61414","targetHints":{"allow":["GET"]}}],"collection":[{"href":"https:\/\/mouldking.store\/fr\/wp-json\/wp\/v2\/product"}],"about":[{"href":"https:\/\/mouldking.store\/fr\/wp-json\/wp\/v2\/types\/product"}],"replies":[{"embeddable":true,"href":"https:\/\/mouldking.store\/fr\/wp-json\/wp\/v2\/comments?post=61414"}],"wp:featuredmedia":[{"embeddable":true,"href":"https:\/\/mouldking.store\/fr\/wp-json\/wp\/v2\/media\/61413"}],"wp:attachment":[{"href":"https:\/\/mouldking.store\/fr\/wp-json\/wp\/v2\/media?parent=61414"}],"wp:term":[{"taxonomy":"product_cat","embeddable":true,"href":"https:\/\/mouldking.store\/fr\/wp-json\/wp\/v2\/product_cat?post=61414"},{"taxonomy":"product_tag","embeddable":true,"href":"https:\/\/mouldking.store\/fr\/wp-json\/wp\/v2\/product_tag?post=61414"}],"curies":[{"name":"wp","href":"https:\/\/api.w.org\/{rel}","templated":true}]}}