{"id":61480,"date":"2024-10-18T17:54:37","date_gmt":"2024-10-18T10:54:37","guid":{"rendered":"https:\/\/mouldking.store\/shop\/moc-factory-84403-clippy-with-85-pieces\/"},"modified":"2025-12-16T20:59:00","modified_gmt":"2025-12-16T13:59:00","slug":"moc-factory-84403-clippy-with-85-pieces","status":"publish","type":"product","link":"https:\/\/mouldking.store\/fr\/shop\/moc-factory-84403-clippy-with-85-pieces\/","title":{"rendered":"MOC Factory 84403 Clippy with 85 Pieces"},"content":{"rendered":"<div>\u2705 MOC-84403 Clippy<\/p>\n<p>\u2705<strong>Clippy<\/strong>, officially known as <strong>Clippit<\/strong>, is a virtual assistant created by Microsoft that gained notoriety as part of Microsoft Office from the late 1990s to the early 2000s. Clippy is an animated paperclip designed to help users with tasks in Microsoft Office applications, such as Word and Excel.&nbsp;<\/p>\n<p>\ud83d\udeabIMPORTANT !<\/p>\n<p>Product Name: Clippy<\/p>\n<p>Cat\u00e9gorie\u00a0: Cr\u00e9ateur<\/p>\n<p>This Kit Contains: C10073<\/p>\n<p>85 pcs Good Quality Bricks<\/p>\n<p>Size: 8 x 8 x 18 cm<\/p>\n<p>Poids\u00a0: 0,07\u00a0kg<\/p>\n<p>Instructions PDF<\/p>\n<p>\ud83d\udcccNature du protagoniste<\/p>\n<p>Introducing our proud collection named \u201cClippy\u201d you should not miss.<\/p>\n<p>Clippy is a cartoonish paperclip with large, expressive eyes and a small mouth, giving it a friendly, albeit somewhat annoying, personality.&nbsp; Clippy was designed to assist users by offering tips, shortcuts, and help with various tasks. It would pop up when a user seemed to be struggling with a feature or could benefit from assistance, often asking, &#8220;It looks like you&#8217;re writing a letter. Would you like help with that?&#8221;&nbsp; While Clippy aimed to enhance user experience, it quickly became infamous for being intrusive and overly eager. Many users found its frequent pop-ups and suggestions to be more annoying than helpful, leading to widespread criticism.&nbsp;<\/p><\/div>","protected":false},"excerpt":{"rendered":"<p>Marque : MOC Factory<br \/>\nGenre: Unisexe<br \/>\nTranche d&#039;\u00e2ge : &gt; 6 ans<br \/>\nModel Number: 84403<br \/>\nClassement : Assemblage<br \/>\nForme de bloc en plastique\u00a0: briques autobloquantes<br \/>\nMat\u00e9riel: Plastique<br \/>\nType de plastique : ABS<br \/>\nBricks Blocks: 85 +<br \/>\nPas de boite d&#039;origine<br \/>\nLe produit n&#039;inclut pas l&#039;autocollant et les pi\u00e8ces imprim\u00e9es. Toutes les pi\u00e8ces imprim\u00e9es seront remplac\u00e9es par des pi\u00e8ces standard et ne seront pas livr\u00e9es avec des accessoires tiers.<\/p>","protected":false},"featured_media":61479,"comment_status":"open","ping_status":"closed","template":"","meta":{"_acf_changed":false},"product_cat":[1365,371],"product_tag":[13641,11072,8452],"class_list":["product","first","instock","shipping-taxable","purchasable","product-type-simple"],"acf":[],"_links":{"self":[{"href":"https:\/\/mouldking.store\/fr\/wp-json\/wp\/v2\/product\/61480","targetHints":{"allow":["GET"]}}],"collection":[{"href":"https:\/\/mouldking.store\/fr\/wp-json\/wp\/v2\/product"}],"about":[{"href":"https:\/\/mouldking.store\/fr\/wp-json\/wp\/v2\/types\/product"}],"replies":[{"embeddable":true,"href":"https:\/\/mouldking.store\/fr\/wp-json\/wp\/v2\/comments?post=61480"}],"wp:featuredmedia":[{"embeddable":true,"href":"https:\/\/mouldking.store\/fr\/wp-json\/wp\/v2\/media\/61479"}],"wp:attachment":[{"href":"https:\/\/mouldking.store\/fr\/wp-json\/wp\/v2\/media?parent=61480"}],"wp:term":[{"taxonomy":"product_cat","embeddable":true,"href":"https:\/\/mouldking.store\/fr\/wp-json\/wp\/v2\/product_cat?post=61480"},{"taxonomy":"product_tag","embeddable":true,"href":"https:\/\/mouldking.store\/fr\/wp-json\/wp\/v2\/product_tag?post=61480"}],"curies":[{"name":"wp","href":"https:\/\/api.w.org\/{rel}","templated":true}]}}