{"id":61489,"date":"2024-10-18T17:56:54","date_gmt":"2024-10-18T10:56:54","guid":{"rendered":"https:\/\/mouldking.store\/shop\/moc-factory-168757-ghostbusters-frozen-empire-ectomobile-with-612-pieces\/"},"modified":"2025-12-16T20:59:00","modified_gmt":"2025-12-16T13:59:00","slug":"moc-factory-168757-ghostbusters-frozen-empire-ectomobile-with-612-pieces","status":"publish","type":"product","link":"https:\/\/mouldking.store\/fr\/shop\/moc-factory-168757-ghostbusters-frozen-empire-ectomobile-with-612-pieces\/","title":{"rendered":"MOC Factory 168757 Ghostbusters Frozen Empire Ectomobile with 612 Pieces"},"content":{"rendered":"<div>\u2705 MOC-168757 Ghostbusters Frozen Empire Ectomobile<\/p>\n<p>\u2705 In the upcoming <em>Ghostbusters: Frozen Empire<\/em>, the <strong>Ectomobile<\/strong>, often referred to as the <strong>Ecto-1<\/strong>, continues to be an iconic element of the <em>Ghostbusters<\/em> franchise.&nbsp; The Ecto-1 is a modified 1959 Cadillac Miller-Meteor ambulance\/hearse combination. Its classic design features a prominent white exterior with red and blue accents, along with the recognizable Ghostbusters logo.<\/p>\n<p>\ud83d\udeabIMPORTANT !<\/p>\n<p>Product Name: Ghostbusters Frozen Empire Ectomobile<\/p>\n<p>Cat\u00e9gorie : Technique<\/p>\n<p>This Kit Contains: C10078<\/p>\n<p>612 pcs Good Quality Bricks<\/p>\n<p>Size: 15 x 8 x 8 cm<\/p>\n<p>Poids : 0,31 kg<\/p>\n<p>Instructions PDF<\/p>\n<p>\ud83d\udcccNature du protagoniste<\/p>\n<p>Introducing our proud collection named \u201cGhostbusters Frozen Empire Ectomobile\u201d you should not miss.<\/p>\n<p>The Ecto-1 continues to be an essential part of the <em>Ghostbusters<\/em> franchise, symbolizing both nostalgia and the ongoing adventure of the Ghostbusters team. In <em>Frozen Empire<\/em>, fans can expect the Ecto-1 to remain a central figure in the fight against the supernatural, embodying the spirit of the franchise while adapting to new storylines and challenges.&nbsp;<\/div>","protected":false},"excerpt":{"rendered":"<p>Marque : MOC Factory<br \/>\nGenre: Unisexe<br \/>\nTranche d&#039;\u00e2ge : &gt; 6 ans<br \/>\nModel Number: 168757<br \/>\nClassement : Assemblage<br \/>\nForme de bloc en plastique\u00a0: briques autobloquantes<br \/>\nMat\u00e9riel: Plastique<br \/>\nType de plastique : ABS<br \/>\nBricks Blocks: 612 +<br \/>\nPas de boite d&#039;origine<br \/>\nLe produit n&#039;inclut pas l&#039;autocollant et les pi\u00e8ces imprim\u00e9es. Toutes les pi\u00e8ces imprim\u00e9es seront remplac\u00e9es par des pi\u00e8ces standard et ne seront pas livr\u00e9es avec des accessoires tiers.<\/p>","protected":false},"featured_media":61488,"comment_status":"open","ping_status":"closed","template":"","meta":{"_acf_changed":false},"product_cat":[1360,1357,1532,364,1875],"product_tag":[457,13643,8327,1478,13642,389,11080],"class_list":["product","first","instock","shipping-taxable","purchasable","product-type-simple"],"acf":[],"_links":{"self":[{"href":"https:\/\/mouldking.store\/fr\/wp-json\/wp\/v2\/product\/61489","targetHints":{"allow":["GET"]}}],"collection":[{"href":"https:\/\/mouldking.store\/fr\/wp-json\/wp\/v2\/product"}],"about":[{"href":"https:\/\/mouldking.store\/fr\/wp-json\/wp\/v2\/types\/product"}],"replies":[{"embeddable":true,"href":"https:\/\/mouldking.store\/fr\/wp-json\/wp\/v2\/comments?post=61489"}],"wp:featuredmedia":[{"embeddable":true,"href":"https:\/\/mouldking.store\/fr\/wp-json\/wp\/v2\/media\/61488"}],"wp:attachment":[{"href":"https:\/\/mouldking.store\/fr\/wp-json\/wp\/v2\/media?parent=61489"}],"wp:term":[{"taxonomy":"product_cat","embeddable":true,"href":"https:\/\/mouldking.store\/fr\/wp-json\/wp\/v2\/product_cat?post=61489"},{"taxonomy":"product_tag","embeddable":true,"href":"https:\/\/mouldking.store\/fr\/wp-json\/wp\/v2\/product_tag?post=61489"}],"curies":[{"name":"wp","href":"https:\/\/api.w.org\/{rel}","templated":true}]}}