{"id":61509,"date":"2024-10-22T18:21:56","date_gmt":"2024-10-22T11:21:56","guid":{"rendered":"https:\/\/mouldking.store\/shop\/moc-factory-61119-lancia-delta-hf-integrale-with-259-pieces\/"},"modified":"2025-12-16T20:59:00","modified_gmt":"2025-12-16T13:59:00","slug":"moc-factory-61119-lancia-delta-hf-integrale-with-259-pieces","status":"publish","type":"product","link":"https:\/\/mouldking.store\/fr\/shop\/moc-factory-61119-lancia-delta-hf-integrale-with-259-pieces\/","title":{"rendered":"MOC Factory 61119 Lancia Delta HF Integrale with 259 Pieces"},"content":{"rendered":"<div>\u2705 MOC-61119 Lancia Delta HF Integrale<\/p>\n<p>\u2705 The Lancia Delta HF Integrale is a legendary rally car known for its incredible performance, especially in the World Rally Championship (WRC) during the late 1980s and early 1990s. It is particularly iconic for its all-wheel-drive system, turbocharged engine, and aggressive styling. The Delta HF Integrale earned Lancia multiple WRC Constructors&#8217; Championships, cementing its place in motorsport history.&nbsp;<\/p>\n<p>\ud83d\udeabIMPORTANT !<\/p>\n<p>Product Name: Lancia Delta HF Integrale<\/p>\n<p>Cat\u00e9gorie : Technique<\/p>\n<p>This Kit Contains: C10080<\/p>\n<p>259 pcs Good Quality Bricks<\/p>\n<p>Size: 12 x 8 x 8 cm<\/p>\n<p>Instructions PDF<\/p>\n<p>\ud83d\udcccNature du protagoniste<\/p>\n<p>Introducing our proud collection named \u201cLancia Delta HF Integrale\u201d you should not miss.<\/p>\n<p>&nbsp;Turbocharged inline-4 engines, with power ranging from around 185 hp in the early versions to over 200 hp in later models.&nbsp; 5-speed manual, paired with an advanced all-wheel-drive system.&nbsp; A boxy yet aerodynamic design with wide fenders to accommodate the wider rally tires, adding to its distinct look.&nbsp; Dominated the WRC from 1987 to 1992, winning six consecutive Constructors&#8217; Championships and several Drivers&#8217; Championships.&nbsp;<\/p><\/div>","protected":false},"excerpt":{"rendered":"<p>Marque : MOC Factory<br \/>\nGenre: Unisexe<br \/>\nTranche d&#039;\u00e2ge : &gt; 6 ans<br \/>\nModel Number: 61119<br \/>\nClassement : Assemblage<br \/>\nForme de bloc en plastique\u00a0: briques autobloquantes<br \/>\nMat\u00e9riel: Plastique<br \/>\nType de plastique : ABS<br \/>\nBricks Blocks: 259 +<br \/>\nPas de boite d&#039;origine<br \/>\nLe produit n&#039;inclut pas l&#039;autocollant et les pi\u00e8ces imprim\u00e9es. Toutes les pi\u00e8ces imprim\u00e9es seront remplac\u00e9es par des pi\u00e8ces standard et ne seront pas livr\u00e9es avec des accessoires tiers.<\/p>","protected":false},"featured_media":61508,"comment_status":"open","ping_status":"closed","template":"","meta":{"_acf_changed":false},"product_cat":[1360,1357,364,1875],"product_tag":[457,13490,13644,389,11080],"class_list":["product","first","instock","shipping-taxable","purchasable","product-type-simple"],"acf":[],"_links":{"self":[{"href":"https:\/\/mouldking.store\/fr\/wp-json\/wp\/v2\/product\/61509","targetHints":{"allow":["GET"]}}],"collection":[{"href":"https:\/\/mouldking.store\/fr\/wp-json\/wp\/v2\/product"}],"about":[{"href":"https:\/\/mouldking.store\/fr\/wp-json\/wp\/v2\/types\/product"}],"replies":[{"embeddable":true,"href":"https:\/\/mouldking.store\/fr\/wp-json\/wp\/v2\/comments?post=61509"}],"wp:featuredmedia":[{"embeddable":true,"href":"https:\/\/mouldking.store\/fr\/wp-json\/wp\/v2\/media\/61508"}],"wp:attachment":[{"href":"https:\/\/mouldking.store\/fr\/wp-json\/wp\/v2\/media?parent=61509"}],"wp:term":[{"taxonomy":"product_cat","embeddable":true,"href":"https:\/\/mouldking.store\/fr\/wp-json\/wp\/v2\/product_cat?post=61509"},{"taxonomy":"product_tag","embeddable":true,"href":"https:\/\/mouldking.store\/fr\/wp-json\/wp\/v2\/product_tag?post=61509"}],"curies":[{"name":"wp","href":"https:\/\/api.w.org\/{rel}","templated":true}]}}