{"id":61525,"date":"2024-10-22T18:22:22","date_gmt":"2024-10-22T11:22:22","guid":{"rendered":"https:\/\/mouldking.store\/shop\/moc-factory-171047-church-st-josephs-memorial-church-with-3118-pieces\/"},"modified":"2025-12-16T20:59:00","modified_gmt":"2025-12-16T13:59:00","slug":"moc-factory-171047-church-st-josephs-memorial-church-with-3118-pieces","status":"publish","type":"product","link":"https:\/\/mouldking.store\/fr\/shop\/moc-factory-171047-church-st-josephs-memorial-church-with-3118-pieces\/","title":{"rendered":"MOC Factory 171047 Church St. Joseph&#8217;s Memorial Church with 3118 Pieces"},"content":{"rendered":"<div>\u2705 MOC-171047 Church St. Joseph&#8217;s Memorial Church<\/p>\n<p>\u2705These churches often feature traditional Christian architecture, which may include Romanesque, Gothic, or Baroque styles. Many of these churches have bell towers, stained glass windows depicting scenes from the life of St. Joseph, and elaborate altars dedicated to him. The interiors are often designed to evoke a sense of reverence and are filled with religious symbols and artworks.<\/p>\n<p>\ud83d\udeabIMPORTANT !<\/p>\n<p>Product Name: Church St. Joseph&#8217;s Memorial Church<\/p>\n<p>Cat\u00e9gorie : Construction Modulaire<\/p>\n<p>This Kit Contains: C10088<\/p>\n<p>3118&nbsp; pcs Good Quality Bricks<\/p>\n<p>Size: 32 x 32 x 70 cm<\/p>\n<p>Weight: 2.38 kg<\/p>\n<p>Instructions PDF<\/p>\n<p>\ud83d\udcccNature du protagoniste<\/p>\n<p>Introducing our proud collection named \u201cChurch St. Joseph&#8217;s Memorial Church\u201d you should not miss.<\/p>\n<p>&nbsp;St. Joseph, being the foster father of Jesus and the patron saint of workers and families, is typically honored in these churches. The church may also hold memorials or dedications to local saints, martyrs, or prominent figures in its community&#8217;s history.&nbsp;<\/p><\/div>","protected":false},"excerpt":{"rendered":"<p>Marque : MOC Factory<br \/>\nGenre: Unisexe<br \/>\nTranche d&#039;\u00e2ge : &gt; 6 ans<br \/>\nModel Number: 171047<br \/>\nClassement : Assemblage<br \/>\nForme de bloc en plastique\u00a0: briques autobloquantes<br \/>\nMat\u00e9riel: Plastique<br \/>\nType de plastique : ABS<br \/>\nBricks Blocks: 3118 +<br \/>\nPas de boite d&#039;origine<br \/>\nLe produit n&#039;inclut pas l&#039;autocollant et les pi\u00e8ces imprim\u00e9es. Toutes les pi\u00e8ces imprim\u00e9es seront remplac\u00e9es par des pi\u00e8ces standard et ne seront pas livr\u00e9es avec des accessoires tiers.<\/p>","protected":false},"featured_media":61524,"comment_status":"open","ping_status":"closed","template":"","meta":{"_acf_changed":false},"product_cat":[1395,1502,390],"product_tag":[13648,727,4977,4883,13647,11254,392],"class_list":["product","first","instock","shipping-taxable","purchasable","product-type-simple"],"acf":[],"_links":{"self":[{"href":"https:\/\/mouldking.store\/fr\/wp-json\/wp\/v2\/product\/61525","targetHints":{"allow":["GET"]}}],"collection":[{"href":"https:\/\/mouldking.store\/fr\/wp-json\/wp\/v2\/product"}],"about":[{"href":"https:\/\/mouldking.store\/fr\/wp-json\/wp\/v2\/types\/product"}],"replies":[{"embeddable":true,"href":"https:\/\/mouldking.store\/fr\/wp-json\/wp\/v2\/comments?post=61525"}],"wp:featuredmedia":[{"embeddable":true,"href":"https:\/\/mouldking.store\/fr\/wp-json\/wp\/v2\/media\/61524"}],"wp:attachment":[{"href":"https:\/\/mouldking.store\/fr\/wp-json\/wp\/v2\/media?parent=61525"}],"wp:term":[{"taxonomy":"product_cat","embeddable":true,"href":"https:\/\/mouldking.store\/fr\/wp-json\/wp\/v2\/product_cat?post=61525"},{"taxonomy":"product_tag","embeddable":true,"href":"https:\/\/mouldking.store\/fr\/wp-json\/wp\/v2\/product_tag?post=61525"}],"curies":[{"name":"wp","href":"https:\/\/api.w.org\/{rel}","templated":true}]}}