{"id":61538,"date":"2024-10-22T18:22:38","date_gmt":"2024-10-22T11:22:38","guid":{"rendered":"https:\/\/mouldking.store\/shop\/moc-factory-89087-gorilla-tag-7-with-334-pieces\/"},"modified":"2025-12-16T20:59:00","modified_gmt":"2025-12-16T13:59:00","slug":"moc-factory-89087-gorilla-tag-7-with-334-pieces","status":"publish","type":"product","link":"https:\/\/mouldking.store\/fr\/shop\/moc-factory-89087-gorilla-tag-7-with-334-pieces\/","title":{"rendered":"MOC Factory 89087 Gorilla Tag 7 with 334 Pieces"},"content":{"rendered":"<div>\u2705 MOC-89087 Gorilla Tag 7<\/p>\n<p>\u2705<em>Gorilla Tag<\/em> is a unique, multiplayer VR game where players embody gorillas and move through the game world by swinging their arms, much like real gorillas. The game\u2019s mechanics are purely based on physical movement\u2014there are no joysticks for movement, which makes it an active and immersive experience. <\/p>\n<p>\ud83d\udeabIMPORTANT !<\/p>\n<p>Product Name: Gorilla Tag 7<\/p>\n<p>Category: Game<\/p>\n<p>This Kit Contains: C10091Y02<\/p>\n<p>334 pcs Good Quality Bricks<\/p>\n<p>Size: 11.7 x 3 x 6.7 cm<\/p>\n<p>Weight: 0.13 kg<\/p>\n<p>Instructions PDF<\/p>\n<p>\ud83d\udcccNature du protagoniste<\/p>\n<p>Introducing our proud collection named \u201cGorilla Tag 7ou should not miss.<\/p>\n<p><em>Gorilla Tag<\/em> is simple but addictive, offering a unique physical challenge in VR. It&#8217;s available on Meta Quest, SteamVR, and other platforms.&nbsp;<\/div>","protected":false},"excerpt":{"rendered":"<p>Marque : MOC Factory<br \/>\nGenre: Unisexe<br \/>\nTranche d&#039;\u00e2ge : &gt; 6 ans<br \/>\nModel Number: 89087<br \/>\nClassement : Assemblage<br \/>\nForme de bloc en plastique\u00a0: briques autobloquantes<br \/>\nMat\u00e9riel: Plastique<br \/>\nType de plastique : ABS<br \/>\nBricks Blocks: 334 +<br \/>\nPas de boite d&#039;origine<br \/>\nLe produit n&#039;inclut pas l&#039;autocollant et les pi\u00e8ces imprim\u00e9es. Toutes les pi\u00e8ces imprim\u00e9es seront remplac\u00e9es par des pi\u00e8ces standard et ne seront pas livr\u00e9es avec des accessoires tiers.<\/p>","protected":false},"featured_media":61537,"comment_status":"open","ping_status":"closed","template":"","meta":{"_acf_changed":false},"product_cat":[1365,1769,371],"product_tag":[11072,11775,8452,9139,13645,13646],"class_list":["product","first","instock","shipping-taxable","purchasable","product-type-simple"],"acf":[],"_links":{"self":[{"href":"https:\/\/mouldking.store\/fr\/wp-json\/wp\/v2\/product\/61538","targetHints":{"allow":["GET"]}}],"collection":[{"href":"https:\/\/mouldking.store\/fr\/wp-json\/wp\/v2\/product"}],"about":[{"href":"https:\/\/mouldking.store\/fr\/wp-json\/wp\/v2\/types\/product"}],"replies":[{"embeddable":true,"href":"https:\/\/mouldking.store\/fr\/wp-json\/wp\/v2\/comments?post=61538"}],"wp:featuredmedia":[{"embeddable":true,"href":"https:\/\/mouldking.store\/fr\/wp-json\/wp\/v2\/media\/61537"}],"wp:attachment":[{"href":"https:\/\/mouldking.store\/fr\/wp-json\/wp\/v2\/media?parent=61538"}],"wp:term":[{"taxonomy":"product_cat","embeddable":true,"href":"https:\/\/mouldking.store\/fr\/wp-json\/wp\/v2\/product_cat?post=61538"},{"taxonomy":"product_tag","embeddable":true,"href":"https:\/\/mouldking.store\/fr\/wp-json\/wp\/v2\/product_tag?post=61538"}],"curies":[{"name":"wp","href":"https:\/\/api.w.org\/{rel}","templated":true}]}}