{"id":61614,"date":"2024-10-22T18:25:47","date_gmt":"2024-10-22T11:25:47","guid":{"rendered":"https:\/\/mouldking.store\/shop\/moc-factory-89082-ornithopter-with-1085-pieces\/"},"modified":"2025-12-16T20:58:59","modified_gmt":"2025-12-16T13:58:59","slug":"moc-factory-89082-ornithopter-with-1085-pieces","status":"publish","type":"product","link":"https:\/\/mouldking.store\/fr\/shop\/moc-factory-89082-ornithopter-with-1085-pieces\/","title":{"rendered":"MOC Factory 89082 Ornithopt\u00e8re avec 1085 pi\u00e8ces"},"content":{"rendered":"<div>\u2705 MOC-89082 Ornithopter<\/p>\n<p>\u2705 An <strong>ornithopter<\/strong> is a type of aircraft that achieves flight by flapping its wings, mimicking the flight mechanics of birds, bats, and insects. The term comes from the Greek words <em>ornithos<\/em> (meaning &#8220;bird&#8221;) and <em>pteron<\/em> (meaning &#8220;wing&#8221;). Ornithopters can be designed for various purposes, including scientific research, recreation, and even military applications.&nbsp;<\/p>\n<p>\ud83d\udeabIMPORTANT !<\/p>\n<p>Product Name: Ornithopter<\/p>\n<p>Cat\u00e9gorie : Militaire<\/p>\n<p>This Kit Contains: F-C9865<\/p>\n<p>1085 pcs Good Quality Bricks<\/p>\n<p>Size: 24 x 24 x 9 cm<\/p>\n<p>Weight: 1.31 kg<\/p>\n<p>Instructions PDF<\/p>\n<p>\ud83d\udcccNature du protagoniste<\/p>\n<p>Introducing our proud collection named \u201cOrnithopter\u201d you should not miss.<\/p>\n<p>The concept of the ornithopter has fascinated inventors and dreamers for centuries. One of the earliest designs was created by Leonardo da Vinci in the late 15th century. Although his designs were never realized in his lifetime, they laid the groundwork for future explorations into human flight.&nbsp; Modern ornithopters continue to be a subject of interest in both aviation and robotics, offering insights into biomimicry and innovative design principles.&nbsp;<\/p><\/div>","protected":false},"excerpt":{"rendered":"<p>Marque : MOC Factory<br \/>\nGenre: Unisexe<br \/>\nTranche d&#039;\u00e2ge : &gt; 6 ans<br \/>\nModel Number: 89082<br \/>\nClassement : Assemblage<br \/>\nForme de bloc en plastique\u00a0: briques autobloquantes<br \/>\nMat\u00e9riel: Plastique<br \/>\nType de plastique : ABS<br \/>\nBricks Blocks: 1085 +<br \/>\nPas de boite d&#039;origine<br \/>\nLe produit n&#039;inclut pas l&#039;autocollant et les pi\u00e8ces imprim\u00e9es. Toutes les pi\u00e8ces imprim\u00e9es seront remplac\u00e9es par des pi\u00e8ces standard et ne seront pas livr\u00e9es avec des accessoires tiers.<\/p>","protected":false},"featured_media":61613,"comment_status":"open","ping_status":"closed","template":"","meta":{"_acf_changed":false},"product_cat":[1350,1357,372,364],"product_tag":[5271,13654,374,13653,389],"class_list":["product","first","instock","shipping-taxable","purchasable","product-type-simple"],"acf":[],"_links":{"self":[{"href":"https:\/\/mouldking.store\/fr\/wp-json\/wp\/v2\/product\/61614","targetHints":{"allow":["GET"]}}],"collection":[{"href":"https:\/\/mouldking.store\/fr\/wp-json\/wp\/v2\/product"}],"about":[{"href":"https:\/\/mouldking.store\/fr\/wp-json\/wp\/v2\/types\/product"}],"replies":[{"embeddable":true,"href":"https:\/\/mouldking.store\/fr\/wp-json\/wp\/v2\/comments?post=61614"}],"wp:featuredmedia":[{"embeddable":true,"href":"https:\/\/mouldking.store\/fr\/wp-json\/wp\/v2\/media\/61613"}],"wp:attachment":[{"href":"https:\/\/mouldking.store\/fr\/wp-json\/wp\/v2\/media?parent=61614"}],"wp:term":[{"taxonomy":"product_cat","embeddable":true,"href":"https:\/\/mouldking.store\/fr\/wp-json\/wp\/v2\/product_cat?post=61614"},{"taxonomy":"product_tag","embeddable":true,"href":"https:\/\/mouldking.store\/fr\/wp-json\/wp\/v2\/product_tag?post=61614"}],"curies":[{"name":"wp","href":"https:\/\/api.w.org\/{rel}","templated":true}]}}