{"id":61623,"date":"2024-10-22T18:26:19","date_gmt":"2024-10-22T11:26:19","guid":{"rendered":"https:\/\/mouldking.store\/shop\/moc-factory-89081-pumpkin-with-445-pieces\/"},"modified":"2025-12-16T20:58:59","modified_gmt":"2025-12-16T13:58:59","slug":"moc-factory-89081-pumpkin-with-445-pieces","status":"publish","type":"product","link":"https:\/\/mouldking.store\/fr\/shop\/moc-factory-89081-pumpkin-with-445-pieces\/","title":{"rendered":"MOC Factory 89081 Pumpkin with 445 Pieces"},"content":{"rendered":"<div>\u2705 MOC-89081 Pumpkin<\/p>\n<p>\u2705 Pumpkins are a type of squash belonging to the gourd family, scientifically known as <em>Cucurbita pepo<\/em>. They are characterized by their round shape, orange color, and thick, ribbed skin. Pumpkins are popular for their culinary uses, decorative purposes, and cultural significance, especially during the fall season.<\/p>\n<p>\ud83d\udeabIMPORTANT !<\/p>\n<p>Product Name: Pumpkin<\/p>\n<p>Cat\u00e9gorie\u00a0: Cr\u00e9ateur<\/p>\n<p>This Kit Contains: F-C9988<\/p>\n<p>445 pcs Good Quality Bricks<\/p>\n<p>Weight: 0.4 kg<\/p>\n<p>Instructions PDF<\/p>\n<p>\ud83d\udcccNature du protagoniste<\/p>\n<p>Introducing our proud collection named \u201cPumpkin\u201d you should not miss.<\/p>\n<p>Pumpkins play a central role in Halloween celebrations, particularly through the tradition of carving them into <strong>jack-o&#8217;-lanterns<\/strong>.&nbsp; Pumpkins add a festive touch to Halloween, enhancing the fun and creativity of the season. Whether through traditional carving or innovative decorating, they embody the spirit of the holiday!&nbsp;<\/div>","protected":false},"excerpt":{"rendered":"<p>Marque : MOC Factory<br \/>\nGenre: Unisexe<br \/>\nTranche d&#039;\u00e2ge : &gt; 6 ans<br \/>\nModel Number: 89081<br \/>\nClassement : Assemblage<br \/>\nForme de bloc en plastique\u00a0: briques autobloquantes<br \/>\nMat\u00e9riel: Plastique<br \/>\nType de plastique : ABS<br \/>\nBricks Blocks: 445 +<br \/>\nPas de boite d&#039;origine<br \/>\nLe produit n&#039;inclut pas l&#039;autocollant et les pi\u00e8ces imprim\u00e9es. Toutes les pi\u00e8ces imprim\u00e9es seront remplac\u00e9es par des pi\u00e8ces standard et ne seront pas livr\u00e9es avec des accessoires tiers.<\/p>","protected":false},"featured_media":61622,"comment_status":"open","ping_status":"closed","template":"","meta":{"_acf_changed":false},"product_cat":[1365,371],"product_tag":[11072,8452,2859,2853,13655],"class_list":["product","first","instock","shipping-taxable","purchasable","product-type-simple"],"acf":[],"_links":{"self":[{"href":"https:\/\/mouldking.store\/fr\/wp-json\/wp\/v2\/product\/61623","targetHints":{"allow":["GET"]}}],"collection":[{"href":"https:\/\/mouldking.store\/fr\/wp-json\/wp\/v2\/product"}],"about":[{"href":"https:\/\/mouldking.store\/fr\/wp-json\/wp\/v2\/types\/product"}],"replies":[{"embeddable":true,"href":"https:\/\/mouldking.store\/fr\/wp-json\/wp\/v2\/comments?post=61623"}],"wp:featuredmedia":[{"embeddable":true,"href":"https:\/\/mouldking.store\/fr\/wp-json\/wp\/v2\/media\/61622"}],"wp:attachment":[{"href":"https:\/\/mouldking.store\/fr\/wp-json\/wp\/v2\/media?parent=61623"}],"wp:term":[{"taxonomy":"product_cat","embeddable":true,"href":"https:\/\/mouldking.store\/fr\/wp-json\/wp\/v2\/product_cat?post=61623"},{"taxonomy":"product_tag","embeddable":true,"href":"https:\/\/mouldking.store\/fr\/wp-json\/wp\/v2\/product_tag?post=61623"}],"curies":[{"name":"wp","href":"https:\/\/api.w.org\/{rel}","templated":true}]}}