{"id":61720,"date":"2024-11-01T17:11:45","date_gmt":"2024-11-01T10:11:45","guid":{"rendered":"https:\/\/mouldking.store\/shop\/moc-factory-175210-helldivers-2-exo-45-patriot-exo-suit-with-523-pieces\/"},"modified":"2025-12-16T20:58:58","modified_gmt":"2025-12-16T13:58:58","slug":"moc-factory-175210-helldivers-2-exo-45-patriot-exo-suit-with-523-pieces","status":"publish","type":"product","link":"https:\/\/mouldking.store\/fr\/shop\/moc-factory-175210-helldivers-2-exo-45-patriot-exo-suit-with-523-pieces\/","title":{"rendered":"MOC Factory 175210 Helldivers 2 Exo-45 Patriot Exo-suit with 523 Pieces"},"content":{"rendered":"<div>\u2705 MOC-175210 Helldivers 2 Exo-45 Patriot Exo-suit<\/p>\n<p>\u2705 In <em>Helldivers 2<\/em>, the EXO-45 Patriot Exo-suit is a powerful mech suit that becomes available once you reach level 25 and have liberated Tien Kwan. Players can purchase this suit for 20,000 Requisition Credits from the Ship Management menu. As a Stratagem, the Patriot Exo-suit allows deployment in the field but has a 600-second cooldown, meaning only two can be summoned per mission.&nbsp;<\/p>\n<p>\ud83d\udeabIMPORTANT !<\/p>\n<p>Product Name: Helldivers 2 Exo-45 Patriot Exo-suit<\/p>\n<p>Cat\u00e9gorie : Film<\/p>\n<p>This Kit Contains: C10156<\/p>\n<p>523 pcs Good Quality Bricks<\/p>\n<p>Size: 11.7 x 9.2 x 16.6cm<\/p>\n<p>Instructions PDF<\/p>\n<p>\ud83d\udcccNature du protagoniste<\/p>\n<p>Introducing our proud collection named \u201cHelldivers 2 Exo-45 Patriot Exo-suit\u201d you should not miss.<\/p>\n<p>The Patriot Exo-suit comes equipped with a Gatling gun and a rocket launcher, ideal for handling both large groups of smaller enemies and heavily armored targets. Its Gatling gun is particularly effective against hordes, while the rockets are best reserved for armored foes and nests. However, caution is needed, as the rockets can also cause self-inflicted damage if fired too close. The suit is notably resilient to fire and gas but remains vulnerable to friendly fire and certain enemy attacks, so strategic positioning is essential&nbsp;<\/p><\/div>","protected":false},"excerpt":{"rendered":"<p>Marque : MOC Factory<br \/>\nGenre: Unisexe<br \/>\nTranche d&#039;\u00e2ge : &gt; 6 ans<br \/>\nModel Number: 175210<br \/>\nClassement : Assemblage<br \/>\nForme de bloc en plastique\u00a0: briques autobloquantes<br \/>\nMat\u00e9riel: Plastique<br \/>\nType de plastique : ABS<br \/>\nBricks Blocks: 523 +<br \/>\nPas de boite d&#039;origine<br \/>\nLe produit n&#039;inclut pas l&#039;autocollant et les pi\u00e8ces imprim\u00e9es. Toutes les pi\u00e8ces imprim\u00e9es seront remplac\u00e9es par des pi\u00e8ces standard et ne seront pas livr\u00e9es avec des accessoires tiers.<\/p>","protected":false},"featured_media":61719,"comment_status":"open","ping_status":"closed","template":"","meta":{"_acf_changed":false},"product_cat":[1357,581,6016,364,1408],"product_tag":[13665,13667,13664,434,11100,13666,2276,389],"class_list":["product","first","instock","shipping-taxable","purchasable","product-type-simple"],"acf":[],"_links":{"self":[{"href":"https:\/\/mouldking.store\/fr\/wp-json\/wp\/v2\/product\/61720","targetHints":{"allow":["GET"]}}],"collection":[{"href":"https:\/\/mouldking.store\/fr\/wp-json\/wp\/v2\/product"}],"about":[{"href":"https:\/\/mouldking.store\/fr\/wp-json\/wp\/v2\/types\/product"}],"replies":[{"embeddable":true,"href":"https:\/\/mouldking.store\/fr\/wp-json\/wp\/v2\/comments?post=61720"}],"wp:featuredmedia":[{"embeddable":true,"href":"https:\/\/mouldking.store\/fr\/wp-json\/wp\/v2\/media\/61719"}],"wp:attachment":[{"href":"https:\/\/mouldking.store\/fr\/wp-json\/wp\/v2\/media?parent=61720"}],"wp:term":[{"taxonomy":"product_cat","embeddable":true,"href":"https:\/\/mouldking.store\/fr\/wp-json\/wp\/v2\/product_cat?post=61720"},{"taxonomy":"product_tag","embeddable":true,"href":"https:\/\/mouldking.store\/fr\/wp-json\/wp\/v2\/product_tag?post=61720"}],"curies":[{"name":"wp","href":"https:\/\/api.w.org\/{rel}","templated":true}]}}