{"id":61742,"date":"2024-11-01T17:12:36","date_gmt":"2024-11-01T10:12:36","guid":{"rendered":"https:\/\/mouldking.store\/shop\/moc-factory-89075-final-fantasy-chocobo-with-339-pieces\/"},"modified":"2025-12-16T20:58:58","modified_gmt":"2025-12-16T13:58:58","slug":"moc-factory-89075-final-fantasy-chocobo-with-339-pieces","status":"publish","type":"product","link":"https:\/\/mouldking.store\/fr\/shop\/moc-factory-89075-final-fantasy-chocobo-with-339-pieces\/","title":{"rendered":"MOC Factory 89075 Final Fantasy Chocobo with 339 Pieces"},"content":{"rendered":"<div>\u2705 MOC-89075 Final Fantasy Chocobo<\/p>\n<p>\u2705 Chocobos are iconic creatures in the <em>Final Fantasy<\/em> series, first introduced in <em>Final Fantasy II<\/em> and appearing in almost every game since. These large, bird-like animals resemble a cross between an ostrich and a chicken, with bright yellow feathers and a friendly, loyal disposition. Chocobos are primarily used as mounts, allowing players to travel across landscapes quickly, bypassing random enemy encounters and providing faster travel than on foot.<\/p>\n<p>\ud83d\udeabIMPORTANT !<\/p>\n<p>Product Name: Final Fantasy Chocobo<\/p>\n<p>Cat\u00e9gorie : Film<\/p>\n<p>This Kit Contains: C10164<\/p>\n<p>339 pcs Good Quality Bricks<\/p>\n<p>Size: 21.5 x 7.6 x 12.5cm<\/p>\n<p>Instructions PDF<\/p>\n<p>\ud83d\udcccNature du protagoniste<\/p>\n<p>Introducing our proud collection named \u201cFinal Fantasy Chocobo\u201d you should not miss.<\/p>\n<p>Beyond their role as transportation, chocobos have taken on many features and functions throughout the series. In certain games, players can raise, breed, and race chocobos, with different colors denoting unique abilities. For example, blue or green chocobos can cross rivers and mountains, while black or gold ones can traverse any terrain. In some titles, such as <em>Final Fantasy VII<\/em>, a minigame allows players to race their chocobos at the Gold Saucer, and in <em>Final Fantasy XV<\/em>, they\u2019re essential for exploration and even have customizable appearances.&nbsp;<\/div>","protected":false},"excerpt":{"rendered":"<p>Marque : MOC Factory<br \/>\nGenre: Unisexe<br \/>\nTranche d&#039;\u00e2ge : &gt; 6 ans<br \/>\nModel Number: 89075<br \/>\nClassement : Assemblage<br \/>\nForme de bloc en plastique\u00a0: briques autobloquantes<br \/>\nMat\u00e9riel: Plastique<br \/>\nType de plastique : ABS<br \/>\nBricks Blocks: 339 +<br \/>\nPas de boite d&#039;origine<br \/>\nLe produit n&#039;inclut pas l&#039;autocollant et les pi\u00e8ces imprim\u00e9es. Toutes les pi\u00e8ces imprim\u00e9es seront remplac\u00e9es par des pi\u00e8ces standard et ne seront pas livr\u00e9es avec des accessoires tiers.<\/p>","protected":false},"featured_media":61741,"comment_status":"open","ping_status":"closed","template":"","meta":{"_acf_changed":false},"product_cat":[1365,1769,371,581,1408],"product_tag":[4322,11072,11775,8452,4705,12755,9139,434],"class_list":["product","first","instock","shipping-taxable","purchasable","product-type-simple"],"acf":[],"_links":{"self":[{"href":"https:\/\/mouldking.store\/fr\/wp-json\/wp\/v2\/product\/61742","targetHints":{"allow":["GET"]}}],"collection":[{"href":"https:\/\/mouldking.store\/fr\/wp-json\/wp\/v2\/product"}],"about":[{"href":"https:\/\/mouldking.store\/fr\/wp-json\/wp\/v2\/types\/product"}],"replies":[{"embeddable":true,"href":"https:\/\/mouldking.store\/fr\/wp-json\/wp\/v2\/comments?post=61742"}],"wp:featuredmedia":[{"embeddable":true,"href":"https:\/\/mouldking.store\/fr\/wp-json\/wp\/v2\/media\/61741"}],"wp:attachment":[{"href":"https:\/\/mouldking.store\/fr\/wp-json\/wp\/v2\/media?parent=61742"}],"wp:term":[{"taxonomy":"product_cat","embeddable":true,"href":"https:\/\/mouldking.store\/fr\/wp-json\/wp\/v2\/product_cat?post=61742"},{"taxonomy":"product_tag","embeddable":true,"href":"https:\/\/mouldking.store\/fr\/wp-json\/wp\/v2\/product_tag?post=61742"}],"curies":[{"name":"wp","href":"https:\/\/api.w.org\/{rel}","templated":true}]}}