{"id":61785,"date":"2024-11-01T17:14:52","date_gmt":"2024-11-01T10:14:52","guid":{"rendered":"https:\/\/mouldking.store\/shop\/moc-factory-89070-a-christmas-story-with-532-pieces\/"},"modified":"2025-12-16T20:58:58","modified_gmt":"2025-12-16T13:58:58","slug":"moc-factory-89070-a-christmas-story-with-532-pieces","status":"publish","type":"product","link":"https:\/\/mouldking.store\/fr\/shop\/moc-factory-89070-a-christmas-story-with-532-pieces\/","title":{"rendered":"MOC Factory 89070 A Christmas Story with 532 Pieces"},"content":{"rendered":"<div>\u2705 MOC-89070 A Christmas Story<\/p>\n<p>\u2705<strong>A Christmas Story<\/strong> is a beloved holiday film based on Jean Shepherd\u2019s semi-autobiographical stories about growing up in the 1940s. The movie follows young Ralphie Parker, who dreams of receiving a Red Ryder BB gun for Christmas. Set in a small town in Indiana, the film captures the essence of childhood during the festive season, filled with humor and nostalgia.&nbsp;<\/p>\n<p>\ud83d\udeabIMPORTANT !<\/p>\n<p>Product Name: A Christmas Story<\/p>\n<p>Cat\u00e9gorie : Film<\/p>\n<p>This Kit Contains: F-C9926<\/p>\n<p>532 pcs Good Quality Bricks<\/p>\n<p>Instructions PDF<\/p>\n<p>\ud83d\udcccNature du protagoniste<\/p>\n<p>Introducing our proud collection named \u201cA Christmas Story\u201d you should not miss.<\/p>\n<p>As Christmas approaches, Ralphie faces various challenges in his quest for the perfect gift, including skeptical adults who warn him that &#8220;you&#8217;ll shoot your eye out!&#8221; The story features memorable characters, including Ralphie&#8217;s quirky family, his loving but often overwhelmed mother, his grumpy father, and his mischievous younger brother, Randy.&nbsp;<\/p><\/div>","protected":false},"excerpt":{"rendered":"<p>Marque : MOC Factory<br \/>\nGenre: Unisexe<br \/>\nTranche d&#039;\u00e2ge : &gt; 6 ans<br \/>\nModel Number: 89070<br \/>\nClassement : Assemblage<br \/>\nForme de bloc en plastique\u00a0: briques autobloquantes<br \/>\nMat\u00e9riel: Plastique<br \/>\nType de plastique : ABS<br \/>\nBricks Blocks: 532 +<br \/>\nPas de boite d&#039;origine<br \/>\nLe produit n&#039;inclut pas l&#039;autocollant et les pi\u00e8ces imprim\u00e9es. Toutes les pi\u00e8ces imprim\u00e9es seront remplac\u00e9es par des pi\u00e8ces standard et ne seront pas livr\u00e9es avec des accessoires tiers.<\/p>","protected":false},"featured_media":61784,"comment_status":"open","ping_status":"closed","template":"","meta":{"_acf_changed":false},"product_cat":[1357,581,364,1408],"product_tag":[4572,1066,434,389],"class_list":["product","first","instock","shipping-taxable","purchasable","product-type-simple"],"acf":[],"_links":{"self":[{"href":"https:\/\/mouldking.store\/fr\/wp-json\/wp\/v2\/product\/61785","targetHints":{"allow":["GET"]}}],"collection":[{"href":"https:\/\/mouldking.store\/fr\/wp-json\/wp\/v2\/product"}],"about":[{"href":"https:\/\/mouldking.store\/fr\/wp-json\/wp\/v2\/types\/product"}],"replies":[{"embeddable":true,"href":"https:\/\/mouldking.store\/fr\/wp-json\/wp\/v2\/comments?post=61785"}],"wp:featuredmedia":[{"embeddable":true,"href":"https:\/\/mouldking.store\/fr\/wp-json\/wp\/v2\/media\/61784"}],"wp:attachment":[{"href":"https:\/\/mouldking.store\/fr\/wp-json\/wp\/v2\/media?parent=61785"}],"wp:term":[{"taxonomy":"product_cat","embeddable":true,"href":"https:\/\/mouldking.store\/fr\/wp-json\/wp\/v2\/product_cat?post=61785"},{"taxonomy":"product_tag","embeddable":true,"href":"https:\/\/mouldking.store\/fr\/wp-json\/wp\/v2\/product_tag?post=61785"}],"curies":[{"name":"wp","href":"https:\/\/api.w.org\/{rel}","templated":true}]}}