{"id":61797,"date":"2024-11-01T17:15:43","date_gmt":"2024-11-01T10:15:43","guid":{"rendered":"https:\/\/mouldking.store\/shop\/moc-factory-89068-cute-rabbit-with-405-pieces\/"},"modified":"2025-12-16T20:58:58","modified_gmt":"2025-12-16T13:58:58","slug":"moc-factory-89068-cute-rabbit-with-405-pieces","status":"publish","type":"product","link":"https:\/\/mouldking.store\/fr\/shop\/moc-factory-89068-cute-rabbit-with-405-pieces\/","title":{"rendered":"MOC Factory 89068 Lapin mignon avec 405 pi\u00e8ces"},"content":{"rendered":"<div>\u2705 MOC-89068 Cute Rabbit<\/p>\n<p>\u2705 A cute rabbit embodies the charm and playfulness associated with these gentle creatures. With their soft, fluffy fur, large expressive eyes, and long ears that perk up at the slightest sound, rabbits have a whimsical appeal that captivates animal lovers. Often depicted in various shades\u2014ranging from pure white and soft gray to rich browns and dappled patterns\u2014these adorable animals can easily win hearts.&nbsp;<\/p>\n<p>\ud83d\udeabIMPORTANT !<\/p>\n<p>Product Name: Cute Rabbit<\/p>\n<p>Cat\u00e9gorie\u00a0: Cr\u00e9ateur<\/p>\n<p>This Kit Contains: C10050<\/p>\n<p>405 pcs Good Quality Bricks<\/p>\n<p>Size: 13.1 x 10.7 x 19.1cm<\/p>\n<p>Instructions PDF<\/p>\n<p>\ud83d\udcccNature du protagoniste<\/p>\n<p>Introducing our proud collection named \u201cCute Rabbit\u201d you should not miss.<\/p>\n<p>&nbsp;In a playful setting, a cute rabbit might be seen hopping through a meadow filled with colorful wildflowers, nibbling on tender grass, or curiously exploring its surroundings. Their twitching noses and gentle mannerisms add to their endearing nature, making them popular characters in children&#8217;s stories and animations. Rabbits are often portrayed as symbols of spring and renewal, commonly associated with Easter and various folklore.&nbsp;<\/p><\/div>","protected":false},"excerpt":{"rendered":"<p>Marque : MOC Factory<br \/>\nGenre: Unisexe<br \/>\nTranche d&#039;\u00e2ge : &gt; 6 ans<br \/>\nModel Number: 89068<br \/>\nClassement : Assemblage<br \/>\nForme de bloc en plastique\u00a0: briques autobloquantes<br \/>\nMat\u00e9riel: Plastique<br \/>\nType de plastique : ABS<br \/>\nBricks Blocks: 405 +<br \/>\nPas de boite d&#039;origine<br \/>\nLe produit n&#039;inclut pas l&#039;autocollant et les pi\u00e8ces imprim\u00e9es. Toutes les pi\u00e8ces imprim\u00e9es seront remplac\u00e9es par des pi\u00e8ces standard et ne seront pas livr\u00e9es avec des accessoires tiers.<\/p>","protected":false},"author":83,"featured_media":61796,"comment_status":"open","ping_status":"closed","template":"","meta":{"_acf_changed":false},"product_cat":[1365,371],"product_tag":[11072,11775,8452,13673,6677],"class_list":["product","first","instock","shipping-taxable","purchasable","product-type-simple"],"acf":[],"_links":{"self":[{"href":"https:\/\/mouldking.store\/fr\/wp-json\/wp\/v2\/product\/61797","targetHints":{"allow":["GET"]}}],"collection":[{"href":"https:\/\/mouldking.store\/fr\/wp-json\/wp\/v2\/product"}],"about":[{"href":"https:\/\/mouldking.store\/fr\/wp-json\/wp\/v2\/types\/product"}],"author":[{"embeddable":true,"href":"https:\/\/mouldking.store\/fr\/wp-json\/wp\/v2\/users\/83"}],"replies":[{"embeddable":true,"href":"https:\/\/mouldking.store\/fr\/wp-json\/wp\/v2\/comments?post=61797"}],"wp:featuredmedia":[{"embeddable":true,"href":"https:\/\/mouldking.store\/fr\/wp-json\/wp\/v2\/media\/61796"}],"wp:attachment":[{"href":"https:\/\/mouldking.store\/fr\/wp-json\/wp\/v2\/media?parent=61797"}],"wp:term":[{"taxonomy":"product_cat","embeddable":true,"href":"https:\/\/mouldking.store\/fr\/wp-json\/wp\/v2\/product_cat?post=61797"},{"taxonomy":"product_tag","embeddable":true,"href":"https:\/\/mouldking.store\/fr\/wp-json\/wp\/v2\/product_tag?post=61797"}],"curies":[{"name":"wp","href":"https:\/\/api.w.org\/{rel}","templated":true}]}}