{"id":61806,"date":"2024-11-01T17:15:57","date_gmt":"2024-11-01T10:15:57","guid":{"rendered":"https:\/\/mouldking.store\/shop\/moc-factory-89067-mad-max-doof-wagon-with-1934-pieces\/"},"modified":"2025-12-16T20:58:57","modified_gmt":"2025-12-16T13:58:57","slug":"moc-factory-89067-mad-max-doof-wagon-with-1934-pieces","status":"publish","type":"product","link":"https:\/\/mouldking.store\/fr\/shop\/moc-factory-89067-mad-max-doof-wagon-with-1934-pieces\/","title":{"rendered":"MOC Factory 89067 Mad Max Doof Wagon with 1934 Pieces"},"content":{"rendered":"<div>\u2705 MOC-89067 Mad Max Doof Wagon<\/p>\n<p>\u2705 The Doof Wagon is an iconic vehicle from the post-apocalyptic film <strong>Mad Max: Fury Road<\/strong>, directed by George Miller. This extraordinary truck serves as a mobile stage for a heavy metal band that plays music to inspire and rally the War Boys, a group of fanatical followers of the film\u2019s antagonist, Immortan Joe.&nbsp;<\/p>\n<p>\ud83d\udeabIMPORTANT !<\/p>\n<p>Product Name: Mad Max Doof Wagon<\/p>\n<p>Cat\u00e9gorie : Film<\/p>\n<p>This Kit Contains: C10076<\/p>\n<p>1934 pcs Good Quality Bricks<\/p>\n<p>Instructions PDF<\/p>\n<p>\ud83d\udcccNature du protagoniste<\/p>\n<p>Introducing our proud collection named \u201cMad Max Doof Wagon\u201d you should not miss.<\/p>\n<p>Designed to look both intimidating and flamboyant, the Doof Wagon is characterized by its massive sound system, featuring towering speakers, amplifiers, and a prominent guitarist who plays from a platform while suspended above the vehicle. The wagon is often adorned with spikes, chains, and other chaotic decorations that reflect the film&#8217;s gritty aesthetic, embodying the wildness of the wasteland in which the characters live.&nbsp;<\/p><\/div>","protected":false},"excerpt":{"rendered":"<p>Marque : MOC Factory<br \/>\nGenre: Unisexe<br \/>\nTranche d&#039;\u00e2ge : &gt; 6 ans<br \/>\nModel Number: 89067<br \/>\nClassement : Assemblage<br \/>\nForme de bloc en plastique\u00a0: briques autobloquantes<br \/>\nMat\u00e9riel: Plastique<br \/>\nType de plastique : ABS<br \/>\nBricks Blocks: 1934 +<br \/>\nPas de boite d&#039;origine<br \/>\nLe produit n&#039;inclut pas l&#039;autocollant et les pi\u00e8ces imprim\u00e9es. Toutes les pi\u00e8ces imprim\u00e9es seront remplac\u00e9es par des pi\u00e8ces standard et ne seront pas livr\u00e9es avec des accessoires tiers.<\/p>","protected":false},"featured_media":61805,"comment_status":"open","ping_status":"closed","template":"","meta":{"_acf_changed":false},"product_cat":[1357,581,364,1408],"product_tag":[13674,6717,434,389,2310],"class_list":["product","first","instock","shipping-taxable","purchasable","product-type-simple"],"acf":[],"_links":{"self":[{"href":"https:\/\/mouldking.store\/fr\/wp-json\/wp\/v2\/product\/61806","targetHints":{"allow":["GET"]}}],"collection":[{"href":"https:\/\/mouldking.store\/fr\/wp-json\/wp\/v2\/product"}],"about":[{"href":"https:\/\/mouldking.store\/fr\/wp-json\/wp\/v2\/types\/product"}],"replies":[{"embeddable":true,"href":"https:\/\/mouldking.store\/fr\/wp-json\/wp\/v2\/comments?post=61806"}],"wp:featuredmedia":[{"embeddable":true,"href":"https:\/\/mouldking.store\/fr\/wp-json\/wp\/v2\/media\/61805"}],"wp:attachment":[{"href":"https:\/\/mouldking.store\/fr\/wp-json\/wp\/v2\/media?parent=61806"}],"wp:term":[{"taxonomy":"product_cat","embeddable":true,"href":"https:\/\/mouldking.store\/fr\/wp-json\/wp\/v2\/product_cat?post=61806"},{"taxonomy":"product_tag","embeddable":true,"href":"https:\/\/mouldking.store\/fr\/wp-json\/wp\/v2\/product_tag?post=61806"}],"curies":[{"name":"wp","href":"https:\/\/api.w.org\/{rel}","templated":true}]}}