{"id":61831,"date":"2024-11-01T17:17:09","date_gmt":"2024-11-01T10:17:09","guid":{"rendered":"https:\/\/mouldking.store\/shop\/moc-factory-89066-the-lord-of-the-rings-balrog-with-321-pieces\/"},"modified":"2025-12-16T20:58:57","modified_gmt":"2025-12-16T13:58:57","slug":"moc-factory-89066-the-lord-of-the-rings-balrog-with-321-pieces","status":"publish","type":"product","link":"https:\/\/mouldking.store\/fr\/shop\/moc-factory-89066-the-lord-of-the-rings-balrog-with-321-pieces\/","title":{"rendered":"MOC Factory 89066 The Lord of the Rings Balrog with 321 Pieces"},"content":{"rendered":"<div>\u2705 MOC-89066 The Lord of the Rings Balrog<\/p>\n<p>\u2705 The Balrog is a formidable and iconic creature from J.R.R. Tolkien&#8217;s <strong>Le Seigneur des Anneaux<\/strong> and <strong>The Silmarillion<\/strong>. Known for its terrifying presence, the Balrog is a demon of shadow and flame, originally a Maia, a lesser divine spirit, who was corrupted by Morgoth, the dark lord. The most famous Balrog in Tolkien&#8217;s works is the one encountered by the Fellowship of the Ring in the Mines of Moria, often referred to as Durin&#8217;s Bane.&nbsp;<\/p>\n<p>\ud83d\udeabIMPORTANT !<\/p>\n<p>Product Name: The Lord of the Rings Balrog<\/p>\n<p>Cat\u00e9gorie : Film<\/p>\n<p>This Kit Contains: C10163Y01<\/p>\n<p>321 pcs Good Quality Bricks<\/p>\n<p>Size: 31.2 x 20.6 x 21.6cm<\/p>\n<p>Instructions PDF<\/p>\n<p>\ud83d\udcccNature du protagoniste<\/p>\n<p>Introducing our proud collection named \u201cThe Lord of the Rings Balrog\u201d you should not miss.<\/p>\n<p>Described as a towering figure shrouded in darkness, the Balrog wields a fiery whip and has a mane of fire, embodying both terror and majesty. Its fearsome appearance, coupled with its ability to manipulate fire and shadow, makes it one of the most memorable antagonists in the series. The Balrog&#8217;s presence in Moria represents the lingering darkness of Morgoth&#8217;s legacy and the perils that the Fellowship must face on their quest.&nbsp;<\/p><\/div>","protected":false},"excerpt":{"rendered":"<p>Marque : MOC Factory<br \/>\nGenre: Unisexe<br \/>\nTranche d&#039;\u00e2ge : &gt; 6 ans<br \/>\nModel Number: 89066<br \/>\nClassement : Assemblage<br \/>\nForme de bloc en plastique\u00a0: briques autobloquantes<br \/>\nMat\u00e9riel: Plastique<br \/>\nType de plastique : ABS<br \/>\nBricks Blocks: 321 +<br \/>\nPas de boite d&#039;origine<br \/>\nLe produit n&#039;inclut pas l&#039;autocollant et les pi\u00e8ces imprim\u00e9es. Toutes les pi\u00e8ces imprim\u00e9es seront remplac\u00e9es par des pi\u00e8ces standard et ne seront pas livr\u00e9es avec des accessoires tiers.<\/p>","protected":false},"featured_media":61830,"comment_status":"open","ping_status":"closed","template":"","meta":{"_acf_changed":false},"product_cat":[1365,371,581,1408],"product_tag":[13681,11072,8452,13326,434,13194,6169],"class_list":["product","first","instock","shipping-taxable","purchasable","product-type-simple"],"acf":[],"_links":{"self":[{"href":"https:\/\/mouldking.store\/fr\/wp-json\/wp\/v2\/product\/61831","targetHints":{"allow":["GET"]}}],"collection":[{"href":"https:\/\/mouldking.store\/fr\/wp-json\/wp\/v2\/product"}],"about":[{"href":"https:\/\/mouldking.store\/fr\/wp-json\/wp\/v2\/types\/product"}],"replies":[{"embeddable":true,"href":"https:\/\/mouldking.store\/fr\/wp-json\/wp\/v2\/comments?post=61831"}],"wp:featuredmedia":[{"embeddable":true,"href":"https:\/\/mouldking.store\/fr\/wp-json\/wp\/v2\/media\/61830"}],"wp:attachment":[{"href":"https:\/\/mouldking.store\/fr\/wp-json\/wp\/v2\/media?parent=61831"}],"wp:term":[{"taxonomy":"product_cat","embeddable":true,"href":"https:\/\/mouldking.store\/fr\/wp-json\/wp\/v2\/product_cat?post=61831"},{"taxonomy":"product_tag","embeddable":true,"href":"https:\/\/mouldking.store\/fr\/wp-json\/wp\/v2\/product_tag?post=61831"}],"curies":[{"name":"wp","href":"https:\/\/api.w.org\/{rel}","templated":true}]}}