{"id":61848,"date":"2024-11-01T17:18:27","date_gmt":"2024-11-01T10:18:27","guid":{"rendered":"https:\/\/mouldking.store\/shop\/moc-factory-89065-howls-moving-castle-with-1249-pieces\/"},"modified":"2025-12-16T20:58:57","modified_gmt":"2025-12-16T13:58:57","slug":"moc-factory-89065-howls-moving-castle-with-1249-pieces","status":"publish","type":"product","link":"https:\/\/mouldking.store\/fr\/shop\/moc-factory-89065-howls-moving-castle-with-1249-pieces\/","title":{"rendered":"MOC Factory 89065 Howl&#8217;s Moving Castle with 1249 Pieces"},"content":{"rendered":"<div>\u2705 MOC-89065 Howl&#8217;s Moving Castle<\/p>\n<p>\u2705<strong>Howl&#8217;s Moving Castle<\/strong> is a celebrated animated film directed by Hayao Miyazaki and produced by Studio Ghibli, based on the novel of the same name by British author Diana Wynne Jones. Released in 2004, the film tells the enchanting story of Sophie, a young woman who is cursed by a witch and transformed into an elderly lady. In her quest to break the curse, she seeks refuge in the magical, mobile castle of the enigmatic wizard Howl.&nbsp;<\/p>\n<p>\ud83d\udeabIMPORTANT !<\/p>\n<p>Product Name: Howl&#8217;s Moving Castle<\/p>\n<p>Cat\u00e9gorie : Film<\/p>\n<p>This Kit Contains: C9964<\/p>\n<p>1249 pcs Good Quality Bricks<\/p>\n<p>Size: 16 x 16 x 32cm<\/p>\n<p>Instructions PDF<\/p>\n<p>\ud83d\udcccNature du protagoniste<\/p>\n<p>Introducing our proud collection named \u201cHowl&#8217;s Moving Castle\u201d you should not miss.<\/p>\n<p>The castle itself is a character in its own right, a fantastical structure that moves on giant mechanical legs and is filled with a whimsical assortment of rooms and magical artifacts. The design of the castle reflects Miyazaki\u2019s signature style, blending elements of steampunk with fairy tale aesthetics. Inside, it is a chaotic yet charming environment, housing various characters, including the fire demon Calcifer, who powers the castle, and Markl, Howl\u2019s young apprentice.&nbsp;<\/p><\/div>","protected":false},"excerpt":{"rendered":"<p>Marque : MOC Factory<br \/>\nGenre: Unisexe<br \/>\nTranche d&#039;\u00e2ge : &gt; 6 ans<br \/>\nModel Number: 89065<br \/>\nClassement : Assemblage<br \/>\nForme de bloc en plastique\u00a0: briques autobloquantes<br \/>\nMat\u00e9riel: Plastique<br \/>\nType de plastique : ABS<br \/>\nBricks Blocks: 1249 +<br \/>\nPas de boite d&#039;origine<br \/>\nLe produit n&#039;inclut pas l&#039;autocollant et les pi\u00e8ces imprim\u00e9es. Toutes les pi\u00e8ces imprim\u00e9es seront remplac\u00e9es par des pi\u00e8ces standard et ne seront pas livr\u00e9es avec des accessoires tiers.<\/p>","protected":false},"featured_media":61847,"comment_status":"open","ping_status":"closed","template":"","meta":{"_acf_changed":false},"product_cat":[1365,371,581,1408],"product_tag":[787,11072,8452,11280,434],"class_list":["product","first","instock","shipping-taxable","purchasable","product-type-simple"],"acf":[],"_links":{"self":[{"href":"https:\/\/mouldking.store\/fr\/wp-json\/wp\/v2\/product\/61848","targetHints":{"allow":["GET"]}}],"collection":[{"href":"https:\/\/mouldking.store\/fr\/wp-json\/wp\/v2\/product"}],"about":[{"href":"https:\/\/mouldking.store\/fr\/wp-json\/wp\/v2\/types\/product"}],"replies":[{"embeddable":true,"href":"https:\/\/mouldking.store\/fr\/wp-json\/wp\/v2\/comments?post=61848"}],"wp:featuredmedia":[{"embeddable":true,"href":"https:\/\/mouldking.store\/fr\/wp-json\/wp\/v2\/media\/61847"}],"wp:attachment":[{"href":"https:\/\/mouldking.store\/fr\/wp-json\/wp\/v2\/media?parent=61848"}],"wp:term":[{"taxonomy":"product_cat","embeddable":true,"href":"https:\/\/mouldking.store\/fr\/wp-json\/wp\/v2\/product_cat?post=61848"},{"taxonomy":"product_tag","embeddable":true,"href":"https:\/\/mouldking.store\/fr\/wp-json\/wp\/v2\/product_tag?post=61848"}],"curies":[{"name":"wp","href":"https:\/\/api.w.org\/{rel}","templated":true}]}}