{"id":61904,"date":"2024-11-01T17:35:41","date_gmt":"2024-11-01T10:35:41","guid":{"rendered":"https:\/\/mouldking.store\/shop\/moc-factory-170822-doctor-who-tardis-with-2639-pieces\/"},"modified":"2025-12-16T20:58:57","modified_gmt":"2025-12-16T13:58:57","slug":"moc-factory-170822-doctor-who-tardis-with-2639-pieces","status":"publish","type":"product","link":"https:\/\/mouldking.store\/fr\/shop\/moc-factory-170822-doctor-who-tardis-with-2639-pieces\/","title":{"rendered":"MOC Factory 170822 Doctor Who Tardis avec 2639 pi\u00e8ces"},"content":{"rendered":"<div>&nbsp; \u2705 MOC-170822 Doctor Who Tardis<\/p>\n<p>\u2705 The <strong>TARDIS<\/strong> (Time and Relative Dimension in Space) is the iconic time-traveling spaceship from the long-running British sci-fi series <strong>Docteur Who<\/strong>. Known for its seemingly ordinary appearance as a blue British police box, the TARDIS is far from typical; it\u2019s a sophisticated, dimension-bending machine with technology from the advanced civilization of the Time Lords, a race of beings from the planet Gallifrey. The TARDIS serves as the Doctor\u2019s primary means of exploring different times and places, allowing for the Doctor\u2019s adventures across the cosmos and history.&nbsp;<\/p>\n<p>\ud83d\udeabIMPORTANT !<\/p>\n<p>Product Name:&nbsp; Doctor Who Tardis&nbsp;<\/p>\n<p>Cat\u00e9gorie : Film<\/p>\n<p>This Kit Contains:&nbsp; C10079&nbsp;<\/p>\n<p>2639 pcs Good Quality Bricks<\/p>\n<p>Size:&nbsp; 16 x 16 x 26 cm&nbsp;<\/p>\n<p>Weight: 1.79 kg&nbsp;<\/p>\n<p>Instructions PDF<\/p>\n<p>\ud83d\udcccNature du protagoniste<\/p>\n<p>Introducing our proud collection named \u201c Doctor Who Tardis \u201d you should not miss.<\/p>\n<p>&nbsp; One of the TARDIS\u2019s most famous characteristics is that it\u2019s &#8220;bigger on the inside.&#8221; Its unassuming exterior hides a vast interior filled with rooms and corridors, a beautiful control room at its center, and countless hidden chambers. The TARDIS\u2019s abilities go far beyond simple time travel; it can also navigate the multiverse, travel through different dimensions, and repair itself. The TARDIS\u2019s controls are a chaotic blend of buttons, levers, and screens, adding to the Doctor\u2019s eccentricity as they pilot it with their own unique flair.&nbsp;<\/p><\/div>","protected":false},"excerpt":{"rendered":"<p>Marque : MOC Factory<br \/>\nGenre: Unisexe<br \/>\nTranche d&#039;\u00e2ge : &gt; 6 ans<br \/>\nModel Number: 170822<br \/>\nClassement : Assemblage<br \/>\nForme de bloc en plastique\u00a0: briques autobloquantes<br \/>\nMat\u00e9riel: Plastique<br \/>\nType de plastique : ABS<br \/>\nBricks Blocks: 2639 +<br \/>\nPas de boite d&#039;origine<br \/>\nLe produit n&#039;inclut pas l&#039;autocollant et les pi\u00e8ces imprim\u00e9es. Toutes les pi\u00e8ces imprim\u00e9es seront remplac\u00e9es par des pi\u00e8ces standard et ne seront pas livr\u00e9es avec des accessoires tiers.<\/p>","protected":false},"featured_media":61903,"comment_status":"open","ping_status":"closed","template":"","meta":{"_acf_changed":false},"product_cat":[1365,371,581,1408],"product_tag":[11072,8452,10859,6748,434,12622],"class_list":["product","first","instock","shipping-taxable","purchasable","product-type-simple"],"acf":[],"_links":{"self":[{"href":"https:\/\/mouldking.store\/fr\/wp-json\/wp\/v2\/product\/61904","targetHints":{"allow":["GET"]}}],"collection":[{"href":"https:\/\/mouldking.store\/fr\/wp-json\/wp\/v2\/product"}],"about":[{"href":"https:\/\/mouldking.store\/fr\/wp-json\/wp\/v2\/types\/product"}],"replies":[{"embeddable":true,"href":"https:\/\/mouldking.store\/fr\/wp-json\/wp\/v2\/comments?post=61904"}],"wp:featuredmedia":[{"embeddable":true,"href":"https:\/\/mouldking.store\/fr\/wp-json\/wp\/v2\/media\/61903"}],"wp:attachment":[{"href":"https:\/\/mouldking.store\/fr\/wp-json\/wp\/v2\/media?parent=61904"}],"wp:term":[{"taxonomy":"product_cat","embeddable":true,"href":"https:\/\/mouldking.store\/fr\/wp-json\/wp\/v2\/product_cat?post=61904"},{"taxonomy":"product_tag","embeddable":true,"href":"https:\/\/mouldking.store\/fr\/wp-json\/wp\/v2\/product_tag?post=61904"}],"curies":[{"name":"wp","href":"https:\/\/api.w.org\/{rel}","templated":true}]}}