{"id":61910,"date":"2024-11-01T17:35:53","date_gmt":"2024-11-01T10:35:53","guid":{"rendered":"https:\/\/mouldking.store\/shop\/moc-factory-163848-battletech-warhammer-with-1310-pieces\/"},"modified":"2025-12-16T20:58:55","modified_gmt":"2025-12-16T13:58:55","slug":"moc-factory-163848-battletech-warhammer-with-1310-pieces","status":"publish","type":"product","link":"https:\/\/mouldking.store\/fr\/shop\/moc-factory-163848-battletech-warhammer-with-1310-pieces\/","title":{"rendered":"MOC Factory 163848 BattleTech Warhammer with 1310 Pieces"},"content":{"rendered":"<div>&nbsp; \u2705 MOC-163848 BattleTech Warhammer<\/p>\n<p>\u2705 The <strong>Marteau de guerre<\/strong> is a classic and iconic BattleMech in the <strong>BattleTech<\/strong> universe, a franchise that spans tabletop games, novels, video games, and other media. Originally designed for the Star League Defense Force and introduced in 2515, the Warhammer is a 70-ton heavy &#8216;Mech designed for both direct combat and long-range fire support. With its striking design, which includes two large arms with particle projector cannons (PPCs), the Warhammer is a symbol of raw power and a mainstay of countless battles across the Inner Sphere.&nbsp;<\/p>\n<p>\ud83d\udeabIMPORTANT !<\/p>\n<p>Product Name:&nbsp; BattleTech Warhammer&nbsp;<\/p>\n<p>Cat\u00e9gorie : Film<\/p>\n<p>This Kit Contains:&nbsp; C10094&nbsp;<\/p>\n<p>1310 pcs Good Quality Bricks<\/p>\n<p>Size:&nbsp; 11.5 x 8 x 9 cm&nbsp;<\/p>\n<p>Poids\u00a0: 0,58\u00a0kg&nbsp;<\/p>\n<p>Instructions PDF<\/p>\n<p>\ud83d\udcccNature du protagoniste<\/p>\n<p>Introducing our proud collection named \u201c BattleTech Warhammer\u201d you should not miss.<\/p>\n<p>&nbsp; In terms of design, the Warhammer has a rugged, practical appearance, with a boxy torso and two large, cannon-like arms. Its silhouette is instantly recognizable to BattleTech fans, and its no-nonsense aesthetic reflects its role as a workhorse in the BattleMech arsenal. The Warhammer\u2019s armor is respectable but not exceptional, making it slightly vulnerable in prolonged engagements, particularly if it overheats from prolonged use of its PPCs. Nevertheless, its design balances firepower with mobility, allowing it to serve as both a frontline attacker and a fire-support platform.&nbsp;<\/p><\/div>","protected":false},"excerpt":{"rendered":"<p>Marque : MOC Factory<br \/>\nGenre: Unisexe<br \/>\nTranche d&#039;\u00e2ge : &gt; 6 ans<br \/>\nModel Number: 163848<br \/>\nClassement : Assemblage<br \/>\nForme de bloc en plastique\u00a0: briques autobloquantes<br \/>\nMat\u00e9riel: Plastique<br \/>\nType de plastique : ABS<br \/>\nBricks Blocks: 1310 +<br \/>\nPas de boite d&#039;origine<br \/>\nLe produit n&#039;inclut pas l&#039;autocollant et les pi\u00e8ces imprim\u00e9es. Toutes les pi\u00e8ces imprim\u00e9es seront remplac\u00e9es par des pi\u00e8ces standard et ne seront pas livr\u00e9es avec des accessoires tiers.<\/p>","protected":false},"featured_media":61909,"comment_status":"open","ping_status":"closed","template":"","meta":{"_acf_changed":false},"product_cat":[1365,11927,371,581,1408],"product_tag":[12488,11072,8452,434,590,11824],"class_list":["product","first","instock","shipping-taxable","purchasable","product-type-simple"],"acf":[],"_links":{"self":[{"href":"https:\/\/mouldking.store\/fr\/wp-json\/wp\/v2\/product\/61910","targetHints":{"allow":["GET"]}}],"collection":[{"href":"https:\/\/mouldking.store\/fr\/wp-json\/wp\/v2\/product"}],"about":[{"href":"https:\/\/mouldking.store\/fr\/wp-json\/wp\/v2\/types\/product"}],"replies":[{"embeddable":true,"href":"https:\/\/mouldking.store\/fr\/wp-json\/wp\/v2\/comments?post=61910"}],"wp:featuredmedia":[{"embeddable":true,"href":"https:\/\/mouldking.store\/fr\/wp-json\/wp\/v2\/media\/61909"}],"wp:attachment":[{"href":"https:\/\/mouldking.store\/fr\/wp-json\/wp\/v2\/media?parent=61910"}],"wp:term":[{"taxonomy":"product_cat","embeddable":true,"href":"https:\/\/mouldking.store\/fr\/wp-json\/wp\/v2\/product_cat?post=61910"},{"taxonomy":"product_tag","embeddable":true,"href":"https:\/\/mouldking.store\/fr\/wp-json\/wp\/v2\/product_tag?post=61910"}],"curies":[{"name":"wp","href":"https:\/\/api.w.org\/{rel}","templated":true}]}}